{"id":627466,"date":"2025-08-28T09:23:29","date_gmt":"2025-08-28T07:23:29","guid":{"rendered":"https:\/\/lucacastelli.com\/prodotto\/helly-hansen-varde-fleece-jacket-2-0\/"},"modified":"2026-04-01T01:51:28","modified_gmt":"2026-03-31T23:51:28","slug":"helly-hansen-varde-fleece-jacket-2-0","status":"publish","type":"product","link":"https:\/\/lucacastelli.com\/fr\/produit\/helly-hansen-varde-fleece-jacket-2-0\/","title":{"rendered":"HELLY HANSEN VARDE FLEECE JACKET 2.0"},"content":{"rendered":"<div class=\"productDetailsSection_productDescriptionSection__FDg0y\">\n<div class=\"productDescription_productDescription__sJIE6\" data-mt-type=\"product-description\">\n<div class=\"richtext_wrapper__Apw4P productDescription_productDescriptionContent__0A3VB\">Con\u00e7ue pour les aventuriers intr\u00e9pides, la Varde est une veste r\u00e9alis\u00e9e en Polartec\u00ae Thermal\u00ae Pro\u2122 qui peut \u00eatre port\u00e9e seule ou comme une couche interm\u00e9diaire polyvalente. Cette polaire particuli\u00e8re offre de la chaleur sans \u00eatre trop volumineuse, de la durabilit\u00e9 et des propri\u00e9t\u00e9s de s\u00e9chage rapide. Con\u00e7ue dans le respect de l&#8217;environnement, la veste est r\u00e9alis\u00e9e \u00e0 plus de 70 % avec des mat\u00e9riaux recycl\u00e9s.  <\/div>\n<\/div>\n<\/div>\n<div class=\"productCollapseSection_productCollapseSection__6fb5x\">\n<div class=\"productCollapseSection_productCollapseSectionTitle__1Vh_4\">\n<h2 class=\"heading_default__uXoxn heading_style--h3__iT44T\">D\u00e9tails<\/h2>\n<\/div>\n<div class=\"productCollapseSection_productCollapseSectionContent__VJCb7\">\n<div class=\"productDetails_productDetails__g_C4N\">\n<p>Composition des fibres :<\/p>\n<div class=\"richtext_wrapper__Apw4P blocks_root__vE_15\">Coquille : 77% polyester (recycl\u00e9), 23% polyester. Doublure : 100% polyester <\/div>\n<p>Instructions d&#8217;entretien :<\/p>\n<div class=\"richtext_wrapper__Apw4P blocks_root__vE_15\">Fermez les fermetures \u00e9clair avant le lavage. Lavez avec des couleurs similaires. Ne pas utiliser d&#8217;assouplissant.<\/div>\n<div class=\"productDetails_productDetailsCols__K1qqI\">\n<div class=\"productDetails_productDetailsRow__bHp5_\">\n<div class=\"blocks_mobileInlineWrapper__N_Soc\">Poids:540g<\/div>\n<\/div>\n<\/div>\n<\/div>\n<\/div>\n<\/div>\n<div class=\"productCollapseSection_productCollapseSection__6fb5x productFeatures_root__BqPE9 productFeatures_twoColumnsList__vArq2\">\n<div class=\"productCollapseSection_productCollapseSectionTitle__1Vh_4\">\n<h2 class=\"heading_default__uXoxn heading_style--h3__iT44T\">Fonctionnalit\u00e9s<\/h2>\n<\/div>\n<div class=\"productCollapseSection_productCollapseSectionContent__VJCb7\">\n<ul>\n<li>Polartec\u00ae Thermal\u00ae Pro\u2122<\/li>\n<li>Logo Helly Hansen (HH) brod\u00e9<\/li>\n<li>Poches pour les mains<\/li>\n<li>Ourlet \u00e9lastique<\/li>\n<li>Col haut pour un meilleur confort<\/li>\n<li>produit bluesign<\/li>\n<li>Contenu recycl\u00e9<\/li>\n<\/ul>\n<\/div>\n<\/div>\n","protected":false},"excerpt":{"rendered":"<p>Con\u00e7ue pour les aventuriers intr\u00e9pides, la Varde est une veste r\u00e9alis\u00e9e en Polartec\u00ae Thermal\u00ae Pro\u2122 qui peut \u00eatre port\u00e9e seule<\/p>\n","protected":false},"featured_media":626489,"template":"","meta":{"_seopress_robots_primary_cat":"none","_seopress_titles_title":"","_seopress_titles_desc":"","_seopress_robots_index":""},"product_brand":[3425],"product_cat":[21,189,190],"product_tag":[],"class_list":{"0":"post-627466","1":"product","2":"type-product","3":"status-publish","4":"has-post-thumbnail","6":"product_brand-helly-hansen","7":"product_cat-abbigliamento","8":"product_cat-abbigliamento-per-il-tempo-libero","9":"product_cat-abbigliamento-da-uomo","10":"sws-gruppo-abb-libero-fr","11":"sws-conto-ricavi-merci-rivendita-abbigliamento-fr","12":"sws-gruppo-iva-iva81-fr","14":"first","15":"instock","16":"shipping-taxable","17":"purchasable","18":"product-type-variable","19":"has-default-attributes"},"_links":{"self":[{"href":"https:\/\/lucacastelli.com\/fr\/wp-json\/wp\/v2\/product\/627466","targetHints":{"allow":["GET"]}}],"collection":[{"href":"https:\/\/lucacastelli.com\/fr\/wp-json\/wp\/v2\/product"}],"about":[{"href":"https:\/\/lucacastelli.com\/fr\/wp-json\/wp\/v2\/types\/product"}],"wp:featuredmedia":[{"embeddable":true,"href":"https:\/\/lucacastelli.com\/fr\/wp-json\/wp\/v2\/media\/626489"}],"wp:attachment":[{"href":"https:\/\/lucacastelli.com\/fr\/wp-json\/wp\/v2\/media?parent=627466"}],"wp:term":[{"taxonomy":"product_brand","embeddable":true,"href":"https:\/\/lucacastelli.com\/fr\/wp-json\/wp\/v2\/product_brand?post=627466"},{"taxonomy":"product_cat","embeddable":true,"href":"https:\/\/lucacastelli.com\/fr\/wp-json\/wp\/v2\/product_cat?post=627466"},{"taxonomy":"product_tag","embeddable":true,"href":"https:\/\/lucacastelli.com\/fr\/wp-json\/wp\/v2\/product_tag?post=627466"}],"curies":[{"name":"wp","href":"https:\/\/api.w.org\/{rel}","templated":true}]}}