{"id":627387,"date":"2025-08-31T18:44:24","date_gmt":"2025-08-31T16:44:24","guid":{"rendered":"https:\/\/lucacastelli.com\/prodotto\/veste-pfanner-en-polartec\/"},"modified":"2026-04-14T02:53:25","modified_gmt":"2026-04-14T00:53:25","slug":"veste-pfanner-en-polartec","status":"publish","type":"product","link":"https:\/\/lucacastelli.com\/fr\/produit\/veste-pfanner-en-polartec\/","title":{"rendered":"Veste Pfanner en Polartec"},"content":{"rendered":"<p>Absence totale de membranes pour une respirabilit\u00e9 maximale. Gr\u00e2ce \u00e0 sa coupe parfaite et \u00e0 sa polaire extensible, la veste Polartec est id\u00e9ale comme compl\u00e9ment aux v\u00eatements techniques par basses temp\u00e9ratures ou pour prot\u00e9ger le corps du refroidissement apr\u00e8s des activit\u00e9s intenses. La polaire robuste et facile d\u2019entretien est \u00e9galement dot\u00e9e d\u2019un col montant et d\u2019une protection pour le menton.  <\/p>\n<ul>\n<li style=\"list-style-type: none;\">\n<ul>\n<li>Mati\u00e8re originale Polartec\u00ae Power Stretch\u2122 Pro<\/li>\n<li>Nouvelle coupe am\u00e9lior\u00e9e et manches pr\u00e9form\u00e9es<\/li>\n<\/ul>\n<\/li>\n<\/ul>\n<p>Tr\u00e8s confortable \u00e0 porter. Libert\u00e9 de mouvement gr\u00e2ce \u00e0 la polaire extensible<\/p>\n<ul>\n<li>Col montant contre le vent et l\u2019humidit\u00e9<\/li>\n<li>Poche suppl\u00e9mentaire sur la manche avec porte-stylos<\/li>\n<li>100 % sans membrane<\/li>\n<li>Facile \u00e0 laver<\/li>\n<\/ul>\n<p><b>Mat\u00e9riau :<\/b><\/p>\n<p>52% PES, 39% nylon, 9% \u00e9lasthanne<\/p>\n<p><b><strong>Tailles :<\/strong><\/b><\/p>\n<p>XS &#8211; XL, tailles plus : XXL &#8211; 3XL<\/p>\n","protected":false},"excerpt":{"rendered":"<p>Absence totale de membranes pour une respirabilit\u00e9 maximale. Gr\u00e2ce \u00e0 sa coupe parfaite et \u00e0 sa polaire extensible, la veste<\/p>\n","protected":false},"featured_media":627117,"template":"","meta":{"_seopress_robots_primary_cat":"none","_seopress_titles_title":"","_seopress_titles_desc":"","_seopress_robots_index":""},"product_brand":[3458],"product_cat":[21,284,189,190],"product_tag":[],"class_list":{"0":"post-627387","1":"product","2":"type-product","3":"status-publish","4":"has-post-thumbnail","6":"product_brand-pfanner","7":"product_cat-abbigliamento","8":"product_cat-abbigliamento-da-lavoro","9":"product_cat-abbigliamento-per-il-tempo-libero","10":"product_cat-abbigliamento-da-uomo","11":"sws-gruppo-no-gruppo-fr","12":"sws-conto-ricavi-merci-rivendita-abbigliamento-fr","13":"sws-gruppo-iva-iva81-fr","15":"first","16":"instock","17":"shipping-taxable","18":"purchasable","19":"product-type-variable","20":"has-default-attributes"},"_links":{"self":[{"href":"https:\/\/lucacastelli.com\/fr\/wp-json\/wp\/v2\/product\/627387","targetHints":{"allow":["GET"]}}],"collection":[{"href":"https:\/\/lucacastelli.com\/fr\/wp-json\/wp\/v2\/product"}],"about":[{"href":"https:\/\/lucacastelli.com\/fr\/wp-json\/wp\/v2\/types\/product"}],"wp:featuredmedia":[{"embeddable":true,"href":"https:\/\/lucacastelli.com\/fr\/wp-json\/wp\/v2\/media\/627117"}],"wp:attachment":[{"href":"https:\/\/lucacastelli.com\/fr\/wp-json\/wp\/v2\/media?parent=627387"}],"wp:term":[{"taxonomy":"product_brand","embeddable":true,"href":"https:\/\/lucacastelli.com\/fr\/wp-json\/wp\/v2\/product_brand?post=627387"},{"taxonomy":"product_cat","embeddable":true,"href":"https:\/\/lucacastelli.com\/fr\/wp-json\/wp\/v2\/product_cat?post=627387"},{"taxonomy":"product_tag","embeddable":true,"href":"https:\/\/lucacastelli.com\/fr\/wp-json\/wp\/v2\/product_tag?post=627387"}],"curies":[{"name":"wp","href":"https:\/\/api.w.org\/{rel}","templated":true}]}}