{"id":625441,"date":"2026-03-02T11:39:51","date_gmt":"2026-03-02T10:39:51","guid":{"rendered":"https:\/\/lucacastelli.com\/?post_type=product&#038;p=625441"},"modified":"2026-03-25T16:09:33","modified_gmt":"2026-03-25T15:09:33","slug":"la-sportiva-aequilibrium-lt-gtx-copia","status":"publish","type":"product","link":"https:\/\/lucacastelli.com\/fr\/produit\/la-sportiva-aequilibrium-lt-gtx-copia\/","title":{"rendered":"LA SPORTIVA Aequilibrium LT GTX"},"content":{"rendered":"<p>Chaussure de randonn\u00e9e technique, id\u00e9ale pour le backpacking et les marches de plusieurs jours en altitude.<\/p>\n<p>DESCRIPTION<br \/>\nL\u2019Aequilibrium LT GTX est la chaussure de randonn\u00e9e alpine pour charges lourdes, id\u00e9ale pour le backpacking et les marches de plusieurs jours en altitude. Marchabilit\u00e9 exceptionnelle gr\u00e2ce \u00e0 la construction innovante du talon Double Heel\u2122 : la g\u00e9om\u00e9trie \u00e0 double crampon arri\u00e8re tr\u00e8s prononc\u00e9 augmente l\u2019effet de freinage en descente et permet un d\u00e9roul\u00e9 plus fluide, r\u00e9duisant la fatigue musculaire. Durabilit\u00e9 et l\u00e9g\u00e8ret\u00e9 cohabitent en harmonie gr\u00e2ce au nouveau bloc semelle\/intersemelle avec construction \u00e0 coque Rubber Guard\u2122 externe et mousse interne pour un amorti accentu\u00e9 et une l\u00e9g\u00e8ret\u00e9 issue d\u2019une utilisation r\u00e9duite de couches de caoutchouc. La forme est Ergonomic : enveloppante et pr\u00e9cise avec des coques en TPU int\u00e9gr\u00e9es \u00e0 la pointe et au talon pour renforcer l\u2019empeigne. La jonction directionnelle 3D Flex System Evo\u2122 avec mall\u00e9ole profil\u00e9e et protection anti-abrasion permet un meilleur contr\u00f4le de l\u2019appui et une mobilit\u00e9 parfaite de la cheville. Semelle Vibram\u00ae SpringLug Tech avec crampons Impact Brake System pour une meilleure adaptabilit\u00e9 aux surfaces rocheuses dures.    <\/p>\n<p>Empeigne :<br \/>\nNubuck + inserts en tissu anti-abrasion<\/p>\n<p>Doublure :<br \/>\nGORE-TEX Performance Comfort<\/p>\n<p>Semelle int\u00e9rieure&nbsp;:<br \/>\n Nylon rempli de carbone<\/p>\n<p>Semelle interm\u00e9diaire&nbsp;:<br \/>\nAucun<\/p>\n<p>Semelle :<br \/>\nSemelle d\u2019usure en caoutchouc Vibram\u00ae SpringLug Tech et PU expans\u00e9 interne<\/p>\n<p>Poids :<br \/>\n 640 g (1\/2 paire)<\/p>\n","protected":false},"excerpt":{"rendered":"<p>Chaussure de randonn\u00e9e technique, id\u00e9ale pour le backpacking et les marches de plusieurs jours en altitude. DESCRIPTION L\u2019Aequilibrium LT GTX<\/p>\n","protected":false},"featured_media":90275,"template":"","meta":{"_seopress_robots_primary_cat":"none","_seopress_titles_title":"","_seopress_titles_desc":"","_seopress_robots_index":""},"product_brand":[3648],"product_cat":[173,1420,1432],"product_tag":[],"class_list":{"0":"post-625441","1":"product","2":"type-product","3":"status-publish","4":"has-post-thumbnail","6":"product_brand-la-sportiva-fr","7":"product_cat-chaussures","8":"product_cat-chaussures-de-loisirs","9":"product_cat-chaussures-pour-hommes","11":"first","12":"instock","13":"sale","14":"shipping-taxable","15":"purchasable","16":"product-type-variable","17":"has-default-attributes"},"_links":{"self":[{"href":"https:\/\/lucacastelli.com\/fr\/wp-json\/wp\/v2\/product\/625441","targetHints":{"allow":["GET"]}}],"collection":[{"href":"https:\/\/lucacastelli.com\/fr\/wp-json\/wp\/v2\/product"}],"about":[{"href":"https:\/\/lucacastelli.com\/fr\/wp-json\/wp\/v2\/types\/product"}],"wp:featuredmedia":[{"embeddable":true,"href":"https:\/\/lucacastelli.com\/fr\/wp-json\/wp\/v2\/media\/90275"}],"wp:attachment":[{"href":"https:\/\/lucacastelli.com\/fr\/wp-json\/wp\/v2\/media?parent=625441"}],"wp:term":[{"taxonomy":"product_brand","embeddable":true,"href":"https:\/\/lucacastelli.com\/fr\/wp-json\/wp\/v2\/product_brand?post=625441"},{"taxonomy":"product_cat","embeddable":true,"href":"https:\/\/lucacastelli.com\/fr\/wp-json\/wp\/v2\/product_cat?post=625441"},{"taxonomy":"product_tag","embeddable":true,"href":"https:\/\/lucacastelli.com\/fr\/wp-json\/wp\/v2\/product_tag?post=625441"}],"curies":[{"name":"wp","href":"https:\/\/api.w.org\/{rel}","templated":true}]}}