{"id":625343,"date":"2025-08-20T22:40:37","date_gmt":"2025-08-20T20:40:37","guid":{"rendered":"https:\/\/lucacastelli.com\/prodotto\/pfanner-stretchflex-kepro\/"},"modified":"2026-04-14T04:02:27","modified_gmt":"2026-04-14T02:02:27","slug":"pfanner-stretchflex-kepro","status":"publish","type":"product","link":"https:\/\/lucacastelli.com\/fr\/produit\/pfanner-stretchflex-kepro\/","title":{"rendered":"PFANNER StretchFlex\u00ae Kepro"},"content":{"rendered":"<p>Le gant StretchFlex\u00ae Kepro est un gant en cuir de ch\u00e8vre extr\u00eamement r\u00e9sistant pour les travaux intensifs. Lors de travaux huileux et graisseux, le renfort Kepro garantit une prise optimale. Le renfort Kepro am\u00e9liore \u00e9galement la r\u00e9sistance \u00e0 l\u2019abrasion du gant. La technologie StretchFlex\u00ae pr\u00e9serve la libert\u00e9 de mouvement de la main et rend le gant adapt\u00e9 \u00e0 un usage quotidien.<br \/>\n-Technologie StretchFlex\u00ae<br \/>\n-R\u00e9sistance \u00e0 l\u2019abrasion gr\u00e2ce au renfort Kepro<br \/>\n-Couture int\u00e9rieure r\u00e9sistante sur le poignet velcro<br \/>\n-Poignet \u00e9lastique avec velcro<br \/>\n-Pour travaux huileux et sales<br \/>\n-Pouce et dos de la main \u00e9lastiques   <\/p>\n<p>Mat\u00e9riau : cuir de ch\u00e8vre, polyester, Armortex\u00aePU<br \/>\nNormes : EN 388 \/ 2.1.2.2.X.<\/p>\n","protected":false},"excerpt":{"rendered":"<p>Le gant StretchFlex\u00ae Kepro est un gant en cuir de ch\u00e8vre extr\u00eamement r\u00e9sistant pour les travaux intensifs. Lors de travaux<\/p>\n","protected":false},"featured_media":623843,"template":"","meta":{"_seopress_robots_primary_cat":"none","_seopress_titles_title":"","_seopress_titles_desc":"","_seopress_robots_index":""},"product_brand":[3458],"product_cat":[21,284,186],"product_tag":[],"class_list":{"0":"post-625343","1":"product","2":"type-product","3":"status-publish","4":"has-post-thumbnail","6":"product_brand-pfanner","7":"product_cat-abbigliamento","8":"product_cat-abbigliamento-da-lavoro","9":"product_cat-accessori-per-labbigliamento","10":"sws-gruppo-no-gruppo-fr","11":"sws-conto-ricavi-merci-rivendita-abbigliamento-fr","12":"sws-gruppo-iva-iva81-fr","14":"first","15":"instock","16":"shipping-taxable","17":"purchasable","18":"product-type-variable"},"_links":{"self":[{"href":"https:\/\/lucacastelli.com\/fr\/wp-json\/wp\/v2\/product\/625343","targetHints":{"allow":["GET"]}}],"collection":[{"href":"https:\/\/lucacastelli.com\/fr\/wp-json\/wp\/v2\/product"}],"about":[{"href":"https:\/\/lucacastelli.com\/fr\/wp-json\/wp\/v2\/types\/product"}],"wp:featuredmedia":[{"embeddable":true,"href":"https:\/\/lucacastelli.com\/fr\/wp-json\/wp\/v2\/media\/623843"}],"wp:attachment":[{"href":"https:\/\/lucacastelli.com\/fr\/wp-json\/wp\/v2\/media?parent=625343"}],"wp:term":[{"taxonomy":"product_brand","embeddable":true,"href":"https:\/\/lucacastelli.com\/fr\/wp-json\/wp\/v2\/product_brand?post=625343"},{"taxonomy":"product_cat","embeddable":true,"href":"https:\/\/lucacastelli.com\/fr\/wp-json\/wp\/v2\/product_cat?post=625343"},{"taxonomy":"product_tag","embeddable":true,"href":"https:\/\/lucacastelli.com\/fr\/wp-json\/wp\/v2\/product_tag?post=625343"}],"curies":[{"name":"wp","href":"https:\/\/api.w.org\/{rel}","templated":true}]}}