{"id":625336,"date":"2025-08-20T21:56:31","date_gmt":"2025-08-20T19:56:31","guid":{"rendered":"https:\/\/lucacastelli.com\/prodotto\/pfanner-arborist-combinaison-de-protection-resistante-aux-coupures\/"},"modified":"2026-04-14T04:11:34","modified_gmt":"2026-04-14T02:11:34","slug":"pfanner-arborist-combinaison-de-protection-resistante-aux-coupures","status":"publish","type":"product","link":"https:\/\/lucacastelli.com\/fr\/produit\/pfanner-arborist-combinaison-de-protection-resistante-aux-coupures\/","title":{"rendered":"Combinaison de protection anti-coupure PFANNER Arborist"},"content":{"rendered":"<p>Cette combinaison l\u00e9g\u00e8re avec protection anti-coupure en Dyneema a \u00e9t\u00e9 con\u00e7ue sp\u00e9cialement pour les arboristes n\u00e9cessitant une protection anti-coupure jusqu\u2019\u00e0 la poitrine. Le tissu \u00e9lastique StretchAIR\u00ae et la coupe ajust\u00e9e garantissent une libert\u00e9 de mouvement maximale. La fonctionnalit\u00e9 est perfectionn\u00e9e par la technologie KlimaAIR\u00ae et le dos est prot\u00e9g\u00e9 de mani\u00e8re optimale contre le vent et les intemp\u00e9ries.<br \/>\n-Protection anti-coupure continue de classe 1 jusqu\u2019\u00e0 la poitrine<br \/>\n-Technologie KlimaAIR\u00ae<br \/>\n-Technologie StretchAIR\u00ae<br \/>\n-Renforts Keprotec\u00ae aux genoux et \u00e0 l\u2019int\u00e9rieur<br \/>\n-Partie sup\u00e9rieure r\u00e9glable par velcro<br \/>\n-Gu\u00eatres amovibles  <\/p>\n<p>Mat\u00e9riau :<br \/>\nTissu extensible : 92 % polyamide, 8 % \u00e9lasthanne<br \/>\nDoublure : 100 % polyester Cocona<br \/>\nProtection anti-coupure : Avertic Engtex Pro (classe 1, 20 m\/s)<br \/>\nNormes : EN 381-5 classe 1 \/ type A<\/p>\n","protected":false},"excerpt":{"rendered":"<p>Cette combinaison l\u00e9g\u00e8re avec protection anti-coupure en Dyneema a \u00e9t\u00e9 con\u00e7ue sp\u00e9cialement pour les arboristes n\u00e9cessitant une protection anti-coupure jusqu\u2019\u00e0<\/p>\n","protected":false},"featured_media":623755,"template":"","meta":{"_seopress_robots_primary_cat":"none","_seopress_titles_title":"","_seopress_titles_desc":"","_seopress_robots_index":""},"product_brand":[3458],"product_cat":[21,284],"product_tag":[],"class_list":{"0":"post-625336","1":"product","2":"type-product","3":"status-publish","4":"has-post-thumbnail","6":"product_brand-pfanner","7":"product_cat-abbigliamento","8":"product_cat-abbigliamento-da-lavoro","9":"sws-gruppo-no-gruppo-fr","10":"sws-conto-ricavi-merci-rivendita-abbigliamento-fr","11":"sws-gruppo-iva-iva81-fr","13":"first","14":"instock","15":"shipping-taxable","16":"purchasable","17":"product-type-variable"},"_links":{"self":[{"href":"https:\/\/lucacastelli.com\/fr\/wp-json\/wp\/v2\/product\/625336","targetHints":{"allow":["GET"]}}],"collection":[{"href":"https:\/\/lucacastelli.com\/fr\/wp-json\/wp\/v2\/product"}],"about":[{"href":"https:\/\/lucacastelli.com\/fr\/wp-json\/wp\/v2\/types\/product"}],"wp:featuredmedia":[{"embeddable":true,"href":"https:\/\/lucacastelli.com\/fr\/wp-json\/wp\/v2\/media\/623755"}],"wp:attachment":[{"href":"https:\/\/lucacastelli.com\/fr\/wp-json\/wp\/v2\/media?parent=625336"}],"wp:term":[{"taxonomy":"product_brand","embeddable":true,"href":"https:\/\/lucacastelli.com\/fr\/wp-json\/wp\/v2\/product_brand?post=625336"},{"taxonomy":"product_cat","embeddable":true,"href":"https:\/\/lucacastelli.com\/fr\/wp-json\/wp\/v2\/product_cat?post=625336"},{"taxonomy":"product_tag","embeddable":true,"href":"https:\/\/lucacastelli.com\/fr\/wp-json\/wp\/v2\/product_tag?post=625336"}],"curies":[{"name":"wp","href":"https:\/\/api.w.org\/{rel}","templated":true}]}}