{"id":625321,"date":"2025-08-20T22:07:36","date_gmt":"2025-08-20T20:07:36","guid":{"rendered":"https:\/\/lucacastelli.com\/prodotto\/pfanner-stretchflex-allround\/"},"modified":"2026-04-14T04:11:51","modified_gmt":"2026-04-14T02:11:51","slug":"pfanner-stretchflex-allround","status":"publish","type":"product","link":"https:\/\/lucacastelli.com\/fr\/produit\/pfanner-stretchflex-allround\/","title":{"rendered":"PFANNER StretchFlex\u00ae Allround"},"content":{"rendered":"<p>Le gant Allround est un gant souple et l\u00e9ger en cuir de ch\u00e8vre. Le tissu en maille de coton 1\/1 sur le dos de la main et le pouce garantit une grande \u00e9lasticit\u00e9. Un \u00e9lastique au poignet assure un bon maintien du gant m\u00eame sans manchette.<br \/>\n-Technologie StretchFlex\u00ae<br \/>\n-Dos \u00e9lastique en maille<br \/>\n-\u00c9lastique au poignet<br \/>\n-Facile \u00e0 enfiler et \u00e0 retirer<br \/>\n-Pouce ergonomique enti\u00e8rement en cuir  <\/p>\n<p>Mat\u00e9riau : 80% cuir de ch\u00e8vre 20% coton<br \/>\nNormes : EN 388 \/ 2.1.2.2.x.<\/p>\n","protected":false},"excerpt":{"rendered":"<p>Le gant Allround est un gant souple et l\u00e9ger en cuir de ch\u00e8vre. Le tissu en maille de coton 1\/1<\/p>\n","protected":false},"featured_media":623777,"template":"","meta":{"_seopress_robots_primary_cat":"","_seopress_titles_title":"","_seopress_titles_desc":"","_seopress_robots_index":""},"product_brand":[3458],"product_cat":[21,284,186],"product_tag":[],"class_list":{"0":"post-625321","1":"product","2":"type-product","3":"status-publish","4":"has-post-thumbnail","6":"product_brand-pfanner","7":"product_cat-abbigliamento","8":"product_cat-abbigliamento-da-lavoro","9":"product_cat-accessori-per-labbigliamento","10":"sws-gruppo-no-gruppo-fr","11":"sws-conto-ricavi-merci-rivendita-abbigliamento-fr","12":"sws-gruppo-iva-iva81-fr","14":"first","15":"instock","16":"shipping-taxable","17":"purchasable","18":"product-type-variable"},"_links":{"self":[{"href":"https:\/\/lucacastelli.com\/fr\/wp-json\/wp\/v2\/product\/625321","targetHints":{"allow":["GET"]}}],"collection":[{"href":"https:\/\/lucacastelli.com\/fr\/wp-json\/wp\/v2\/product"}],"about":[{"href":"https:\/\/lucacastelli.com\/fr\/wp-json\/wp\/v2\/types\/product"}],"wp:featuredmedia":[{"embeddable":true,"href":"https:\/\/lucacastelli.com\/fr\/wp-json\/wp\/v2\/media\/623777"}],"wp:attachment":[{"href":"https:\/\/lucacastelli.com\/fr\/wp-json\/wp\/v2\/media?parent=625321"}],"wp:term":[{"taxonomy":"product_brand","embeddable":true,"href":"https:\/\/lucacastelli.com\/fr\/wp-json\/wp\/v2\/product_brand?post=625321"},{"taxonomy":"product_cat","embeddable":true,"href":"https:\/\/lucacastelli.com\/fr\/wp-json\/wp\/v2\/product_cat?post=625321"},{"taxonomy":"product_tag","embeddable":true,"href":"https:\/\/lucacastelli.com\/fr\/wp-json\/wp\/v2\/product_tag?post=625321"}],"curies":[{"name":"wp","href":"https:\/\/api.w.org\/{rel}","templated":true}]}}