{"id":625311,"date":"2025-08-20T21:50:14","date_gmt":"2025-08-20T19:50:14","guid":{"rendered":"https:\/\/lucacastelli.com\/prodotto\/pfanner-schnittschutzbeinlinge-typ-c\/"},"modified":"2026-04-14T04:11:30","modified_gmt":"2026-04-14T02:11:30","slug":"pfanner-schnittschutzbeinlinge-typ-c","status":"publish","type":"product","link":"https:\/\/lucacastelli.com\/fr\/produit\/pfanner-schnittschutzbeinlinge-typ-c\/","title":{"rendered":"Jambi\u00e8res de protection anti-coupure PFANNER Type C"},"content":{"rendered":"<p>Les jambi\u00e8res anti-coupure de type C sont la solution id\u00e9ale pour une utilisation rapide. Elles s\u2019enfilent en seulement 20 secondes et sont r\u00e9glables en largeur gr\u00e2ce \u00e0 la ceinture velcro et \u00e0 la fermeture \u00e9clair. La protection anti-coupure de classe 1 est appliqu\u00e9e sur tout le pourtour, offrant ainsi la protection maximale possible. Ces jambi\u00e8res pratiques devraient toujours \u00eatre \u00e0 port\u00e9e de main lors de travaux \u00e0 la tron\u00e7onneuse. Nos jambi\u00e8res sont \u00e9galement disponibles en version type A (r\u00e9f. art. 804132) avec fermeture velcro.<br \/>\n&#8211; Protection anti-coupure de classe 1<br \/>\n&#8211; Circonf\u00e9rence r\u00e9glable par ceinture velcro<br \/>\n&#8211; Bandes r\u00e9fl\u00e9chissantes incluses<br \/>\n&#8211; Possibilit\u00e9 de les enfiler sans retirer ses chaussures<br \/>\n&#8211; Fermeture et r\u00e9glage de la taille par fermeture \u00e9clair<\/p>\n<p>Mat\u00e9riau :<br \/>\nTissu ext\u00e9rieur : 65 % polyester, 35 % coton<br \/>\nDoublure : 100 % polyester<br \/>\nProtection anti-coupure : Avertic Engtex Pro (classe 1, 20 m\/s)<br \/>\nTailles : taille unique S-XXL, peuvent \u00eatre port\u00e9es sur des v\u00eatements de travail et sont r\u00e9glables par fermeture \u00e9clair !<\/p>\n","protected":false},"excerpt":{"rendered":"<p>Les jambi\u00e8res anti-coupure de type C sont la solution id\u00e9ale pour une utilisation rapide. Elles s\u2019enfilent en seulement 20 secondes<\/p>\n","protected":false},"featured_media":623748,"template":"","meta":{"_seopress_robots_primary_cat":"","_seopress_titles_title":"","_seopress_titles_desc":"","_seopress_robots_index":""},"product_brand":[3458],"product_cat":[21,284],"product_tag":[],"class_list":{"0":"post-625311","1":"product","2":"type-product","3":"status-publish","4":"has-post-thumbnail","6":"product_brand-pfanner","7":"product_cat-abbigliamento","8":"product_cat-abbigliamento-da-lavoro","9":"sws-gruppo-no-gruppo-fr","10":"sws-conto-ricavi-merci-rivendita-abbigliamento-fr","11":"sws-gruppo-iva-iva81-fr","13":"first","14":"instock","15":"shipping-taxable","16":"purchasable","17":"product-type-simple"},"_links":{"self":[{"href":"https:\/\/lucacastelli.com\/fr\/wp-json\/wp\/v2\/product\/625311","targetHints":{"allow":["GET"]}}],"collection":[{"href":"https:\/\/lucacastelli.com\/fr\/wp-json\/wp\/v2\/product"}],"about":[{"href":"https:\/\/lucacastelli.com\/fr\/wp-json\/wp\/v2\/types\/product"}],"wp:featuredmedia":[{"embeddable":true,"href":"https:\/\/lucacastelli.com\/fr\/wp-json\/wp\/v2\/media\/623748"}],"wp:attachment":[{"href":"https:\/\/lucacastelli.com\/fr\/wp-json\/wp\/v2\/media?parent=625311"}],"wp:term":[{"taxonomy":"product_brand","embeddable":true,"href":"https:\/\/lucacastelli.com\/fr\/wp-json\/wp\/v2\/product_brand?post=625311"},{"taxonomy":"product_cat","embeddable":true,"href":"https:\/\/lucacastelli.com\/fr\/wp-json\/wp\/v2\/product_cat?post=625311"},{"taxonomy":"product_tag","embeddable":true,"href":"https:\/\/lucacastelli.com\/fr\/wp-json\/wp\/v2\/product_tag?post=625311"}],"curies":[{"name":"wp","href":"https:\/\/api.w.org\/{rel}","templated":true}]}}