{"id":625304,"date":"2025-08-20T22:27:32","date_gmt":"2025-08-20T20:27:32","guid":{"rendered":"https:\/\/lucacastelli.com\/prodotto\/pfanner-vario-fold-back-thermo\/"},"modified":"2026-04-14T04:09:45","modified_gmt":"2026-04-14T02:09:45","slug":"pfanner-vario-fold-back-thermo","status":"publish","type":"product","link":"https:\/\/lucacastelli.com\/fr\/produit\/pfanner-vario-fold-back-thermo\/","title":{"rendered":"PFANNER Vario Fold-Back Thermo"},"content":{"rendered":"<p>Absolument coupe-vent et polyvalent : le Vario Fold-Back Thermo est une combinaison pratique de gants et de moufles ! Le chauffe-doigts coupe-vent est fabriqu\u00e9 dans un tissu softshell l\u00e9g\u00e8rement rembourr\u00e9. La paume en cuir rend le gant tr\u00e8s r\u00e9sistant. Gr\u00e2ce \u00e0 la composition du mat\u00e9riau, compos\u00e9 de tissus respirants et r\u00e9sistants aux intemp\u00e9ries, le gant est adapt\u00e9 \u00e0 une utilisation \u00e0 basse temp\u00e9rature pour une sensibilit\u00e9 maximale des doigts. Le grand avantage est la possibilit\u00e9 de d\u00e9couvrir le bout des doigts ou de les prot\u00e9ger avec le rabat lorsqu\u2019il fait froid.<br \/>\n&#8211; Absolument coupe-vent<br \/>\n&#8211; Paume en cuir renforc\u00e9e<br \/>\n&#8211; Boucles int\u00e9gr\u00e9es pour retirer les gants<br \/>\n&#8211; Finition de haute qualit\u00e9<br \/>\n&#8211; \u00c0 porter avec les doigts libres ou comme moufles    <\/p>\n<p>Mati\u00e8re : polyester, cuir de ch\u00e8vre<br \/>\nTailles : S\/7 \u2013 3XL\/12<\/p>\n","protected":false},"excerpt":{"rendered":"<p>Absolument coupe-vent et polyvalent : le Vario Fold-Back Thermo est une combinaison pratique de gants et de moufles ! Le<\/p>\n","protected":false},"featured_media":623817,"template":"","meta":{"_seopress_robots_primary_cat":"none","_seopress_titles_title":"","_seopress_titles_desc":"","_seopress_robots_index":""},"product_brand":[3669],"product_cat":[1390,81,1381],"product_tag":[],"class_list":{"0":"post-625304","1":"product","2":"type-product","3":"status-publish","4":"has-post-thumbnail","6":"product_brand-pfanner-fr","7":"product_cat-accessoires-dhabillement","8":"product_cat-vetements","9":"product_cat-vetements-de-travail","10":"sws-gruppo-no-gruppo-fr","11":"sws-conto-ricavi-merci-rivendita-abbigliamento-fr","12":"sws-gruppo-iva-iva81-fr","14":"first","15":"instock","16":"shipping-taxable","17":"purchasable","18":"product-type-variable"},"_links":{"self":[{"href":"https:\/\/lucacastelli.com\/fr\/wp-json\/wp\/v2\/product\/625304","targetHints":{"allow":["GET"]}}],"collection":[{"href":"https:\/\/lucacastelli.com\/fr\/wp-json\/wp\/v2\/product"}],"about":[{"href":"https:\/\/lucacastelli.com\/fr\/wp-json\/wp\/v2\/types\/product"}],"wp:featuredmedia":[{"embeddable":true,"href":"https:\/\/lucacastelli.com\/fr\/wp-json\/wp\/v2\/media\/623817"}],"wp:attachment":[{"href":"https:\/\/lucacastelli.com\/fr\/wp-json\/wp\/v2\/media?parent=625304"}],"wp:term":[{"taxonomy":"product_brand","embeddable":true,"href":"https:\/\/lucacastelli.com\/fr\/wp-json\/wp\/v2\/product_brand?post=625304"},{"taxonomy":"product_cat","embeddable":true,"href":"https:\/\/lucacastelli.com\/fr\/wp-json\/wp\/v2\/product_cat?post=625304"},{"taxonomy":"product_tag","embeddable":true,"href":"https:\/\/lucacastelli.com\/fr\/wp-json\/wp\/v2\/product_tag?post=625304"}],"curies":[{"name":"wp","href":"https:\/\/api.w.org\/{rel}","templated":true}]}}