{"id":625279,"date":"2025-08-20T22:46:57","date_gmt":"2025-08-20T20:46:57","guid":{"rendered":"https:\/\/lucacastelli.com\/prodotto\/pfanner-wollfilzhandschuh-gr-l\/"},"modified":"2026-04-14T04:01:59","modified_gmt":"2026-04-14T02:01:59","slug":"pfanner-wollfilzhandschuh-gr-l","status":"publish","type":"product","link":"https:\/\/lucacastelli.com\/fr\/produit\/pfanner-wollfilzhandschuh-gr-l\/","title":{"rendered":"PFANNER Gant en feutre de laine taille L"},"content":{"rendered":"<p>Les gants en feutre de laine sont parfaits pour les journ\u00e9es froides o\u00f9 il est n\u00e9cessaire d&#8217;avoir les doigts libres. Ils peuvent \u00eatre port\u00e9s comme moufles ou comme gants sans doigts. Une fermeture \u00e0 pression permet de fixer le couvre-doigts sur le dos de la main. De plus, ces gants tricot\u00e9s sont confortables \u00e0 porter et disposent d&#8217;une paume antid\u00e9rapante.<br \/>\n-Gants tricot\u00e9s en feutre extra \u00e9pais<br \/>\n-\u00c0 porter comme moufles ou avec les doigts libres<br \/>\n-R\u00e9chauffent en cas de froid extr\u00eame<br \/>\n-Paume renforc\u00e9e et antid\u00e9rapante<br \/>\n-Doublure int\u00e9rieure en PrimaLoft\u00ae Gold   <\/p>\n<p>Mati\u00e8re : 85 % polyester 15 % polyamide<\/p>\n","protected":false},"excerpt":{"rendered":"<p>Les gants en feutre de laine sont parfaits pour les journ\u00e9es froides o\u00f9 il est n\u00e9cessaire d&#8217;avoir les doigts libres.<\/p>\n","protected":false},"featured_media":623856,"template":"","meta":{"_seopress_robots_primary_cat":"","_seopress_titles_title":"","_seopress_titles_desc":"","_seopress_robots_index":""},"product_brand":[3458],"product_cat":[21,284,189],"product_tag":[],"class_list":{"0":"post-625279","1":"product","2":"type-product","3":"status-publish","4":"has-post-thumbnail","6":"product_brand-pfanner","7":"product_cat-abbigliamento","8":"product_cat-abbigliamento-da-lavoro","9":"product_cat-abbigliamento-per-il-tempo-libero","10":"sws-gruppo-no-gruppo-fr","11":"sws-conto-ricavi-merci-rivendita-abbigliamento-fr","12":"sws-gruppo-iva-iva81-fr","14":"first","15":"instock","16":"shipping-taxable","17":"purchasable","18":"product-type-simple"},"_links":{"self":[{"href":"https:\/\/lucacastelli.com\/fr\/wp-json\/wp\/v2\/product\/625279","targetHints":{"allow":["GET"]}}],"collection":[{"href":"https:\/\/lucacastelli.com\/fr\/wp-json\/wp\/v2\/product"}],"about":[{"href":"https:\/\/lucacastelli.com\/fr\/wp-json\/wp\/v2\/types\/product"}],"wp:featuredmedia":[{"embeddable":true,"href":"https:\/\/lucacastelli.com\/fr\/wp-json\/wp\/v2\/media\/623856"}],"wp:attachment":[{"href":"https:\/\/lucacastelli.com\/fr\/wp-json\/wp\/v2\/media?parent=625279"}],"wp:term":[{"taxonomy":"product_brand","embeddable":true,"href":"https:\/\/lucacastelli.com\/fr\/wp-json\/wp\/v2\/product_brand?post=625279"},{"taxonomy":"product_cat","embeddable":true,"href":"https:\/\/lucacastelli.com\/fr\/wp-json\/wp\/v2\/product_cat?post=625279"},{"taxonomy":"product_tag","embeddable":true,"href":"https:\/\/lucacastelli.com\/fr\/wp-json\/wp\/v2\/product_tag?post=625279"}],"curies":[{"name":"wp","href":"https:\/\/api.w.org\/{rel}","templated":true}]}}