{"id":625232,"date":"2025-08-20T22:19:45","date_gmt":"2025-08-20T20:19:45","guid":{"rendered":"https:\/\/lucacastelli.com\/prodotto\/pfanner-keprotechnic\/"},"modified":"2026-04-14T04:09:49","modified_gmt":"2026-04-14T02:09:49","slug":"pfanner-keprotechnic","status":"publish","type":"product","link":"https:\/\/lucacastelli.com\/fr\/produit\/pfanner-keprotechnic\/","title":{"rendered":"PFANNER KeproTechnic"},"content":{"rendered":"<p>Le StretchFlex\u00ae KeproTechnic est un gant robuste et ergonomique fabriqu\u00e9 en tissu Alcantara de haute qualit\u00e9. Il est dot\u00e9 d\u2019un renfort ergonomique Kepro pour une prise optimale. Bouts des doigts antid\u00e9rapants, dos extra souple et \u00e9lastique. Cela fait du StretchFlex\u00ae KeproTechnic le gant id\u00e9al pour les travaux exigeant une pr\u00e9cision motrice. Le StretchFlex\u00ae KeproTechnic est facile \u00e0 nettoyer et lavable \u00e0 30 \u00b0C sans compromettre le confort, m\u00eame apr\u00e8s des utilisations et lavages r\u00e9p\u00e9t\u00e9s.<br \/>\n-Id\u00e9al pour les travaux exigeant une pr\u00e9cision motrice<br \/>\n-Bouts des doigts antid\u00e9rapants<br \/>\n-Technologie StretchFlex\u00ae<br \/>\n-Poignet en n\u00e9opr\u00e8ne hautement \u00e9lastique avec fermeture velcro<br \/>\n-Couture int\u00e9rieure r\u00e9sistante \u00e0 l\u2019abrasion<br \/>\n-Renfort ergonomique Kepro sur la paume<br \/>\n-Renfort en cuir sans couture sur le pouce et l\u2019index    <\/p>\n<p>&nbsp;<\/p>\n<p>Mat\u00e9riau : tissu Alcantara, renfort en cuir v\u00e9ritable sur le pouce et l\u2019index<br \/>\nNormes : EN 388 \/ 2.1.3.1.X.<\/p>\n","protected":false},"excerpt":{"rendered":"<p>Le StretchFlex\u00ae KeproTechnic est un gant robuste et ergonomique fabriqu\u00e9 en tissu Alcantara de haute qualit\u00e9. Il est dot\u00e9 d\u2019un<\/p>\n","protected":false},"featured_media":623805,"template":"","meta":{"_seopress_robots_primary_cat":"none","_seopress_titles_title":"","_seopress_titles_desc":"","_seopress_robots_index":""},"product_brand":[3669],"product_cat":[1390,81,1381],"product_tag":[],"class_list":{"0":"post-625232","1":"product","2":"type-product","3":"status-publish","4":"has-post-thumbnail","6":"product_brand-pfanner-fr","7":"product_cat-accessoires-dhabillement","8":"product_cat-vetements","9":"product_cat-vetements-de-travail","10":"sws-gruppo-no-gruppo-fr","11":"sws-conto-ricavi-merci-rivendita-abbigliamento-fr","12":"sws-gruppo-iva-iva81-fr","14":"first","15":"instock","16":"shipping-taxable","17":"purchasable","18":"product-type-variable"},"_links":{"self":[{"href":"https:\/\/lucacastelli.com\/fr\/wp-json\/wp\/v2\/product\/625232","targetHints":{"allow":["GET"]}}],"collection":[{"href":"https:\/\/lucacastelli.com\/fr\/wp-json\/wp\/v2\/product"}],"about":[{"href":"https:\/\/lucacastelli.com\/fr\/wp-json\/wp\/v2\/types\/product"}],"wp:featuredmedia":[{"embeddable":true,"href":"https:\/\/lucacastelli.com\/fr\/wp-json\/wp\/v2\/media\/623805"}],"wp:attachment":[{"href":"https:\/\/lucacastelli.com\/fr\/wp-json\/wp\/v2\/media?parent=625232"}],"wp:term":[{"taxonomy":"product_brand","embeddable":true,"href":"https:\/\/lucacastelli.com\/fr\/wp-json\/wp\/v2\/product_brand?post=625232"},{"taxonomy":"product_cat","embeddable":true,"href":"https:\/\/lucacastelli.com\/fr\/wp-json\/wp\/v2\/product_cat?post=625232"},{"taxonomy":"product_tag","embeddable":true,"href":"https:\/\/lucacastelli.com\/fr\/wp-json\/wp\/v2\/product_tag?post=625232"}],"curies":[{"name":"wp","href":"https:\/\/api.w.org\/{rel}","templated":true}]}}