{"id":625222,"date":"2025-08-20T22:52:30","date_gmt":"2025-08-20T20:52:30","guid":{"rendered":"https:\/\/lucacastelli.com\/prodotto\/pfanner-flexprotect-protection-du-bras-et-protection-contre-les-coupures-droite\/"},"modified":"2026-04-14T04:02:31","modified_gmt":"2026-04-14T02:02:31","slug":"pfanner-flexprotect-protection-du-bras-et-protection-contre-les-coupures-droite","status":"publish","type":"product","link":"https:\/\/lucacastelli.com\/fr\/produit\/pfanner-flexprotect-protection-du-bras-et-protection-contre-les-coupures-droite\/","title":{"rendered":"PFANNER Flexprotect Protection pour bras et protection contre les coupures droite"},"content":{"rendered":"<p>Flexprotect offre une protection anti-coupure de classe 1 de la base des doigts sur toute la partie de l&#8217;avant-bras. Une boucle pour le pouce et l&#8217;auriculaire emp\u00eache la protection anti-coupure pour le bras de tourner. Flexprotect est id\u00e9al pour pr\u00e9venir les blessures avec la scie \u00e0 main.<br \/>\n-Protection anti-coupure Dyneema classe 1<br \/>\n-Poignet tricot\u00e9 pour emp\u00eacher la p\u00e9n\u00e9tration de copeaux<br \/>\n-Une boucle pour le pouce et l&#8217;auriculaire emp\u00eache la protection anti-coupure du bras de tourner<br \/>\n-8 cm de plus sur le dos de la main  <\/p>\n<p>Mat\u00e9riau :<br \/>\nMat\u00e9riau ext\u00e9rieur : 83 % EME-Lycra, 17 % polyester T-400<br \/>\nDoublure : 100 % polyester<br \/>\nProtection anti-coupure : Avertic Engtex Pro (classe 1, 20 m\/s)<br \/>\nTailles :<br \/>\nM+L<\/p>\n","protected":false},"excerpt":{"rendered":"<p>Flexprotect offre une protection anti-coupure de classe 1 de la base des doigts sur toute la partie de l&#8217;avant-bras. Une<\/p>\n","protected":false},"featured_media":623868,"template":"","meta":{"_seopress_robots_primary_cat":"none","_seopress_titles_title":"","_seopress_titles_desc":"","_seopress_robots_index":""},"product_brand":[3458],"product_cat":[21,284,186],"product_tag":[],"class_list":{"0":"post-625222","1":"product","2":"type-product","3":"status-publish","4":"has-post-thumbnail","6":"product_brand-pfanner","7":"product_cat-abbigliamento","8":"product_cat-abbigliamento-da-lavoro","9":"product_cat-accessori-per-labbigliamento","10":"sws-gruppo-no-gruppo-fr","11":"sws-conto-ricavi-merci-rivendita-abbigliamento-fr","12":"sws-gruppo-iva-iva81-fr","14":"first","15":"instock","16":"shipping-taxable","17":"purchasable","18":"product-type-variable"},"_links":{"self":[{"href":"https:\/\/lucacastelli.com\/fr\/wp-json\/wp\/v2\/product\/625222","targetHints":{"allow":["GET"]}}],"collection":[{"href":"https:\/\/lucacastelli.com\/fr\/wp-json\/wp\/v2\/product"}],"about":[{"href":"https:\/\/lucacastelli.com\/fr\/wp-json\/wp\/v2\/types\/product"}],"wp:featuredmedia":[{"embeddable":true,"href":"https:\/\/lucacastelli.com\/fr\/wp-json\/wp\/v2\/media\/623868"}],"wp:attachment":[{"href":"https:\/\/lucacastelli.com\/fr\/wp-json\/wp\/v2\/media?parent=625222"}],"wp:term":[{"taxonomy":"product_brand","embeddable":true,"href":"https:\/\/lucacastelli.com\/fr\/wp-json\/wp\/v2\/product_brand?post=625222"},{"taxonomy":"product_cat","embeddable":true,"href":"https:\/\/lucacastelli.com\/fr\/wp-json\/wp\/v2\/product_cat?post=625222"},{"taxonomy":"product_tag","embeddable":true,"href":"https:\/\/lucacastelli.com\/fr\/wp-json\/wp\/v2\/product_tag?post=625222"}],"curies":[{"name":"wp","href":"https:\/\/api.w.org\/{rel}","templated":true}]}}