{"id":625217,"date":"2025-08-20T22:56:38","date_gmt":"2025-08-20T20:56:38","guid":{"rendered":"https:\/\/lucacastelli.com\/prodotto\/pfanner-flexprotect-allround\/"},"modified":"2026-04-14T02:53:01","modified_gmt":"2026-04-14T00:53:01","slug":"pfanner-flexprotect-allround","status":"publish","type":"product","link":"https:\/\/lucacastelli.com\/fr\/produit\/pfanner-flexprotect-allround\/","title":{"rendered":"PFANNER Flexprotect Allround"},"content":{"rendered":"<p>Flexprotect offre une protection contre les coupures de classe 1 pour toute la zone de l&#8217;avant-bras. Flexprotect est id\u00e9al pour pr\u00e9venir les blessures avec la scie \u00e0 main.<br \/>\n-Protection contre les coupures de classe 1<br \/>\n-Poignet tricot\u00e9 pour emp\u00eacher la p\u00e9n\u00e9tration de copeaux<br \/>\n-Ne se tord pas<br \/>\n-Pr\u00e9vient les blessures avec la scie \u00e0 main<br \/>\n-Taille unique <\/p>\n<p>Mat\u00e9riau :<br \/>\nTissu ext\u00e9rieur : 83 % EME-Lycra, 17 % polyester<br \/>\nDoublure : 100 % polyester<br \/>\nProtection anti-coupure : Avertic Engtex Pro (classe 1, 20 m\/s)<br \/>\nTailles<br \/>\nTaille unique<\/p>\n","protected":false},"excerpt":{"rendered":"<p>Flexprotect offre une protection contre les coupures de classe 1 pour toute la zone de l&#8217;avant-bras. Flexprotect est id\u00e9al pour<\/p>\n","protected":false},"featured_media":623881,"template":"","meta":{"_seopress_robots_primary_cat":"","_seopress_titles_title":"","_seopress_titles_desc":"","_seopress_robots_index":""},"product_brand":[3458],"product_cat":[21,284,186],"product_tag":[],"class_list":{"0":"post-625217","1":"product","2":"type-product","3":"status-publish","4":"has-post-thumbnail","6":"product_brand-pfanner","7":"product_cat-abbigliamento","8":"product_cat-abbigliamento-da-lavoro","9":"product_cat-accessori-per-labbigliamento","10":"sws-gruppo-no-gruppo-fr","11":"sws-conto-ricavi-merci-rivendita-abbigliamento-fr","12":"sws-gruppo-iva-iva81-fr","14":"first","15":"instock","16":"shipping-taxable","17":"purchasable","18":"product-type-simple"},"_links":{"self":[{"href":"https:\/\/lucacastelli.com\/fr\/wp-json\/wp\/v2\/product\/625217","targetHints":{"allow":["GET"]}}],"collection":[{"href":"https:\/\/lucacastelli.com\/fr\/wp-json\/wp\/v2\/product"}],"about":[{"href":"https:\/\/lucacastelli.com\/fr\/wp-json\/wp\/v2\/types\/product"}],"wp:featuredmedia":[{"embeddable":true,"href":"https:\/\/lucacastelli.com\/fr\/wp-json\/wp\/v2\/media\/623881"}],"wp:attachment":[{"href":"https:\/\/lucacastelli.com\/fr\/wp-json\/wp\/v2\/media?parent=625217"}],"wp:term":[{"taxonomy":"product_brand","embeddable":true,"href":"https:\/\/lucacastelli.com\/fr\/wp-json\/wp\/v2\/product_brand?post=625217"},{"taxonomy":"product_cat","embeddable":true,"href":"https:\/\/lucacastelli.com\/fr\/wp-json\/wp\/v2\/product_cat?post=625217"},{"taxonomy":"product_tag","embeddable":true,"href":"https:\/\/lucacastelli.com\/fr\/wp-json\/wp\/v2\/product_tag?post=625217"}],"curies":[{"name":"wp","href":"https:\/\/api.w.org\/{rel}","templated":true}]}}