{"id":625174,"date":"2025-08-23T04:57:49","date_gmt":"2025-08-23T02:57:49","guid":{"rendered":"https:\/\/lucacastelli.com\/?post_type=product&#038;p=625174"},"modified":"2026-04-13T08:12:02","modified_gmt":"2026-04-13T06:12:02","slug":"vallorbe-lime-ronde-copia","status":"publish","type":"product","link":"https:\/\/lucacastelli.com\/fr\/produit\/vallorbe-lime-ronde-copia\/","title":{"rendered":"VALLORBE Lime ronde paquet de 12 pi\u00e8ces"},"content":{"rendered":"<p>Lime ronde Vallorbe paquet de 12 pi\u00e8ces complet. Les paquets sont complets dans le diam\u00e8tre s\u00e9lectionn\u00e9. <\/p>\n<p>&nbsp;<\/p>\n<p>Les diam\u00e8tres disponibles sont :<\/p>\n<p>-3,2 mm (cha\u00eenes 1\/4&#8243;)<br \/>\n-4 mm (cha\u00eenes 3\/8 P)<br \/>\n-4,8 mm (cha\u00eenes 325&#8243;)<br \/>\n-5,2 mm (cha\u00eenes 3\/8&#8243;)<br \/>\n-5,5 mm (cha\u00eenes .404)<\/p>\n","protected":false},"excerpt":{"rendered":"<p>Lime ronde Vallorbe paquet de 12 pi\u00e8ces complet. Les paquets sont complets dans le diam\u00e8tre s\u00e9lectionn\u00e9. &nbsp; Les diam\u00e8tres disponibles<\/p>\n","protected":false},"featured_media":625190,"template":"","meta":{"_seopress_robots_primary_cat":"none","_seopress_titles_title":"","_seopress_titles_desc":"","_seopress_robots_index":""},"product_brand":[4421],"product_cat":[1605,167,1690,1604],"product_tag":[],"class_list":{"0":"post-625174","1":"product","2":"type-product","3":"status-publish","4":"has-post-thumbnail","6":"product_brand-vallorbe-fr","7":"product_cat-accessoires-et-consommables-fr-4","8":"product_cat-machines","9":"product_cat-taille-haies-et-elagueurs","10":"product_cat-tronconneuses","11":"sws-gruppo-macchinari-fr","12":"sws-conto-ricavi-merci-rivendita-macchinari-fr","13":"sws-gruppo-iva-iva81-fr","15":"first","16":"instock","17":"sale","18":"shipping-taxable","19":"purchasable","20":"product-type-variable"},"_links":{"self":[{"href":"https:\/\/lucacastelli.com\/fr\/wp-json\/wp\/v2\/product\/625174","targetHints":{"allow":["GET"]}}],"collection":[{"href":"https:\/\/lucacastelli.com\/fr\/wp-json\/wp\/v2\/product"}],"about":[{"href":"https:\/\/lucacastelli.com\/fr\/wp-json\/wp\/v2\/types\/product"}],"wp:featuredmedia":[{"embeddable":true,"href":"https:\/\/lucacastelli.com\/fr\/wp-json\/wp\/v2\/media\/625190"}],"wp:attachment":[{"href":"https:\/\/lucacastelli.com\/fr\/wp-json\/wp\/v2\/media?parent=625174"}],"wp:term":[{"taxonomy":"product_brand","embeddable":true,"href":"https:\/\/lucacastelli.com\/fr\/wp-json\/wp\/v2\/product_brand?post=625174"},{"taxonomy":"product_cat","embeddable":true,"href":"https:\/\/lucacastelli.com\/fr\/wp-json\/wp\/v2\/product_cat?post=625174"},{"taxonomy":"product_tag","embeddable":true,"href":"https:\/\/lucacastelli.com\/fr\/wp-json\/wp\/v2\/product_tag?post=625174"}],"curies":[{"name":"wp","href":"https:\/\/api.w.org\/{rel}","templated":true}]}}