{"id":625071,"date":"2025-08-22T10:50:44","date_gmt":"2025-08-22T08:50:44","guid":{"rendered":"https:\/\/lucacastelli.com\/prodotto\/la-sportiva-bushido-iii-femme-gtx\/"},"modified":"2025-08-22T10:50:44","modified_gmt":"2025-08-22T08:50:44","slug":"la-sportiva-bushido-iii-femme-gtx","status":"publish","type":"product","link":"https:\/\/lucacastelli.com\/fr\/produit\/la-sportiva-bushido-iii-femme-gtx\/","title":{"rendered":"LA SPORTIVA Bushido III Femme Gtx"},"content":{"rendered":"<div class=\"product-add-form\">\n<form id=\"product_addtocart_form\" action=\"https:\/\/www.lasportiva.com\/it\/checkout\/cart\/add\/uenc\/aHR0cHM6Ly93d3cubGFzcG9ydGl2YS5jb20vaXQvc2NhcnBlLXRyYWlsLXJ1bm5pbmctYnVzaGlkby1paWktd29tYW4tZ3R4LWRvbm5hLXpmcnMwODk%2C\/product\/474985\/\" method=\"POST\" novalidate=\"novalidate\" data-product-sku=\"ZFRS089\">\n<div id=\"product-options-wrapper\" class=\"product-options-wrapper\" data-hasrequired=\"* Campi obbligatori\">\n<div class=\"fieldset taglie\" tabindex=\"0\">\n<div class=\"swatch-opt\" data-role=\"swatch-options\" data-rendered=\"true\">\n<div class=\"swatch-attribute specific_color\" data-attribute-code=\"specific_color\" data-attribute-id=\"832\" data-option-selected=\"19108\">\n<div class=\"current-option show\">Bushido III Woman Gore-Tex, une chaussure d\u00e9di\u00e9e au monde du skyrace, stable et agrippante, d\u00e9sormais \u00e9galement dot\u00e9e d&#8217;une membrane GORE-TEX Invisible Fit pour garantir protection et flexibilit\u00e9 dans toutes les conditions.Double option d&#8217;ajustement, la forme classique enveloppante et pr\u00e9cise de Bushido, et, une seconde version WIDE : m\u00eame sensation enveloppante mais avec des volumes l\u00e9g\u00e8rement plus importants.<\/div>\n<\/div>\n<\/div>\n<\/div>\n<\/div>\n<div><\/div>\n<div><\/div>\n<div>\n<div class=\"data item title\" tabindex=\"0\" data-role=\"title\" aria-expanded=\"true\" aria-selected=\"true\">\n<h3 id=\"tab-label-techinfo\" class=\"switch-title\">Infos techniques<\/h3>\n<\/div>\n<div class=\"data item content\" aria-labelledby=\"tab-label-techinfo\" data-role=\"content\" aria-hidden=\"false\">\n<div class=\"techinfo-container\">\n<div class=\"techinfo-description\"><b>Poids :<\/b><br \/>\n255 1\/2 PAIRE<br \/>\n<b>Semelle int\u00e9rieure :<\/b><br \/>\nOrtholite\u00ae Hybrid Mountain Running\u00ae Ergonomic 4 mm<br \/>\n<b>Semelle ext\u00e9rieure :<\/b><br \/>\nBi-compound FriXion\u00ae Red avec Impact Brake System Blocs lat\u00e9raux Mountain Running<br \/>\n<b>Semelle interm\u00e9diaire :<\/b><br \/>\nEVA compression + Stability Control Insert et rock guard insert<br \/>\n<b>Doublure :<\/b><br \/>\nGORE-TEX Invisible Fit<br \/>\n<b>Dessus :<\/b><br \/>\nAir mesh respirant + renforts TPU thermo-adh\u00e9sifs + panneaux lat\u00e9raux en nylon mono-bava<\/div>\n<\/div>\n<\/div>\n<\/div>\n<\/form>\n<\/div>\n","protected":false},"excerpt":{"rendered":"<p>Bushido III Woman Gore-Tex, une chaussure d\u00e9di\u00e9e au monde du skyrace, stable et agrippante, d\u00e9sormais \u00e9galement dot\u00e9e d&#8217;une membrane GORE-TEX<\/p>\n","protected":false},"featured_media":625009,"template":"","meta":{"_seopress_robots_primary_cat":"","_seopress_titles_title":"","_seopress_titles_desc":"","_seopress_robots_index":""},"product_brand":[3648],"product_cat":[173,1420,1429],"product_tag":[],"class_list":{"0":"post-625071","1":"product","2":"type-product","3":"status-publish","4":"has-post-thumbnail","6":"product_brand-la-sportiva-fr","7":"product_cat-chaussures","8":"product_cat-chaussures-de-loisirs","9":"product_cat-chaussures-pour-femmes","10":"sws-gruppo-abb-libero-fr","11":"sws-conto-ricavi-merci-rivendita-abbigliamento-fr","12":"sws-gruppo-iva-iva81-fr","14":"first","15":"instock","16":"shipping-taxable","17":"purchasable","18":"product-type-variable","19":"has-default-attributes"},"_links":{"self":[{"href":"https:\/\/lucacastelli.com\/fr\/wp-json\/wp\/v2\/product\/625071","targetHints":{"allow":["GET"]}}],"collection":[{"href":"https:\/\/lucacastelli.com\/fr\/wp-json\/wp\/v2\/product"}],"about":[{"href":"https:\/\/lucacastelli.com\/fr\/wp-json\/wp\/v2\/types\/product"}],"wp:featuredmedia":[{"embeddable":true,"href":"https:\/\/lucacastelli.com\/fr\/wp-json\/wp\/v2\/media\/625009"}],"wp:attachment":[{"href":"https:\/\/lucacastelli.com\/fr\/wp-json\/wp\/v2\/media?parent=625071"}],"wp:term":[{"taxonomy":"product_brand","embeddable":true,"href":"https:\/\/lucacastelli.com\/fr\/wp-json\/wp\/v2\/product_brand?post=625071"},{"taxonomy":"product_cat","embeddable":true,"href":"https:\/\/lucacastelli.com\/fr\/wp-json\/wp\/v2\/product_cat?post=625071"},{"taxonomy":"product_tag","embeddable":true,"href":"https:\/\/lucacastelli.com\/fr\/wp-json\/wp\/v2\/product_tag?post=625071"}],"curies":[{"name":"wp","href":"https:\/\/api.w.org\/{rel}","templated":true}]}}