{"id":624950,"date":"2025-08-20T21:30:27","date_gmt":"2025-08-20T19:30:27","guid":{"rendered":"https:\/\/lucacastelli.com\/prodotto\/kit-de-coupe-stihl-18\/"},"modified":"2025-08-20T21:30:27","modified_gmt":"2025-08-20T19:30:27","slug":"kit-de-coupe-stihl-18","status":"publish","type":"product","link":"https:\/\/lucacastelli.com\/fr\/produit\/kit-de-coupe-stihl-18\/","title":{"rendered":"Kit de coupe STIHL 18"},"content":{"rendered":"<h2>Kit de coupe 18 : kit compos\u00e9 d&#8217;un guide-cha\u00eene et de cha\u00eenes pour la mini-tron\u00e7onneuse \u00e0 batterie GTA 40.<\/h2>\n<p>M\u00eame la meilleure des mini Tron\u00e7onneuses s&#8217;\u00e9mousse si elle est utilis\u00e9e r\u00e9guli\u00e8rement. S&#8217;il n&#8217;est pas possible <a href=\"https:\/\/www.stihl.be\/fr\/conseils-tutoriels\/utilisation-et-entretien-des-machines\/conseils-utilisation-de-tronconneuse\/affuter-chaine-tronconneuse\"><b>d&#8217;aff\u00fbter la cha\u00eene<\/b><\/a> pendant le travail ou si l&#8217;accessoire de coupe doit \u00eatre remplac\u00e9, les kits de coupe STIHL sont la bonne solution. <\/p>\n<p>Le kit de coupe 18 de STIHL te permet d&#8217;assurer de mani\u00e8re proactive la performance de coupe de ta. <a href=\"https:\/\/www.stihl.be\/fr\/p\/secateurs-coupe-branches-scies-a-branches-gta-40-systeme-as-197005\"><b>mini tron\u00e7onneuses sans fil STIHL GTA 40<\/b><\/a> reste constante et de haut niveau. O\u00f9 que tu sois, tu peux <b>remplacer facilement et de mani\u00e8re autonome<\/b> la cha\u00eene et le guide-cha\u00eene de ta STIHL GTA 40. Pour le montage, tu peux te r\u00e9f\u00e9rer \u00e0 notre <b>guide de remplacement de l&#8217;accessoire de coupe.<\/b> Celui-ci peut \u00eatre t\u00e9l\u00e9charg\u00e9 \u00e0 l&#8217;aide du code QR disponible sur l&#8217;emballage de ton kit de coupe STIHL. Ta mini Tron\u00e7onneuse sans fil STIHL sera alors <b>rapidement pr\u00eate \u00e0 l&#8217;emploi<\/b>.    <\/p>\n<p>Le kit de coupe 18 pour STIHL GTA 40 contient les \u00e9l\u00e9ments suivants pour te permettre de remplacer ton dispositif de coupe :<\/p>\n<ul>\n<li>1 x Guide-cha\u00eene STIHL Light 01 pour GTA 40 (15 cm)<\/li>\n<li>2 x cha\u00eene STIHL 1\/4&#8243; P Picco Micro 3 (PM3 ; 1,1 mm)<\/li>\n<\/ul>\n<p>La combinaison du guide-cha\u00eene STIHL Light 01, l\u00e9ger et robuste, et de la cha\u00eene STIHL 1\/4&#8243; P Picco Micro 3 (PM3) permet aux particuliers de . <a href=\"https:\/\/www.stihl.be\/fr\/conseils-tutoriels\/nettoyage-entretien-jardin\"><b>d&#8217;entretenir facilement leur jardin<\/b><\/a>de couper avec pr\u00e9cision les arbres et les arbustes ou <a href=\"https:\/\/www.stihl.be\/fr\/conseils-tutoriels\/idees-bricolage-en-bois-et-diy\/fabriquer-decorations-interieur-en-bois\"><b>de cr\u00e9er des d\u00e9corations d&#8217;int\u00e9rieur<\/b><\/a>.<\/p>\n<p>Ces <b>composants du dispositif de coupe sont parfaitement adapt\u00e9s les uns aux autres<\/b> et augmentent ainsi la fiabilit\u00e9 de ta Tron\u00e7onneuses, m\u00eame en cas d&#8217;utilisation prolong\u00e9e. Tu peux ainsi b\u00e9n\u00e9ficier d&#8217;une <b>performance maximale<\/b> et travailler de mani\u00e8re fiable et pratiquement sans interruption lors du changement du dispositif de coupe. <\/p>\n","protected":false},"excerpt":{"rendered":"<p>Kit de coupe 18 : kit compos\u00e9 d&#8217;un guide-cha\u00eene et de cha\u00eenes pour la mini-tron\u00e7onneuse \u00e0 batterie GTA 40. M\u00eame<\/p>\n","protected":false},"featured_media":623711,"template":"","meta":{"_seopress_robots_primary_cat":"","_seopress_titles_title":"","_seopress_titles_desc":"","_seopress_robots_index":""},"product_brand":[3366],"product_cat":[29,268,269,504,524],"product_tag":[],"class_list":{"0":"post-624950","1":"product","2":"type-product","3":"status-publish","4":"has-post-thumbnail","6":"product_brand-stihl","7":"product_cat-macchinari","8":"product_cat-motoseghe","9":"product_cat-accessori-e-materiale-di-consumo-tosasiepi-e-potatori","10":"product_cat-catene-e-rotoli","11":"product_cat-spranghe-guida","12":"sws-gruppo-macchinari-fr","13":"sws-conto-ricavi-merci-rivendita-macchinari-fr","14":"sws-gruppo-iva-iva81-fr","16":"first","17":"instock","18":"shipping-taxable","19":"purchasable","20":"product-type-simple"},"_links":{"self":[{"href":"https:\/\/lucacastelli.com\/fr\/wp-json\/wp\/v2\/product\/624950","targetHints":{"allow":["GET"]}}],"collection":[{"href":"https:\/\/lucacastelli.com\/fr\/wp-json\/wp\/v2\/product"}],"about":[{"href":"https:\/\/lucacastelli.com\/fr\/wp-json\/wp\/v2\/types\/product"}],"wp:featuredmedia":[{"embeddable":true,"href":"https:\/\/lucacastelli.com\/fr\/wp-json\/wp\/v2\/media\/623711"}],"wp:attachment":[{"href":"https:\/\/lucacastelli.com\/fr\/wp-json\/wp\/v2\/media?parent=624950"}],"wp:term":[{"taxonomy":"product_brand","embeddable":true,"href":"https:\/\/lucacastelli.com\/fr\/wp-json\/wp\/v2\/product_brand?post=624950"},{"taxonomy":"product_cat","embeddable":true,"href":"https:\/\/lucacastelli.com\/fr\/wp-json\/wp\/v2\/product_cat?post=624950"},{"taxonomy":"product_tag","embeddable":true,"href":"https:\/\/lucacastelli.com\/fr\/wp-json\/wp\/v2\/product_tag?post=624950"}],"curies":[{"name":"wp","href":"https:\/\/api.w.org\/{rel}","templated":true}]}}