{"id":624947,"date":"2025-08-20T21:25:34","date_gmt":"2025-08-20T19:25:34","guid":{"rendered":"https:\/\/lucacastelli.com\/prodotto\/mini-elagueuse-sans-fil-stihl-gta-30-avec-2-batteries-as-2-et-chargeur-al-5-2\/"},"modified":"2025-08-20T21:25:34","modified_gmt":"2025-08-20T19:25:34","slug":"mini-elagueuse-sans-fil-stihl-gta-30-avec-2-batteries-as-2-et-chargeur-al-5-2","status":"publish","type":"product","link":"https:\/\/lucacastelli.com\/fr\/produit\/mini-elagueuse-sans-fil-stihl-gta-30-avec-2-batteries-as-2-et-chargeur-al-5-2\/","title":{"rendered":"Mini \u00e9lagueuse sans fil STIHL GTA 30 avec 2 batteries AS 2 et chargeur AL 5-2"},"content":{"rendered":"<h2>Tron\u00e7onneuse sans fil GTA 30 en kit, avec deux batteries AS 2 et un chargeur rapide AL 5-2 : avec tendeur de cha\u00eene automatique &#8211; pour les applications priv\u00e9es exigeantes.<\/h2>\n<p>Si tu n&#8217;as pas encore de batterie du syst\u00e8me <a href=\"https:\/\/www.stihl.be\/fr\/technologie-stihl\/technologie-batterie-stihl\/batterie-as-stihl\"><b>syst\u00e8me STIHL AS<\/b><\/a> ou d&#8217;un chargeur de batterie, ce set comprend la mini Tron\u00e7onneuse sans fil STIHL GTA 30, deux <a href=\"https:\/\/www.stihl.be\/fr\/ap\/batterie-as-2-107854\"><b>batteries lithium-ion STIHL AS 2<\/b><\/a> et un <a href=\"https:\/\/www.stihl.be\/fr\/ap\/al-5-2-double-chargeur-rapide-188600\"><b>chargeur rapide double AL 5-2<\/b><\/a> est le choix id\u00e9al. Sont \u00e9galement inclus une mallette de transport robuste et une huile multi-usages <a href=\"https:\/\/www.stihl.be\/fr\/ap\/huile-multioil-bio-109225\"><b>STIHL Multioil Bio<\/b><\/a>. Pour que tu puisses te mettre imm\u00e9diatement au travail.  <\/p>\n<p>La mini Tron\u00e7onneuse sans fil STIHL GTA 30 est id\u00e9ale pour les <b>travaux priv\u00e9s d&#8217;arboriculture et d&#8217;entretien des bois, la coupe de bois de construction ou le d\u00e9chiquetage de d\u00e9chets verts<\/b>. Elle est \u00e9galement tr\u00e8s pratique pour couper des branches \u00e9paisses ou d\u00e9chiqueter des branches et du bois mort en petites quantit\u00e9s de bois de chauffage. Ses excellentes performances de coupe en font la machine id\u00e9ale pour tous les travaux de coupe de bois priv\u00e9s exigeants. La tension de la cha\u00eene peut \u00eatre r\u00e9gl\u00e9e rapidement et sans outil pendant le travail. Il suffit d&#8217;ouvrir et de fermer le couvercle du pignon de cha\u00eene. Le levier de tension basculant orange assure une tension correcte de la cha\u00eene et facilite le montage rapide et sans outil du dispositif de coupe apr\u00e8s le nettoyage ou le remplacement de la cha\u00eene, m\u00eame avec des gants.     <\/p>\n<p>Le puissant moteur \u00e0 courant continu et la <a href=\"https:\/\/www.stihl.be\/fr\/ap\/chaine-de-tronconneuse-1-4-p-picco-micro-3-pm3-1-1-mm-2448\"><b>cha\u00eene STIHL 1\/4&#8243;-PM3<\/b><\/a> garantissent une <b>coupe nette<\/b> et une <b>progression rapide du travail<\/b>. Avec le guide-cha\u00eene STIHL Light 01, tu peux couper des branches jusqu&#8217;\u00e0 15 cm de diam\u00e8tre proprement, facilement et pratiquement sans vibrations. Le pignon de renvoi int\u00e9gr\u00e9 r\u00e9duit les pertes par frottement et contribue \u00e0 une coupe plus efficace. Les deux batteries AS 2 offrent une autonomie suffisante pour un travail prolong\u00e9.   <\/p>\n<p>Les \u00e9l\u00e9ments de commande, bien visibles en orange, sont facilement accessibles pour les droitiers comme pour les gauchers. La mini Tron\u00e7onneuses sans fil est \u00e9galement \u00e9quip\u00e9e de poign\u00e9es <b>caoutchout\u00e9es<\/b> qui assurent une prise s\u00fbre et pr\u00e9cise avec les deux mains dans les diff\u00e9rentes positions de coupe. Le design fin, le faible poids et les poign\u00e9es ergonomiques contribuent \u00e9galement \u00e0 un grand confort de travail, m\u00eame en cas d&#8217;utilisation prolong\u00e9e. Le <b>prot\u00e8ge-pendule<\/b> offre une protection suppl\u00e9mentaire contre les cha\u00eenes tranchantes pendant le travail. La STIHL GTA 30 est \u00e9galement \u00e9quip\u00e9e d&#8217;un <b>indicateur LED du niveau de charge<\/b> et d&#8217;une <b>boucle de suspension<\/b> pratique pour la ranger au mur.    <\/p>\n<p>La mini Tron\u00e7onneuse sans fil GTA 30 peut \u00eatre facilement port\u00e9e \u00e0 la Ceinture gr\u00e2ce \u00e0 l&#8217;<b>\u00e9tui GTA 30<\/b> disponible en option.<\/p>\n<p>Notre aper\u00e7u des <a href=\"https:\/\/www.stihl.be\/fr\/technologie-stihl\/technologie-batterie-stihl\/duree-charge-autonomie-batterie\"><b>temps de fonctionnement et de charge des batteries STIHL<\/b><\/a> te permettra de savoir combien de temps tu peux travailler avec ta mini tron\u00e7onneuse sans fil STIHL GTA 30, mais aussi combien de temps il faut pour recharger la batterie utilis\u00e9e.<\/p>\n<p><b><strong>Remarque : la batterie AS 2 est certifi\u00e9e selon l&#8217;indice de protection IPX4.<\/strong><\/b><\/p>\n<p>&nbsp;<\/p>\n<p>&nbsp;<\/p>\n<table data-test-id=\"pdp-spec-tech-table\">\n<tbody>\n<tr>\n<td>Tension nominale<\/td>\n<td>22 V<\/td>\n<\/tr>\n<tr>\n<td>Puissance absorb\u00e9e<\/td>\n<td>0,40 kW<\/td>\n<\/tr>\n<tr>\n<td>Puissance<\/td>\n<td>0,29 kW<\/td>\n<\/tr>\n<tr>\n<td>Syst\u00e8me de batterie<\/td>\n<td>AS<\/td>\n<\/tr>\n<tr>\n<td>Poids de l&#8217;appareil sans batterie<\/td>\n<td>1,5 kg<\/td>\n<\/tr>\n<tr>\n<td>Longueur de guide-cha\u00eene<\/td>\n<td>15 cm<\/td>\n<\/tr>\n<tr>\n<td>Pas de la cha\u00eene<\/td>\n<td>1\/4 &#8220;P<\/td>\n<\/tr>\n<tr>\n<td>Largeur de rainure du guide cha\u00eene<\/td>\n<td>1.1<\/td>\n<\/tr>\n<tr>\n<td>Coupes max. par charge de batterie AS 2<\/td>\n<td>180<\/td>\n<\/tr>\n<tr>\n<td>Niveau de pression sonore<\/td>\n<td>80 dB(A)<\/td>\n<\/tr>\n<tr>\n<td>Niveau de puissance acoustique<\/td>\n<td>88 dB(A)<\/td>\n<\/tr>\n<tr>\n<td>Taux de vibrations c\u00f4t\u00e9 gauche<\/td>\n<td>2,9 m\/s\u00b2<\/td>\n<\/tr>\n<tr>\n<td>Taux de vibrations c\u00f4t\u00e9 droit<\/td>\n<td>2.1 m\/s\u00b2<\/td>\n<\/tr>\n<\/tbody>\n<\/table>\n","protected":false},"excerpt":{"rendered":"<p>Tron\u00e7onneuse sans fil GTA 30 en kit, avec deux batteries AS 2 et un chargeur rapide AL 5-2 : avec<\/p>\n","protected":false},"featured_media":623702,"template":"","meta":{"_seopress_robots_primary_cat":"none","_seopress_titles_title":"","_seopress_titles_desc":"","_seopress_robots_index":""},"product_brand":[3366],"product_cat":[29,268,528,282,267],"product_tag":[],"class_list":{"0":"post-624947","1":"product","2":"type-product","3":"status-publish","4":"has-post-thumbnail","6":"product_brand-stihl","7":"product_cat-macchinari","8":"product_cat-motoseghe","9":"product_cat-motoseghe-a-batteria","10":"product_cat-tosasiepi-e-potatori-a-batteria","11":"product_cat-tosasiepi-e-potatori","12":"sws-gruppo-macchinari-fr","13":"sws-conto-ricavi-merci-rivendita-macchinari-fr","14":"sws-gruppo-iva-iva81-fr","16":"first","17":"instock","18":"shipping-taxable","19":"purchasable","20":"product-type-simple"},"_links":{"self":[{"href":"https:\/\/lucacastelli.com\/fr\/wp-json\/wp\/v2\/product\/624947","targetHints":{"allow":["GET"]}}],"collection":[{"href":"https:\/\/lucacastelli.com\/fr\/wp-json\/wp\/v2\/product"}],"about":[{"href":"https:\/\/lucacastelli.com\/fr\/wp-json\/wp\/v2\/types\/product"}],"wp:featuredmedia":[{"embeddable":true,"href":"https:\/\/lucacastelli.com\/fr\/wp-json\/wp\/v2\/media\/623702"}],"wp:attachment":[{"href":"https:\/\/lucacastelli.com\/fr\/wp-json\/wp\/v2\/media?parent=624947"}],"wp:term":[{"taxonomy":"product_brand","embeddable":true,"href":"https:\/\/lucacastelli.com\/fr\/wp-json\/wp\/v2\/product_brand?post=624947"},{"taxonomy":"product_cat","embeddable":true,"href":"https:\/\/lucacastelli.com\/fr\/wp-json\/wp\/v2\/product_cat?post=624947"},{"taxonomy":"product_tag","embeddable":true,"href":"https:\/\/lucacastelli.com\/fr\/wp-json\/wp\/v2\/product_tag?post=624947"}],"curies":[{"name":"wp","href":"https:\/\/api.w.org\/{rel}","templated":true}]}}