{"id":624944,"date":"2025-08-20T21:39:04","date_gmt":"2025-08-20T19:39:04","guid":{"rendered":"https:\/\/lucacastelli.com\/prodotto\/stihl-sea-50-systeme-ak-aspirateur-sans-fil-machine-seulement\/"},"modified":"2025-08-20T21:39:04","modified_gmt":"2025-08-20T19:39:04","slug":"stihl-sea-50-systeme-ak-aspirateur-sans-fil-machine-seulement","status":"publish","type":"product","link":"https:\/\/lucacastelli.com\/fr\/produit\/stihl-sea-50-systeme-ak-aspirateur-sans-fil-machine-seulement\/","title":{"rendered":"STIHL SEA 50 &#8211; Syst\u00e8me AK aspirateur sans fil (machine seulement)"},"content":{"rendered":"<h2>SEA 50 aspirateur sans fil et nettoyeur liquide : compact et facile \u00e0 transporter pour la maison, les loisirs et le bricolage.<\/h2>\n<p>L&#8217;aspirateur d&#8217;eau et de poussi\u00e8re sans fil STIHL SEA 50 est une machine compacte et facile \u00e0 transporter qui <b>allie parfaitement puissance d&#8217;aspiration \u00e9lev\u00e9e et souplesse d&#8217;utilisation<\/b>. Il est particuli\u00e8rement adapt\u00e9 aux travaux de <b>nettoyage mobiles \u00e0 proximit\u00e9 du domicile, lorsqu&#8217;un branchement \u00e9lectrique n&#8217;est pas disponible.<\/b> Il peut \u00e9galement \u00eatre utilis\u00e9 pour nettoyer l&#8217;int\u00e9rieur des v\u00e9hicules ou pour des applications semi-professionnelles, par exemple dans l&#8217;artisanat. Gr\u00e2ce \u00e0 une \u00e9lectronique intelligente, le puissant moteur EC du STIHL SEA 50 fournit une <b>puissance d&#8217;aspiration \u00e9lev\u00e9e et constante<\/b> pendant toute la dur\u00e9e de vie de la batterie. La SEA 50 est aliment\u00e9e par les batteries lithium-ion du syst\u00e8me STIHL AK. <a href=\"https:\/\/www.stihl.be\/fr\/technologie-stihl\/technologie-batterie-stihl\/systeme-ak-stihl\"><b>syst\u00e8me STIHL AK<\/b><\/a>.    <\/p>\n<p><b>Certifi\u00e9 pour la classe de poussi\u00e8re L<\/b>, il est id\u00e9al, par exemple, pour \u00e9liminer les d\u00e9p\u00f4ts de pl\u00e2tre ou de sable dans les ateliers ou lors de travaux de r\u00e9novation. L&#8217;\u00e9l\u00e9ment filtrant en PET peut \u00eatre <b>facilement lav\u00e9 apr\u00e8s plusieurs utilisations, puis r\u00e9utilis\u00e9<\/b>. <\/p>\n<p>L&#8217;aspirateur sans fil STIHL SEA 50 pour liquides et poussi\u00e8res est compact et tr\u00e8s facile \u00e0 utiliser. La <b>bandouli\u00e8re<\/b> permet \u00e9galement de le porter confortablement, ce qui est <b>tr\u00e8s pratique dans les escaliers, par exemple.<\/b> Le <b>gros bouton marche\/arr\u00eat<\/b> est facilement accessible depuis diff\u00e9rentes positions. Le suceur universel, le suceur plat, le tuyau \u00e0 soufflet et les deux tuyaux de rallonge sont \u00e0 port\u00e9e de main sur ton STIHL SEA 50. Tu peux ainsi <b>passer d&#8217;une t\u00e2che \u00e0 l&#8217;autre rapidement et confortablement<\/b>. Avec une longueur totale d&#8217;environ 1,8 m, le tuyau d&#8217;aspiration atteint facilement les endroits les plus difficiles d&#8217;acc\u00e8s. Un <b>chariot de transport<\/b> \u00e0 roues pivotantes est disponible en option pour <b>plus de mobilit\u00e9 et de souplesse d&#8217;utilisation<\/b>. Gr\u00e2ce \u00e0 son design compact et \u00e0 son compartiment \u00e0 accessoires int\u00e9gr\u00e9, l&#8217;aspirateur \u00e0 eau et \u00e0 poussi\u00e8re sans fil SEA 50 est peu encombrant.       <\/p>\n<p>Notre aper\u00e7u des <a href=\"https:\/\/www.stihl.be\/fr\/technologie-stihl\/technologie-batterie-stihl\/duree-charge-autonomie-batterie#aspirateur\"><b>temps de fonctionnement et de charge des batteries STIHL<\/b><\/a> te permettra de savoir combien de temps tu peux travailler avec ton aspirateur d&#8217;eau et de poussi\u00e8re sans fil STIHL SEA 50, mais aussi combien de temps il faut pour recharger la batterie utilis\u00e9e.<\/p>\n<p>&nbsp;<\/p>\n<p>&nbsp;<\/p>\n<p>&nbsp;<\/p>\n<table data-test-id=\"pdp-spec-tech-table\">\n<tbody>\n<tr>\n<td>Tension nominale<\/td>\n<td>36 V<\/td>\n<\/tr>\n<tr>\n<td>Puissance absorb\u00e9e<\/td>\n<td>0,30 kW<\/td>\n<\/tr>\n<tr>\n<td>Syst\u00e8me de batterie<\/td>\n<td>AK<\/td>\n<\/tr>\n<tr>\n<td>Batterie recommand\u00e9e<\/td>\n<td>AK 20<\/td>\n<\/tr>\n<tr>\n<td>Poids de l&#8217;appareil sans batterie<\/td>\n<td>5,8 kg<\/td>\n<\/tr>\n<tr>\n<td>Pression max. \u00e0 l&#8217;extr\u00e9mit\u00e9 du tuyau <\/td>\n<td>160 mbar<\/td>\n<\/tr>\n<tr>\n<td>D\u00e9bit volum\u00e9trique<\/td>\n<td>1700 l\/min<\/td>\n<\/tr>\n<tr>\n<td>Volume de la cuve<\/td>\n<td>8.5 l<\/td>\n<\/tr>\n<tr>\n<td>Diam\u00e8tre int\u00e9rieur du tuyau d&#8217;aspiration<\/td>\n<td>29 mm<\/td>\n<\/tr>\n<tr>\n<td>Indice de protection<\/td>\n<td>IPX4<\/td>\n<\/tr>\n<tr>\n<td>Autonomie max. de la batterie AK 20<\/td>\n<td>27 min<\/td>\n<\/tr>\n<tr>\n<td>Largeur de l&#8217;appareil<\/td>\n<td>300 mm<\/td>\n<\/tr>\n<tr>\n<td>Hauteur<\/td>\n<td>325 mm<\/td>\n<\/tr>\n<tr>\n<td>Profondeur de l&#8217;appareil<\/td>\n<td>407 mm<\/td>\n<\/tr>\n<tr>\n<td>Longueur max. du tuyau flexible d&#8217;aspiration<\/td>\n<td>1.800 m<\/td>\n<\/tr>\n<tr>\n<td>Niveau de pression sonore<\/td>\n<td>68 dB(A)<\/td>\n<\/tr>\n<\/tbody>\n<\/table>\n","protected":false},"excerpt":{"rendered":"<p>SEA 50 aspirateur sans fil et nettoyeur liquide : compact et facile \u00e0 transporter pour la maison, les loisirs et<\/p>\n","protected":false},"featured_media":623719,"template":"","meta":{"_seopress_robots_primary_cat":"","_seopress_titles_title":"","_seopress_titles_desc":"","_seopress_robots_index":""},"product_brand":[3366],"product_cat":[29,514,517],"product_tag":[],"class_list":{"0":"post-624944","1":"product","2":"type-product","3":"status-publish","4":"has-post-thumbnail","6":"product_brand-stihl","7":"product_cat-macchinari","8":"product_cat-altri-dispositivi","9":"product_cat-aspiratori-per-la-pulizia","10":"sws-gruppo-macchinari-fr","11":"sws-conto-ricavi-merci-rivendita-macchinari-fr","12":"sws-gruppo-iva-iva81-fr","14":"first","15":"instock","16":"shipping-taxable","17":"purchasable","18":"product-type-simple"},"_links":{"self":[{"href":"https:\/\/lucacastelli.com\/fr\/wp-json\/wp\/v2\/product\/624944","targetHints":{"allow":["GET"]}}],"collection":[{"href":"https:\/\/lucacastelli.com\/fr\/wp-json\/wp\/v2\/product"}],"about":[{"href":"https:\/\/lucacastelli.com\/fr\/wp-json\/wp\/v2\/types\/product"}],"wp:featuredmedia":[{"embeddable":true,"href":"https:\/\/lucacastelli.com\/fr\/wp-json\/wp\/v2\/media\/623719"}],"wp:attachment":[{"href":"https:\/\/lucacastelli.com\/fr\/wp-json\/wp\/v2\/media?parent=624944"}],"wp:term":[{"taxonomy":"product_brand","embeddable":true,"href":"https:\/\/lucacastelli.com\/fr\/wp-json\/wp\/v2\/product_brand?post=624944"},{"taxonomy":"product_cat","embeddable":true,"href":"https:\/\/lucacastelli.com\/fr\/wp-json\/wp\/v2\/product_cat?post=624944"},{"taxonomy":"product_tag","embeddable":true,"href":"https:\/\/lucacastelli.com\/fr\/wp-json\/wp\/v2\/product_tag?post=624944"}],"curies":[{"name":"wp","href":"https:\/\/api.w.org\/{rel}","templated":true}]}}