{"id":624935,"date":"2025-08-20T21:43:00","date_gmt":"2025-08-20T19:43:00","guid":{"rendered":"https:\/\/lucacastelli.com\/prodotto\/stihl-chariot-de-transport-pour-sea-50\/"},"modified":"2025-08-20T21:43:00","modified_gmt":"2025-08-20T19:43:00","slug":"stihl-chariot-de-transport-pour-sea-50","status":"publish","type":"product","link":"https:\/\/lucacastelli.com\/fr\/produit\/stihl-chariot-de-transport-pour-sea-50\/","title":{"rendered":"STIHL Chariot de transport pour SEA 50"},"content":{"rendered":"<h2>Chariot de transport pour l&#8217;aspirateur sans fil de liquides et de poussi\u00e8res STIHL SEA 50 : pour plus de mobilit\u00e9 et de souplesse d&#8217;utilisation.<\/h2>\n<p>\u00c9quip\u00e9 de roulettes pivotantes, ce chariot de transport robuste et pratique donne \u00e0 ton <b>aspirateur liquide et poussi\u00e8re sans fil SEA 50 une plus grande mobilit\u00e9 et une meilleure flexibilit\u00e9 d&#8217;utilisation<\/b> lors des travaux de nettoyage \u00e0 la maison, mais aussi lors des travaux professionnels. L&#8217;aspirateur liquide et poussi\u00e8re sans fil STIHL SEA 50 se <b>fixe<\/b> facilement <b>et sans outil sur le chariot de transport.<\/b> Gr\u00e2ce \u00e0 ses roulettes pivotantes, <b>il est facile \u00e0 d\u00e9placer<\/b>.  <\/p>\n<p>Il est livr\u00e9 avec un <b>adaptateur pour outil \u00e9lectrique et une buse de sol<\/b> avec deux \u00e9l\u00e9ments amovibles : une brosse pour les surfaces s\u00e8ches et une raclette en caoutchouc pour les surfaces humides et lisses. La buse de sol, les \u00e9l\u00e9ments amovibles et l&#8217;adaptateur peuvent \u00eatre <b>plac\u00e9s directement sur le chariot pour gagner de la place<\/b> et sont donc toujours \u00e0 port\u00e9e de main. <\/p>\n","protected":false},"excerpt":{"rendered":"<p>Chariot de transport pour l&#8217;aspirateur sans fil de liquides et de poussi\u00e8res STIHL SEA 50 : pour plus de mobilit\u00e9<\/p>\n","protected":false},"featured_media":623740,"template":"","meta":{"_seopress_robots_primary_cat":"none","_seopress_titles_title":"","_seopress_titles_desc":"","_seopress_robots_index":""},"product_brand":[3555],"product_cat":[167,1453,1474],"product_tag":[],"class_list":{"0":"post-624935","1":"product","2":"type-product","3":"status-publish","4":"has-post-thumbnail","6":"product_brand-stihl-fr","7":"product_cat-machines","8":"product_cat-autres-appareils","9":"product_cat-aspirateurs-de-nettoyage","10":"sws-gruppo-macchinari-fr","11":"sws-conto-ricavi-merci-rivendita-macchinari-fr","12":"sws-gruppo-iva-iva81-fr","14":"first","15":"instock","16":"shipping-taxable","17":"purchasable","18":"product-type-simple"},"_links":{"self":[{"href":"https:\/\/lucacastelli.com\/fr\/wp-json\/wp\/v2\/product\/624935","targetHints":{"allow":["GET"]}}],"collection":[{"href":"https:\/\/lucacastelli.com\/fr\/wp-json\/wp\/v2\/product"}],"about":[{"href":"https:\/\/lucacastelli.com\/fr\/wp-json\/wp\/v2\/types\/product"}],"wp:featuredmedia":[{"embeddable":true,"href":"https:\/\/lucacastelli.com\/fr\/wp-json\/wp\/v2\/media\/623740"}],"wp:attachment":[{"href":"https:\/\/lucacastelli.com\/fr\/wp-json\/wp\/v2\/media?parent=624935"}],"wp:term":[{"taxonomy":"product_brand","embeddable":true,"href":"https:\/\/lucacastelli.com\/fr\/wp-json\/wp\/v2\/product_brand?post=624935"},{"taxonomy":"product_cat","embeddable":true,"href":"https:\/\/lucacastelli.com\/fr\/wp-json\/wp\/v2\/product_cat?post=624935"},{"taxonomy":"product_tag","embeddable":true,"href":"https:\/\/lucacastelli.com\/fr\/wp-json\/wp\/v2\/product_tag?post=624935"}],"curies":[{"name":"wp","href":"https:\/\/api.w.org\/{rel}","templated":true}]}}