{"id":624921,"date":"2025-08-20T23:11:14","date_gmt":"2025-08-20T21:11:14","guid":{"rendered":"https:\/\/lucacastelli.com\/prodotto\/fjallraven-high-coast-totepack\/"},"modified":"2025-12-01T14:46:20","modified_gmt":"2025-12-01T13:46:20","slug":"fjallraven-high-coast-totepack","status":"publish","type":"product","link":"https:\/\/lucacastelli.com\/fr\/produit\/fjallraven-high-coast-totepack\/","title":{"rendered":"Fj\u00e4llr\u00e4ven High Coast Totepack"},"content":{"rendered":"<p>Polyvalent, l\u00e9ger et pratique : le High Coast Totepack est le compagnon id\u00e9al pour la vie quotidienne et les voyages, que ce soit en ville ou lors d&#8217;excursions faciles. Tu peux le porter en bandouli\u00e8re, \u00e0 la main ou sur le dos. Le compartiment principal comporte une poche pour ordinateur avec une base rembourr\u00e9e et une petite poche zipp\u00e9e. Lorsqu&#8217;il n&#8217;est pas utilis\u00e9, l&#8217;ensemble du sac \u00e0 dos peut \u00eatre pli\u00e9 dans la poche avant. Bien que le tissu ext\u00e9rieur soit imperm\u00e9able, les fermetures \u00e9clair et les coutures ne le sont pas, de sorte que le sac \u00e0 dos peut r\u00e9sister \u00e0 la pluie et aux \u00e9claboussures, mais n&#8217;est pas compl\u00e8tement \u00e9tanche.    <\/p>\n<p>&nbsp;<\/p>\n<p>&nbsp;<\/p>\n","protected":false},"excerpt":{"rendered":"<p>Polyvalent, l\u00e9ger et pratique : le High Coast Totepack est le compagnon id\u00e9al pour la vie quotidienne et les voyages,<\/p>\n","protected":false},"featured_media":623900,"template":"","meta":{"_seopress_robots_primary_cat":"none","_seopress_titles_title":"","_seopress_titles_desc":"","_seopress_robots_index":""},"product_brand":[5672],"product_cat":[33,211,212],"product_tag":[],"class_list":{"0":"post-624921","1":"product","2":"type-product","3":"status-publish","4":"has-post-thumbnail","6":"product_brand-fjallraven","7":"product_cat-attrezzature","8":"product_cat-attrezzatura-per-il-tempo-libero","9":"product_cat-altro","10":"sws-gruppo-abb-libero-fr","11":"sws-categoria-sito-fr","12":"sws-conto-ricavi-merci-rivendita-abbigliamento-fr","13":"sws-gruppo-iva-iva81-fr","15":"first","16":"instock","17":"shipping-taxable","18":"purchasable","19":"product-type-variable"},"_links":{"self":[{"href":"https:\/\/lucacastelli.com\/fr\/wp-json\/wp\/v2\/product\/624921","targetHints":{"allow":["GET"]}}],"collection":[{"href":"https:\/\/lucacastelli.com\/fr\/wp-json\/wp\/v2\/product"}],"about":[{"href":"https:\/\/lucacastelli.com\/fr\/wp-json\/wp\/v2\/types\/product"}],"wp:featuredmedia":[{"embeddable":true,"href":"https:\/\/lucacastelli.com\/fr\/wp-json\/wp\/v2\/media\/623900"}],"wp:attachment":[{"href":"https:\/\/lucacastelli.com\/fr\/wp-json\/wp\/v2\/media?parent=624921"}],"wp:term":[{"taxonomy":"product_brand","embeddable":true,"href":"https:\/\/lucacastelli.com\/fr\/wp-json\/wp\/v2\/product_brand?post=624921"},{"taxonomy":"product_cat","embeddable":true,"href":"https:\/\/lucacastelli.com\/fr\/wp-json\/wp\/v2\/product_cat?post=624921"},{"taxonomy":"product_tag","embeddable":true,"href":"https:\/\/lucacastelli.com\/fr\/wp-json\/wp\/v2\/product_tag?post=624921"}],"curies":[{"name":"wp","href":"https:\/\/api.w.org\/{rel}","templated":true}]}}