{"id":624699,"date":"2025-08-08T19:34:26","date_gmt":"2025-08-08T17:34:26","guid":{"rendered":"https:\/\/lucacastelli.com\/prodotto\/milwaukee-hss-hss-jeu-de-fraises-coniques-en-cobalt-5\/"},"modified":"2026-04-15T12:01:04","modified_gmt":"2026-04-15T10:01:04","slug":"milwaukee-hss-hss-jeu-de-fraises-coniques-en-cobalt-5","status":"publish","type":"product","link":"https:\/\/lucacastelli.com\/fr\/produit\/milwaukee-hss-hss-jeu-de-fraises-coniques-en-cobalt-5\/","title":{"rendered":"MILWAUKEE Set de fraises coniques HSS \/ HSS Cobalt"},"content":{"rendered":"<p>FRAISE CONIQUE HSS 12,4 mm<br \/>\nSelon la norme DIN 335C \/ angle de 90 degr\u00e9s;3 ar\u00eates de coupe;\u00c9bavurage et fraisage conique en une seule passe selon la norme DIN74\/75;G\u00e9om\u00e9trie de coupe optimis\u00e9e pour un centrage facile, une bonne \u00e9vacuation des copeaux et de faibles vibrations;La meilleure dur\u00e9e de vie est obtenue avec l&#8217;utilisation d&#8217;un lubrifiant;Convient pour l&#8217;acier &lt; 900 N\/mm\u00b2, l&#8217;aluminium et le plastique<\/p>\n<p>4932493972<br \/>\n4058546511326<\/p>\n","protected":false},"excerpt":{"rendered":"<p>FRAISE CONIQUE HSS 12,4 mm<\/p>\n","protected":false},"featured_media":564755,"template":"","meta":{"_seopress_robots_primary_cat":"","_seopress_titles_title":"","_seopress_titles_desc":"","_seopress_robots_index":""},"product_brand":[3407],"product_cat":[29,514,550],"product_tag":[3270],"class_list":{"0":"post-624699","1":"product","2":"type-product","3":"status-publish","4":"has-post-thumbnail","6":"product_brand-milwaukee","7":"product_cat-macchinari","8":"product_cat-altri-dispositivi","9":"product_cat-accessori-per-trapani-ed-avvitatori","10":"product_tag-import-milwau","11":"sws-conto-ricavi-merci-rivendita-macchinari-fr","12":"sws-gruppo-iva-iva81-fr","14":"first","15":"onbackorder","16":"sale","17":"shipping-taxable","18":"purchasable","19":"product-type-simple"},"_links":{"self":[{"href":"https:\/\/lucacastelli.com\/fr\/wp-json\/wp\/v2\/product\/624699","targetHints":{"allow":["GET"]}}],"collection":[{"href":"https:\/\/lucacastelli.com\/fr\/wp-json\/wp\/v2\/product"}],"about":[{"href":"https:\/\/lucacastelli.com\/fr\/wp-json\/wp\/v2\/types\/product"}],"wp:featuredmedia":[{"embeddable":true,"href":"https:\/\/lucacastelli.com\/fr\/wp-json\/wp\/v2\/media\/564755"}],"wp:attachment":[{"href":"https:\/\/lucacastelli.com\/fr\/wp-json\/wp\/v2\/media?parent=624699"}],"wp:term":[{"taxonomy":"product_brand","embeddable":true,"href":"https:\/\/lucacastelli.com\/fr\/wp-json\/wp\/v2\/product_brand?post=624699"},{"taxonomy":"product_cat","embeddable":true,"href":"https:\/\/lucacastelli.com\/fr\/wp-json\/wp\/v2\/product_cat?post=624699"},{"taxonomy":"product_tag","embeddable":true,"href":"https:\/\/lucacastelli.com\/fr\/wp-json\/wp\/v2\/product_tag?post=624699"}],"curies":[{"name":"wp","href":"https:\/\/api.w.org\/{rel}","templated":true}]}}