{"id":624683,"date":"2025-08-08T19:29:11","date_gmt":"2025-08-08T17:29:11","guid":{"rendered":"https:\/\/lucacastelli.com\/prodotto\/milwaukee-jeu-de-10-forets-sds-plus-mx4\/"},"modified":"2025-08-08T19:29:11","modified_gmt":"2025-08-08T17:29:11","slug":"milwaukee-jeu-de-10-forets-sds-plus-mx4","status":"publish","type":"product","link":"https:\/\/lucacastelli.com\/fr\/produit\/milwaukee-jeu-de-10-forets-sds-plus-mx4\/","title":{"rendered":"Milwaukee Jeu de 10 forets SDS-Plus MX4"},"content":{"rendered":"<p>SET 3 SDS-Plus MX4 BITTERS 10pcs<br \/>\nBloc unique en carbure \u00e0 4 tranchants (4&#215;90\u00b0). Pour des trous parfaitement ronds et un ancrage optimal. ;Nouvelle conception de l&#8217;ar\u00eate de coupe pour un per\u00e7age facile, une plus grande pr\u00e9cision et des performances accrues sur les barres d&#8217;armature. ;Ar\u00eate de coupe en carbure soud\u00e9e sur le corps de la perceuse (5-10 mm) et ar\u00eate de coupe en carbure sertie et soud\u00e9e sur le corps de la perceuse (12-32 mm) pour une durabilit\u00e9 accrue.G\u00e9om\u00e9trie \u00e0 4 rainures : la g\u00e9om\u00e9trie \u00e0 grand volume et \u00e0 4 h\u00e9lices garantit une \u00e9vacuation optimale de la poussi\u00e8re et des d\u00e9bris ;Pointe de centrage ;Pour un per\u00e7age ponctuel facile avec une pr\u00e9cision millim\u00e9trique.;Certifi\u00e9 PGM;Fabriqu\u00e9 en Allemagne.<\/p>\n<p>4932492115<br \/>\n4058546414825<\/p>\n","protected":false},"excerpt":{"rendered":"<p>SET 3 SDS-Plus MX4 DRIVES 10pcs.<\/p>\n","protected":false},"featured_media":491422,"template":"","meta":{"_seopress_robots_primary_cat":"","_seopress_titles_title":"","_seopress_titles_desc":"","_seopress_robots_index":""},"product_brand":[3658],"product_cat":[167,1453,1555],"product_tag":[3273],"class_list":{"0":"post-624683","1":"product","2":"type-product","3":"status-publish","4":"has-post-thumbnail","6":"product_brand-milwaukee-fr","7":"product_cat-machines","8":"product_cat-autres-appareils","9":"product_cat-accessoires-pour-perceuses-et-tournevis","10":"product_tag-import-milwau-fr","11":"sws-conto-ricavi-merci-rivendita-macchinari-fr","12":"sws-gruppo-iva-iva81-fr","14":"first","15":"onbackorder","16":"shipping-taxable","17":"purchasable","18":"product-type-simple"},"_links":{"self":[{"href":"https:\/\/lucacastelli.com\/fr\/wp-json\/wp\/v2\/product\/624683","targetHints":{"allow":["GET"]}}],"collection":[{"href":"https:\/\/lucacastelli.com\/fr\/wp-json\/wp\/v2\/product"}],"about":[{"href":"https:\/\/lucacastelli.com\/fr\/wp-json\/wp\/v2\/types\/product"}],"wp:featuredmedia":[{"embeddable":true,"href":"https:\/\/lucacastelli.com\/fr\/wp-json\/wp\/v2\/media\/491422"}],"wp:attachment":[{"href":"https:\/\/lucacastelli.com\/fr\/wp-json\/wp\/v2\/media?parent=624683"}],"wp:term":[{"taxonomy":"product_brand","embeddable":true,"href":"https:\/\/lucacastelli.com\/fr\/wp-json\/wp\/v2\/product_brand?post=624683"},{"taxonomy":"product_cat","embeddable":true,"href":"https:\/\/lucacastelli.com\/fr\/wp-json\/wp\/v2\/product_cat?post=624683"},{"taxonomy":"product_tag","embeddable":true,"href":"https:\/\/lucacastelli.com\/fr\/wp-json\/wp\/v2\/product_tag?post=624683"}],"curies":[{"name":"wp","href":"https:\/\/api.w.org\/{rel}","templated":true}]}}