{"id":624675,"date":"2025-08-08T19:29:06","date_gmt":"2025-08-08T17:29:06","guid":{"rendered":"https:\/\/lucacastelli.com\/prodotto\/milwaukee-set-35pcs-avv-choc\/"},"modified":"2025-08-08T19:29:06","modified_gmt":"2025-08-08T17:29:06","slug":"milwaukee-set-35pcs-avv-choc","status":"publish","type":"product","link":"https:\/\/lucacastelli.com\/fr\/produit\/milwaukee-set-35pcs-avv-choc\/","title":{"rendered":"Milwaukee SET 35pcs AVV. CHOC"},"content":{"rendered":"<p>SET 35pcs AVV. SHOCKWAVE<br \/>\nCon\u00e7u pour \u00eatre utilis\u00e9 avec les cl\u00e9s \u00e0 chocs. Cette gamme d&#8217;accessoires est non seulement id\u00e9ale pour les applications lourdes, mais offre \u00e9galement une solution compl\u00e8te pour r\u00e9pondre aux besoins de fixation des utilisateurs;Shock Zone Shockwave &#8211; con\u00e7u pour \u00eatre extr\u00eamement flexible;La zone de choc r\u00e9duit la contrainte sur l&#8217;embout, ce qui permet de r\u00e9duire la casse. La combinaison de la conception Shock Zone et du traitement thermique sp\u00e9cial permet \u00e0 l&#8217;embout d&#8217;\u00eatre extr\u00eamement durable;Cette gamme d&#8217;embouts et de fixations magn\u00e9tiques est produite gr\u00e2ce \u00e0 un traitement thermique sp\u00e9cial de l&#8217;acier. Ce proc\u00e9d\u00e9 rend l&#8217;acier encore plus dur que l&#8217;acier S2 (utilis\u00e9 dans les versions standard);Acier sp\u00e9cial d\u00e9velopp\u00e9 par Milwaukee avec une formule sp\u00e9ciale qui le rend plus r\u00e9sistant aux contraintes de torsion.   <\/p>\n<p>4932492003<br \/>\n4058546413705<\/p>\n","protected":false},"excerpt":{"rendered":"<p>SET 35pcs AVV. ONDES DE CHOC<\/p>\n","protected":false},"featured_media":554695,"template":"","meta":{"_seopress_robots_primary_cat":"","_seopress_titles_title":"","_seopress_titles_desc":"","_seopress_robots_index":""},"product_brand":[3407],"product_cat":[29,514,550],"product_tag":[3270],"class_list":{"0":"post-624675","1":"product","2":"type-product","3":"status-publish","4":"has-post-thumbnail","6":"product_brand-milwaukee","7":"product_cat-macchinari","8":"product_cat-altri-dispositivi","9":"product_cat-accessori-per-trapani-ed-avvitatori","10":"product_tag-import-milwau","11":"sws-conto-ricavi-merci-rivendita-macchinari-fr","12":"sws-gruppo-iva-iva81-fr","14":"first","15":"onbackorder","16":"shipping-taxable","17":"purchasable","18":"product-type-simple"},"_links":{"self":[{"href":"https:\/\/lucacastelli.com\/fr\/wp-json\/wp\/v2\/product\/624675","targetHints":{"allow":["GET"]}}],"collection":[{"href":"https:\/\/lucacastelli.com\/fr\/wp-json\/wp\/v2\/product"}],"about":[{"href":"https:\/\/lucacastelli.com\/fr\/wp-json\/wp\/v2\/types\/product"}],"wp:featuredmedia":[{"embeddable":true,"href":"https:\/\/lucacastelli.com\/fr\/wp-json\/wp\/v2\/media\/554695"}],"wp:attachment":[{"href":"https:\/\/lucacastelli.com\/fr\/wp-json\/wp\/v2\/media?parent=624675"}],"wp:term":[{"taxonomy":"product_brand","embeddable":true,"href":"https:\/\/lucacastelli.com\/fr\/wp-json\/wp\/v2\/product_brand?post=624675"},{"taxonomy":"product_cat","embeddable":true,"href":"https:\/\/lucacastelli.com\/fr\/wp-json\/wp\/v2\/product_cat?post=624675"},{"taxonomy":"product_tag","embeddable":true,"href":"https:\/\/lucacastelli.com\/fr\/wp-json\/wp\/v2\/product_tag?post=624675"}],"curies":[{"name":"wp","href":"https:\/\/api.w.org\/{rel}","templated":true}]}}