{"id":624674,"date":"2025-08-08T19:29:08","date_gmt":"2025-08-08T17:29:08","guid":{"rendered":"https:\/\/lucacastelli.com\/prodotto\/milwaukee-set-2-de-5-foreuses-sds-plus-mx4\/"},"modified":"2025-08-08T19:29:08","modified_gmt":"2025-08-08T17:29:08","slug":"milwaukee-set-2-de-5-foreuses-sds-plus-mx4","status":"publish","type":"product","link":"https:\/\/lucacastelli.com\/fr\/produit\/milwaukee-set-2-de-5-foreuses-sds-plus-mx4\/","title":{"rendered":"Milwaukee Set 2 de 5 foreuses SDS-Plus MX4"},"content":{"rendered":"<p>SDS+ MX4 Set 2-5pc<br \/>\nBloc unique en carbure \u00e0 4 fraises (4&#215;90\u00b0). Pour des trous parfaitement ronds et un ancrage optimal;G\u00e9om\u00e9trie \u00e0 4 rainures, assure une extraction maximale de la poussi\u00e8re et des d\u00e9bris;Pointe de centrage pour un centrage facile et une pr\u00e9cision maximale des trous;Plus de carbure conduit \u00e0 une dur\u00e9e de vie plus longue;4 dents de brise-roche produisent des micro-fractures dans le b\u00e9ton qui augmentent la vitesse. Elles pulv\u00e9risent le mat\u00e9riau plus efficacement. 20 % plus rapide que les concurrents;Chanfreinage lat\u00e9ral de l&#8217;ar\u00eate de coupe pour une plus grande r\u00e9sistance dans le b\u00e9ton arm\u00e9. Ces forets ont une dur\u00e9e de vie 4 fois sup\u00e9rieure \u00e0 celle des forets \u00e0 2 couteaux;Nouvelle conception de l&#8217;\u00e9paulement qui s&#8217;affine \u00e0 mesure qu&#8217;il se rapproche du bord de coupe pour une meilleure extraction de la poussi\u00e8re, une plus grande vitesse et une friction minimis\u00e9e. Jusqu&#8217;\u00e0 20 % de trous en plus par charge par rapport aux concurrents;Fabriqu\u00e9 en Allemagne     <\/p>\n<p>4932498298<br \/>\n4058546521677<\/p>\n","protected":false},"excerpt":{"rendered":"<p>Set SDS+ MX4 2-5pc<\/p>\n","protected":false},"featured_media":567056,"template":"","meta":{"_seopress_robots_primary_cat":"","_seopress_titles_title":"","_seopress_titles_desc":"","_seopress_robots_index":""},"product_brand":[3407],"product_cat":[29,514,550],"product_tag":[3270],"class_list":{"0":"post-624674","1":"product","2":"type-product","3":"status-publish","4":"has-post-thumbnail","6":"product_brand-milwaukee","7":"product_cat-macchinari","8":"product_cat-altri-dispositivi","9":"product_cat-accessori-per-trapani-ed-avvitatori","10":"product_tag-import-milwau","11":"sws-conto-ricavi-merci-rivendita-macchinari-fr","12":"sws-gruppo-iva-iva81-fr","14":"first","15":"onbackorder","16":"shipping-taxable","17":"purchasable","18":"product-type-simple"},"_links":{"self":[{"href":"https:\/\/lucacastelli.com\/fr\/wp-json\/wp\/v2\/product\/624674","targetHints":{"allow":["GET"]}}],"collection":[{"href":"https:\/\/lucacastelli.com\/fr\/wp-json\/wp\/v2\/product"}],"about":[{"href":"https:\/\/lucacastelli.com\/fr\/wp-json\/wp\/v2\/types\/product"}],"wp:featuredmedia":[{"embeddable":true,"href":"https:\/\/lucacastelli.com\/fr\/wp-json\/wp\/v2\/media\/567056"}],"wp:attachment":[{"href":"https:\/\/lucacastelli.com\/fr\/wp-json\/wp\/v2\/media?parent=624674"}],"wp:term":[{"taxonomy":"product_brand","embeddable":true,"href":"https:\/\/lucacastelli.com\/fr\/wp-json\/wp\/v2\/product_brand?post=624674"},{"taxonomy":"product_cat","embeddable":true,"href":"https:\/\/lucacastelli.com\/fr\/wp-json\/wp\/v2\/product_cat?post=624674"},{"taxonomy":"product_tag","embeddable":true,"href":"https:\/\/lucacastelli.com\/fr\/wp-json\/wp\/v2\/product_tag?post=624674"}],"curies":[{"name":"wp","href":"https:\/\/api.w.org\/{rel}","templated":true}]}}