{"id":624651,"date":"2025-08-08T19:28:58","date_gmt":"2025-08-08T17:28:58","guid":{"rendered":"https:\/\/lucacastelli.com\/prodotto\/milwaukee-shockwave-set-dembouts-pour-cles-a-chocs-2\/"},"modified":"2025-08-08T19:28:58","modified_gmt":"2025-08-08T17:28:58","slug":"milwaukee-shockwave-set-dembouts-pour-cles-a-chocs-2","status":"publish","type":"product","link":"https:\/\/lucacastelli.com\/fr\/produit\/milwaukee-shockwave-set-dembouts-pour-cles-a-chocs-2\/","title":{"rendered":"Milwaukee SHOCKWAVE set d&#8217;embouts pour cl\u00e9s \u00e0 chocs"},"content":{"rendered":"<p>SET 2 PH BIT SHOCKWAVE + MOSCHETTONE<br \/>\nCon\u00e7u pour \u00eatre utilis\u00e9 avec les cl\u00e9s \u00e0 chocs. Cette gamme d&#8217;accessoires est non seulement id\u00e9ale pour les applications lourdes, mais elle offre \u00e9galement une solution compl\u00e8te pour r\u00e9pondre aux besoins de fixation des utilisateurs;Shock Zone Shockwave &#8211; con\u00e7u pour \u00eatre extr\u00eamement flexible;La zone de choc r\u00e9duit le stress sur l&#8217;embout, ce qui entra\u00eene moins de casse. La combinaison de la conception Shock Zone et du traitement thermique sp\u00e9cial permet \u00e0 l&#8217;embout d&#8217;\u00eatre extr\u00eamement durable;Cette gamme d&#8217;embouts et de fixations magn\u00e9tiques est produite gr\u00e2ce \u00e0 un traitement thermique sp\u00e9cial de l&#8217;acier. Ce proc\u00e9d\u00e9 rend l&#8217;acier encore plus dur que l&#8217;acier S2 (utilis\u00e9 dans les versions standard);Acier sp\u00e9cial d\u00e9velopp\u00e9 par Milwaukee avec une formule sp\u00e9ciale qui le rend plus r\u00e9sistant aux contraintes de torsion.   <\/p>\n<p>4932492939<br \/>\n4058546478100<\/p>\n","protected":false},"excerpt":{"rendered":"<p>SET 2 PH BITS SHOCKWAVE + MOUSQUETON<\/p>\n","protected":false},"featured_media":558931,"template":"","meta":{"_seopress_robots_primary_cat":"","_seopress_titles_title":"","_seopress_titles_desc":"","_seopress_robots_index":""},"product_brand":[3656],"product_cat":[169,1454,1554],"product_tag":[3272],"class_list":{"0":"post-624651","1":"product","2":"type-product","3":"status-publish","4":"has-post-thumbnail","6":"product_brand-milwaukee-de","7":"product_cat-maschinen","8":"product_cat-andere-gerate","9":"product_cat-zubehor-fur-bohrmaschinen-und-schraubendreher","10":"product_tag-import-milwau-de","11":"sws-conto-ricavi-merci-rivendita-macchinari-fr","12":"sws-gruppo-iva-iva81-fr","14":"first","15":"onbackorder","16":"shipping-taxable","17":"purchasable","18":"product-type-simple"},"_links":{"self":[{"href":"https:\/\/lucacastelli.com\/fr\/wp-json\/wp\/v2\/product\/624651","targetHints":{"allow":["GET"]}}],"collection":[{"href":"https:\/\/lucacastelli.com\/fr\/wp-json\/wp\/v2\/product"}],"about":[{"href":"https:\/\/lucacastelli.com\/fr\/wp-json\/wp\/v2\/types\/product"}],"wp:featuredmedia":[{"embeddable":true,"href":"https:\/\/lucacastelli.com\/fr\/wp-json\/wp\/v2\/media\/558931"}],"wp:attachment":[{"href":"https:\/\/lucacastelli.com\/fr\/wp-json\/wp\/v2\/media?parent=624651"}],"wp:term":[{"taxonomy":"product_brand","embeddable":true,"href":"https:\/\/lucacastelli.com\/fr\/wp-json\/wp\/v2\/product_brand?post=624651"},{"taxonomy":"product_cat","embeddable":true,"href":"https:\/\/lucacastelli.com\/fr\/wp-json\/wp\/v2\/product_cat?post=624651"},{"taxonomy":"product_tag","embeddable":true,"href":"https:\/\/lucacastelli.com\/fr\/wp-json\/wp\/v2\/product_tag?post=624651"}],"curies":[{"name":"wp","href":"https:\/\/api.w.org\/{rel}","templated":true}]}}