{"id":624640,"date":"2025-08-08T19:00:18","date_gmt":"2025-08-08T17:00:18","guid":{"rendered":"https:\/\/lucacastelli.com\/prodotto\/milwaukee-jeu-de-cles-hexagonales-pliantes\/"},"modified":"2025-08-08T19:00:18","modified_gmt":"2025-08-08T17:00:18","slug":"milwaukee-jeu-de-cles-hexagonales-pliantes","status":"publish","type":"product","link":"https:\/\/lucacastelli.com\/fr\/produit\/milwaukee-jeu-de-cles-hexagonales-pliantes\/","title":{"rendered":"Milwaukee Jeu de cl\u00e9s hexagonales pliantes"},"content":{"rendered":"<p>JEU DE CL\u00c9S HEXAGONALES PLIANTES<br \/>\n8 cl\u00e9s pliantes pour un acc\u00e8s facile et s\u00fbr;Tailles \u00e0 fort contraste pour une identification rapide et facile;Poign\u00e9e ergonomique pour une prise en main confortable et s\u00fbre;Corps en m\u00e9tal pour une r\u00e9sistance accrue;Tailles d&#8217;hexagones de 1,5 mm \u00e0 8 mm<\/p>\n<p>4932480978<br \/>\n4058546412630<\/p>\n","protected":false},"excerpt":{"rendered":"<p>JEU DE CL\u00c9S HEXAGONALES PLIANTES<\/p>\n","protected":false},"featured_media":599691,"template":"","meta":{"_seopress_robots_primary_cat":"","_seopress_titles_title":"","_seopress_titles_desc":"","_seopress_robots_index":""},"product_brand":[3658],"product_cat":[144,5417],"product_tag":[3273],"class_list":{"0":"post-624640","1":"product","2":"type-product","3":"status-publish","4":"has-post-thumbnail","6":"product_brand-milwaukee-fr","7":"product_cat-equipement","8":"product_cat-outils-pour-atelier","9":"product_tag-import-milwau-fr","10":"sws-conto-ricavi-merci-rivendita-macchinari-fr","11":"sws-gruppo-iva-iva81-fr","13":"first","14":"onbackorder","15":"sale","16":"shipping-taxable","17":"purchasable","18":"product-type-simple"},"_links":{"self":[{"href":"https:\/\/lucacastelli.com\/fr\/wp-json\/wp\/v2\/product\/624640","targetHints":{"allow":["GET"]}}],"collection":[{"href":"https:\/\/lucacastelli.com\/fr\/wp-json\/wp\/v2\/product"}],"about":[{"href":"https:\/\/lucacastelli.com\/fr\/wp-json\/wp\/v2\/types\/product"}],"wp:featuredmedia":[{"embeddable":true,"href":"https:\/\/lucacastelli.com\/fr\/wp-json\/wp\/v2\/media\/599691"}],"wp:attachment":[{"href":"https:\/\/lucacastelli.com\/fr\/wp-json\/wp\/v2\/media?parent=624640"}],"wp:term":[{"taxonomy":"product_brand","embeddable":true,"href":"https:\/\/lucacastelli.com\/fr\/wp-json\/wp\/v2\/product_brand?post=624640"},{"taxonomy":"product_cat","embeddable":true,"href":"https:\/\/lucacastelli.com\/fr\/wp-json\/wp\/v2\/product_cat?post=624640"},{"taxonomy":"product_tag","embeddable":true,"href":"https:\/\/lucacastelli.com\/fr\/wp-json\/wp\/v2\/product_tag?post=624640"}],"curies":[{"name":"wp","href":"https:\/\/api.w.org\/{rel}","templated":true}]}}