{"id":624618,"date":"2025-08-08T17:50:07","date_gmt":"2025-08-08T15:50:07","guid":{"rendered":"https:\/\/lucacastelli.com\/prodotto\/milwaukee-taille-haie-professionnel-75-cm-m18-fuel\/"},"modified":"2025-08-08T17:50:07","modified_gmt":"2025-08-08T15:50:07","slug":"milwaukee-taille-haie-professionnel-75-cm-m18-fuel","status":"publish","type":"product","link":"https:\/\/lucacastelli.com\/fr\/produit\/milwaukee-taille-haie-professionnel-75-cm-m18-fuel\/","title":{"rendered":"Milwaukee Taille-haie professionnel 75 cm M18 FUEL"},"content":{"rendered":"<p>Taille-haie professionnel 75 cm M18 FUEL<br \/>\nM18 FHET75G2-802 \/ Taille-haie<br \/>\nLame de coupe double face \u00e0 triple tranchant de 75 cm pour des coupes nettes et un enl\u00e8vement facile des mat\u00e9riaux;Espacement des dents de 32 mm, avec la puissance n\u00e9cessaire pour couper des branches de bois dur jusqu&#8217;\u00e0 25 mm de diam\u00e8tre;Poign\u00e9e rotative \u00e0 5 positions offrant un meilleur contr\u00f4le dans les diff\u00e9rentes orientations de la lame;Jusqu&#8217;\u00e0 55 minutes d&#8217;autonomie avec 1 M18 FORGE\u2122 8.0 Ah;Ergonomie optimis\u00e9e pour un meilleur contr\u00f4le, en gardant le poids pr\u00e8s de l&#8217;utilisateur;Moteur sans balais POWERSTATE\u2122 qui maintient la puissance sous charge sans s&#8217;enliser;Protection de l&#8217;extr\u00e9mit\u00e9 des lames pour prot\u00e9ger les lames elles-m\u00eames et \u00e9viter d&#8217;endommager accidentellement les cl\u00f4tures ou autres objets;D\u00e9flecteur collecteur inclus avec l&#8217;outil, pour \u00e9liminer les d\u00e9bris pendant l&#8217;application;La technologie FUEL red\u00e9finit les outils \u00e9lectriques sans fil. Le moteur sans balais, l&#8217;\u00e9lectronique REDLINK PLUS\u2122 et le bloc-batterie REDLITHIUM\u2122 offrent des performances et une durabilit\u00e9 sup\u00e9rieures;Fonctionne avec toutes les batteries M18 MILWAUKEEE\u00ae. <\/p>\n<p>4933498388<br \/>\n4058546522575<\/p>\n","protected":false},"excerpt":{"rendered":"<p>M18 FHET75G2-802 \/ TAILLE-HAIE<\/p>\n","protected":false},"featured_media":590760,"template":"","meta":{"_seopress_robots_primary_cat":"","_seopress_titles_title":"","_seopress_titles_desc":"","_seopress_robots_index":""},"product_brand":[3407],"product_cat":[29,282,267],"product_tag":[3270],"class_list":{"0":"post-624618","1":"product","2":"type-product","3":"status-publish","4":"has-post-thumbnail","6":"product_brand-milwaukee","7":"product_cat-macchinari","8":"product_cat-tosasiepi-e-potatori-a-batteria","9":"product_cat-tosasiepi-e-potatori","10":"product_tag-import-milwau","11":"sws-conto-ricavi-merci-rivendita-macchinari-fr","12":"sws-gruppo-iva-iva81-fr","14":"first","15":"onbackorder","16":"sale","17":"shipping-taxable","18":"purchasable","19":"product-type-simple"},"_links":{"self":[{"href":"https:\/\/lucacastelli.com\/fr\/wp-json\/wp\/v2\/product\/624618","targetHints":{"allow":["GET"]}}],"collection":[{"href":"https:\/\/lucacastelli.com\/fr\/wp-json\/wp\/v2\/product"}],"about":[{"href":"https:\/\/lucacastelli.com\/fr\/wp-json\/wp\/v2\/types\/product"}],"wp:featuredmedia":[{"embeddable":true,"href":"https:\/\/lucacastelli.com\/fr\/wp-json\/wp\/v2\/media\/590760"}],"wp:attachment":[{"href":"https:\/\/lucacastelli.com\/fr\/wp-json\/wp\/v2\/media?parent=624618"}],"wp:term":[{"taxonomy":"product_brand","embeddable":true,"href":"https:\/\/lucacastelli.com\/fr\/wp-json\/wp\/v2\/product_brand?post=624618"},{"taxonomy":"product_cat","embeddable":true,"href":"https:\/\/lucacastelli.com\/fr\/wp-json\/wp\/v2\/product_cat?post=624618"},{"taxonomy":"product_tag","embeddable":true,"href":"https:\/\/lucacastelli.com\/fr\/wp-json\/wp\/v2\/product_tag?post=624618"}],"curies":[{"name":"wp","href":"https:\/\/api.w.org\/{rel}","templated":true}]}}