{"id":624616,"date":"2025-08-08T17:47:40","date_gmt":"2025-08-08T15:47:40","guid":{"rendered":"https:\/\/lucacastelli.com\/prodotto\/traceur-milwaukee-4\/"},"modified":"2025-08-08T17:47:40","modified_gmt":"2025-08-08T15:47:40","slug":"traceur-milwaukee-4","status":"publish","type":"product","link":"https:\/\/lucacastelli.com\/fr\/produit\/traceur-milwaukee-4\/","title":{"rendered":"Traceur Milwaukee"},"content":{"rendered":"<p>45 M TRACKER<br \/>\nCordon de 2 mm d&#8217;\u00e9paisseur pour une visibilit\u00e9 maximale;Syst\u00e8me d&#8217;engrenage plan\u00e9taire pour une durabilit\u00e9 accrue;Capacit\u00e9 d&#8217;enroulement de 6:1, permet \u00e0 l&#8217;utilisateur de marquer plus de lignes, augmentant ainsi la productivit\u00e9;Meilleure capacit\u00e9 avec 510g (30 m) et 680g (45 m);Facile \u00e0 ouvrir, avec une grande entr\u00e9e pour un rechargement facile;Fixation facile du cordon gr\u00e2ce \u00e0 l&#8217;anneau d&#8217;attache<\/p>\n<p>4932471635<br \/>\n4058546295349<\/p>\n","protected":false},"excerpt":{"rendered":"<p>45 M TRACER<\/p>\n","protected":false},"featured_media":537455,"template":"","meta":{"_seopress_robots_primary_cat":"","_seopress_titles_title":"","_seopress_titles_desc":"","_seopress_robots_index":""},"product_brand":[3407],"product_cat":[29,514,551],"product_tag":[3270],"class_list":{"0":"post-624616","1":"product","2":"type-product","3":"status-publish","4":"has-post-thumbnail","6":"product_brand-milwaukee","7":"product_cat-macchinari","8":"product_cat-altri-dispositivi","9":"product_cat-apparecchi-di-misurazione","10":"product_tag-import-milwau","11":"sws-conto-ricavi-merci-rivendita-macchinari-fr","12":"sws-gruppo-iva-iva81-fr","14":"first","15":"onbackorder","16":"sale","17":"shipping-taxable","18":"purchasable","19":"product-type-simple"},"_links":{"self":[{"href":"https:\/\/lucacastelli.com\/fr\/wp-json\/wp\/v2\/product\/624616","targetHints":{"allow":["GET"]}}],"collection":[{"href":"https:\/\/lucacastelli.com\/fr\/wp-json\/wp\/v2\/product"}],"about":[{"href":"https:\/\/lucacastelli.com\/fr\/wp-json\/wp\/v2\/types\/product"}],"wp:featuredmedia":[{"embeddable":true,"href":"https:\/\/lucacastelli.com\/fr\/wp-json\/wp\/v2\/media\/537455"}],"wp:attachment":[{"href":"https:\/\/lucacastelli.com\/fr\/wp-json\/wp\/v2\/media?parent=624616"}],"wp:term":[{"taxonomy":"product_brand","embeddable":true,"href":"https:\/\/lucacastelli.com\/fr\/wp-json\/wp\/v2\/product_brand?post=624616"},{"taxonomy":"product_cat","embeddable":true,"href":"https:\/\/lucacastelli.com\/fr\/wp-json\/wp\/v2\/product_cat?post=624616"},{"taxonomy":"product_tag","embeddable":true,"href":"https:\/\/lucacastelli.com\/fr\/wp-json\/wp\/v2\/product_tag?post=624616"}],"curies":[{"name":"wp","href":"https:\/\/api.w.org\/{rel}","templated":true}]}}