{"id":624612,"date":"2025-08-08T17:47:41","date_gmt":"2025-08-08T15:47:41","guid":{"rendered":"https:\/\/lucacastelli.com\/prodotto\/traceur-milwaukee-3\/"},"modified":"2025-08-08T17:47:41","modified_gmt":"2025-08-08T15:47:41","slug":"traceur-milwaukee-3","status":"publish","type":"product","link":"https:\/\/lucacastelli.com\/fr\/produit\/traceur-milwaukee-3\/","title":{"rendered":"Traceur Milwaukee"},"content":{"rendered":"<p>TRACKER 30 M<br \/>\nCordon de 2 mm d&#8217;\u00e9paisseur pour une visibilit\u00e9 maximale;Syst\u00e8me d&#8217;engrenage plan\u00e9taire pour une plus grande durabilit\u00e9;Capacit\u00e9 d&#8217;enroulement de 6:1, permet \u00e0 l&#8217;utilisateur de marquer plus de lignes, augmentant ainsi la productivit\u00e9;Meilleure capacit\u00e9 avec 510g (30 m) et 680g (45 m);Facile \u00e0 ouvrir, avec une grande entr\u00e9e pour une recharge facile;Fixation facile du cordon gr\u00e2ce \u00e0 l&#8217;anneau d&#8217;attache<\/p>\n<p>4932471634<br \/>\n4058546295332<\/p>\n","protected":false},"excerpt":{"rendered":"<p>30 M TRACKER<\/p>\n","protected":false},"featured_media":537455,"template":"","meta":{"_seopress_robots_primary_cat":"","_seopress_titles_title":"","_seopress_titles_desc":"","_seopress_robots_index":""},"product_brand":[3658],"product_cat":[1471,1453,167],"product_tag":[3273],"class_list":{"0":"post-624612","1":"product","2":"type-product","3":"status-publish","4":"has-post-thumbnail","6":"product_brand-milwaukee-fr","7":"product_cat-appareils-de-mesure","8":"product_cat-autres-appareils","9":"product_cat-machines","10":"product_tag-import-milwau-fr","11":"sws-conto-ricavi-merci-rivendita-macchinari-fr","12":"sws-gruppo-iva-iva81-fr","14":"first","15":"onbackorder","16":"sale","17":"shipping-taxable","18":"purchasable","19":"product-type-simple"},"_links":{"self":[{"href":"https:\/\/lucacastelli.com\/fr\/wp-json\/wp\/v2\/product\/624612","targetHints":{"allow":["GET"]}}],"collection":[{"href":"https:\/\/lucacastelli.com\/fr\/wp-json\/wp\/v2\/product"}],"about":[{"href":"https:\/\/lucacastelli.com\/fr\/wp-json\/wp\/v2\/types\/product"}],"wp:featuredmedia":[{"embeddable":true,"href":"https:\/\/lucacastelli.com\/fr\/wp-json\/wp\/v2\/media\/537455"}],"wp:attachment":[{"href":"https:\/\/lucacastelli.com\/fr\/wp-json\/wp\/v2\/media?parent=624612"}],"wp:term":[{"taxonomy":"product_brand","embeddable":true,"href":"https:\/\/lucacastelli.com\/fr\/wp-json\/wp\/v2\/product_brand?post=624612"},{"taxonomy":"product_cat","embeddable":true,"href":"https:\/\/lucacastelli.com\/fr\/wp-json\/wp\/v2\/product_cat?post=624612"},{"taxonomy":"product_tag","embeddable":true,"href":"https:\/\/lucacastelli.com\/fr\/wp-json\/wp\/v2\/product_tag?post=624612"}],"curies":[{"name":"wp","href":"https:\/\/api.w.org\/{rel}","templated":true}]}}