{"id":624602,"date":"2025-08-08T17:47:36","date_gmt":"2025-08-08T15:47:36","guid":{"rendered":"https:\/\/lucacastelli.com\/prodotto\/traceur-de-lignes-fines-milwaukee\/"},"modified":"2025-08-08T17:47:36","modified_gmt":"2025-08-08T15:47:36","slug":"traceur-de-lignes-fines-milwaukee","status":"publish","type":"product","link":"https:\/\/lucacastelli.com\/fr\/produit\/traceur-de-lignes-fines-milwaukee\/","title":{"rendered":"Traceur de lignes fines Milwaukee"},"content":{"rendered":"<p>Enrouleur de craie \u00e0 lignes fines + recharge de craie bleue<br \/>\nSyst\u00e8me d&#8217;engrenage plan\u00e9taire pour une durabilit\u00e9 accrue;Capacit\u00e9 d&#8217;enroulement de 6:1, permet \u00e0 l&#8217;utilisateur de marquer plus de lignes tout en augmentant sa productivit\u00e9;Meilleure capacit\u00e9;Facile \u00e0 ouvrir, avec une grande entr\u00e9e pour une recharge facile;Fixation facile de la lani\u00e8re gr\u00e2ce \u00e0 l&#8217;anneau d&#8217;attache<\/p>\n<p>4932493814<br \/>\n4058546509743<\/p>\n","protected":false},"excerpt":{"rendered":"<p>D\u00e9vidoir de craie \u00e0 ligne fine + recharge de craie bleue<\/p>\n","protected":false},"featured_media":564491,"template":"","meta":{"_seopress_robots_primary_cat":"","_seopress_titles_title":"","_seopress_titles_desc":"","_seopress_robots_index":""},"product_brand":[3658],"product_cat":[1471,1453,167],"product_tag":[3273],"class_list":{"0":"post-624602","1":"product","2":"type-product","3":"status-publish","4":"has-post-thumbnail","6":"product_brand-milwaukee-fr","7":"product_cat-appareils-de-mesure","8":"product_cat-autres-appareils","9":"product_cat-machines","10":"product_tag-import-milwau-fr","11":"sws-conto-ricavi-merci-rivendita-macchinari-fr","12":"sws-gruppo-iva-iva81-fr","14":"first","15":"onbackorder","16":"sale","17":"shipping-taxable","18":"purchasable","19":"product-type-simple"},"_links":{"self":[{"href":"https:\/\/lucacastelli.com\/fr\/wp-json\/wp\/v2\/product\/624602","targetHints":{"allow":["GET"]}}],"collection":[{"href":"https:\/\/lucacastelli.com\/fr\/wp-json\/wp\/v2\/product"}],"about":[{"href":"https:\/\/lucacastelli.com\/fr\/wp-json\/wp\/v2\/types\/product"}],"wp:featuredmedia":[{"embeddable":true,"href":"https:\/\/lucacastelli.com\/fr\/wp-json\/wp\/v2\/media\/564491"}],"wp:attachment":[{"href":"https:\/\/lucacastelli.com\/fr\/wp-json\/wp\/v2\/media?parent=624602"}],"wp:term":[{"taxonomy":"product_brand","embeddable":true,"href":"https:\/\/lucacastelli.com\/fr\/wp-json\/wp\/v2\/product_brand?post=624602"},{"taxonomy":"product_cat","embeddable":true,"href":"https:\/\/lucacastelli.com\/fr\/wp-json\/wp\/v2\/product_cat?post=624602"},{"taxonomy":"product_tag","embeddable":true,"href":"https:\/\/lucacastelli.com\/fr\/wp-json\/wp\/v2\/product_tag?post=624602"}],"curies":[{"name":"wp","href":"https:\/\/api.w.org\/{rel}","templated":true}]}}