{"id":624597,"date":"2025-08-08T17:47:35","date_gmt":"2025-08-08T15:47:35","guid":{"rendered":"https:\/\/lucacastelli.com\/prodotto\/traceur-de-lignes-epaisses-milwaukee\/"},"modified":"2025-08-08T17:47:35","modified_gmt":"2025-08-08T15:47:35","slug":"traceur-de-lignes-epaisses-milwaukee","status":"publish","type":"product","link":"https:\/\/lucacastelli.com\/fr\/produit\/traceur-de-lignes-epaisses-milwaukee\/","title":{"rendered":"Traceur de lignes \u00e9paisses Milwaukee"},"content":{"rendered":"<p>Enrouleur de craie Bold Line + recharge de craie rouge<br \/>\nSyst\u00e8me d&#8217;engrenage plan\u00e9taire pour une durabilit\u00e9 accrue;Capacit\u00e9 d&#8217;enroulement de 6:1, permet \u00e0 l&#8217;utilisateur de marquer plus de lignes tout en augmentant sa productivit\u00e9;Meilleure capacit\u00e9;Facile \u00e0 ouvrir, avec une grande entr\u00e9e pour une recharge facile;Attache facile du cordon gr\u00e2ce \u00e0 l&#8217;anneau de fixation<\/p>\n<p>4932498391<br \/>\n4058546522605.<\/p>\n","protected":false},"excerpt":{"rendered":"<p>D\u00e9vidoir de craie Bold Line + recharge de craie rouge<\/p>\n","protected":false},"featured_media":567326,"template":"","meta":{"_seopress_robots_primary_cat":"","_seopress_titles_title":"","_seopress_titles_desc":"","_seopress_robots_index":""},"product_brand":[3407],"product_cat":[29,514,551],"product_tag":[3270],"class_list":{"0":"post-624597","1":"product","2":"type-product","3":"status-publish","4":"has-post-thumbnail","6":"product_brand-milwaukee","7":"product_cat-macchinari","8":"product_cat-altri-dispositivi","9":"product_cat-apparecchi-di-misurazione","10":"product_tag-import-milwau","11":"sws-conto-ricavi-merci-rivendita-macchinari-fr","12":"sws-gruppo-iva-iva81-fr","14":"first","15":"onbackorder","16":"sale","17":"shipping-taxable","18":"purchasable","19":"product-type-simple"},"_links":{"self":[{"href":"https:\/\/lucacastelli.com\/fr\/wp-json\/wp\/v2\/product\/624597","targetHints":{"allow":["GET"]}}],"collection":[{"href":"https:\/\/lucacastelli.com\/fr\/wp-json\/wp\/v2\/product"}],"about":[{"href":"https:\/\/lucacastelli.com\/fr\/wp-json\/wp\/v2\/types\/product"}],"wp:featuredmedia":[{"embeddable":true,"href":"https:\/\/lucacastelli.com\/fr\/wp-json\/wp\/v2\/media\/567326"}],"wp:attachment":[{"href":"https:\/\/lucacastelli.com\/fr\/wp-json\/wp\/v2\/media?parent=624597"}],"wp:term":[{"taxonomy":"product_brand","embeddable":true,"href":"https:\/\/lucacastelli.com\/fr\/wp-json\/wp\/v2\/product_brand?post=624597"},{"taxonomy":"product_cat","embeddable":true,"href":"https:\/\/lucacastelli.com\/fr\/wp-json\/wp\/v2\/product_cat?post=624597"},{"taxonomy":"product_tag","embeddable":true,"href":"https:\/\/lucacastelli.com\/fr\/wp-json\/wp\/v2\/product_tag?post=624597"}],"curies":[{"name":"wp","href":"https:\/\/api.w.org\/{rel}","templated":true}]}}