{"id":624594,"date":"2025-08-08T17:47:33","date_gmt":"2025-08-08T15:47:33","guid":{"rendered":"https:\/\/lucacastelli.com\/prodotto\/milwaukee-trepied-de-chantier-3-metres-pour-lasers\/"},"modified":"2025-08-08T17:47:33","modified_gmt":"2025-08-08T15:47:33","slug":"milwaukee-trepied-de-chantier-3-metres-pour-lasers","status":"publish","type":"product","link":"https:\/\/lucacastelli.com\/fr\/produit\/milwaukee-trepied-de-chantier-3-metres-pour-lasers\/","title":{"rendered":"Milwaukee Tr\u00e9pied de chantier 3 m\u00e8tres pour lasers"},"content":{"rendered":"<p>TRP300 \/ LASER LEVEL ACCESSORIES<br \/>\nJusqu&#8217;\u00e0 2,95 m de port\u00e9e pour une installation facile \u00e0 la plupart des hauteurs de travail courantes;Pieds \u00e0 picots caoutchout\u00e9s, pour une polyvalence de configuration maximale;1.10 m\u00e8tres de port\u00e9e d&#8217;extension, pour un micro-ajustement du laser en hauteur;Bandouli\u00e8re pour un port confortable et mains libres lors du transport du laser;Filetage standard de 5\/8 pouces compatible avec tous les lasers rotatifs et tous les lasers Milwaukee M12\u2122;Poign\u00e9e renforc\u00e9e pour plus de durabilit\u00e9;Cadre en aluminium et pieds en acier pour une utilisation dans toutes les conditions de chantier;Bulle pour une mise \u00e0 niveau rapide et facile du tr\u00e9pied<\/p>\n<p>4932493200<br \/>\n4058546480714.<\/p>\n","protected":false},"excerpt":{"rendered":"<p>TRP300 \/NIVEAU LASER ACCESSOIRES<\/p>\n","protected":false},"featured_media":599561,"template":"","meta":{"_seopress_robots_primary_cat":"","_seopress_titles_title":"","_seopress_titles_desc":"","_seopress_robots_index":""},"product_brand":[3407],"product_cat":[29,514,551],"product_tag":[3270],"class_list":{"0":"post-624594","1":"product","2":"type-product","3":"status-publish","4":"has-post-thumbnail","6":"product_brand-milwaukee","7":"product_cat-macchinari","8":"product_cat-altri-dispositivi","9":"product_cat-apparecchi-di-misurazione","10":"product_tag-import-milwau","11":"sws-conto-ricavi-merci-rivendita-macchinari-fr","12":"sws-gruppo-iva-iva81-fr","14":"first","15":"onbackorder","16":"sale","17":"shipping-taxable","18":"purchasable","19":"product-type-simple"},"_links":{"self":[{"href":"https:\/\/lucacastelli.com\/fr\/wp-json\/wp\/v2\/product\/624594","targetHints":{"allow":["GET"]}}],"collection":[{"href":"https:\/\/lucacastelli.com\/fr\/wp-json\/wp\/v2\/product"}],"about":[{"href":"https:\/\/lucacastelli.com\/fr\/wp-json\/wp\/v2\/types\/product"}],"wp:featuredmedia":[{"embeddable":true,"href":"https:\/\/lucacastelli.com\/fr\/wp-json\/wp\/v2\/media\/599561"}],"wp:attachment":[{"href":"https:\/\/lucacastelli.com\/fr\/wp-json\/wp\/v2\/media?parent=624594"}],"wp:term":[{"taxonomy":"product_brand","embeddable":true,"href":"https:\/\/lucacastelli.com\/fr\/wp-json\/wp\/v2\/product_brand?post=624594"},{"taxonomy":"product_cat","embeddable":true,"href":"https:\/\/lucacastelli.com\/fr\/wp-json\/wp\/v2\/product_cat?post=624594"},{"taxonomy":"product_tag","embeddable":true,"href":"https:\/\/lucacastelli.com\/fr\/wp-json\/wp\/v2\/product_tag?post=624594"}],"curies":[{"name":"wp","href":"https:\/\/api.w.org\/{rel}","templated":true}]}}