{"id":624591,"date":"2025-08-08T17:47:34","date_gmt":"2025-08-08T15:47:34","guid":{"rendered":"https:\/\/lucacastelli.com\/prodotto\/milwaukee-trepied-de-chantier-16-metre-pour-lasers\/"},"modified":"2025-08-08T17:47:34","modified_gmt":"2025-08-08T15:47:34","slug":"milwaukee-trepied-de-chantier-16-metre-pour-lasers","status":"publish","type":"product","link":"https:\/\/lucacastelli.com\/fr\/produit\/milwaukee-trepied-de-chantier-16-metre-pour-lasers\/","title":{"rendered":"Milwaukee Tr\u00e9pied de chantier 1,6 m\u00e8tre pour lasers"},"content":{"rendered":"<p>TRP160 \/ACCESSOIRES POUR LES NIVEAUX DE LASER<br \/>\nExtension jusqu&#8217;\u00e0 1,60 m pour une mise en place facile aux hauteurs de travail les plus courantes;Cadre en aluminium et pieds en acier pour une utilisation dans toutes les conditions de chantier;Poign\u00e9e renforc\u00e9e pour plus de durabilit\u00e9 ;Bandouli\u00e8re pour un port confortable et mains libres lors du transport du laser;Filetage standard de 5\/8 de pouce compatible avec tous les lasers rotatifs Milwaukee M12\u2122 et tous les lasers Milwaukee;Bulle de mise \u00e0 niveau de tr\u00e9pied rapide et facile<\/p>\n<p>4932493199<br \/>\n4058546480707.<\/p>\n","protected":false},"excerpt":{"rendered":"<p>TRP160 \/NIVEAU LASER ACCESSOIRES<\/p>\n","protected":false},"featured_media":561421,"template":"","meta":{"_seopress_robots_primary_cat":"","_seopress_titles_title":"","_seopress_titles_desc":"","_seopress_robots_index":""},"product_brand":[3407],"product_cat":[29,514,551],"product_tag":[3270],"class_list":{"0":"post-624591","1":"product","2":"type-product","3":"status-publish","4":"has-post-thumbnail","6":"product_brand-milwaukee","7":"product_cat-macchinari","8":"product_cat-altri-dispositivi","9":"product_cat-apparecchi-di-misurazione","10":"product_tag-import-milwau","11":"sws-conto-ricavi-merci-rivendita-macchinari-fr","12":"sws-gruppo-iva-iva81-fr","14":"first","15":"onbackorder","16":"sale","17":"shipping-taxable","18":"purchasable","19":"product-type-simple"},"_links":{"self":[{"href":"https:\/\/lucacastelli.com\/fr\/wp-json\/wp\/v2\/product\/624591","targetHints":{"allow":["GET"]}}],"collection":[{"href":"https:\/\/lucacastelli.com\/fr\/wp-json\/wp\/v2\/product"}],"about":[{"href":"https:\/\/lucacastelli.com\/fr\/wp-json\/wp\/v2\/types\/product"}],"wp:featuredmedia":[{"embeddable":true,"href":"https:\/\/lucacastelli.com\/fr\/wp-json\/wp\/v2\/media\/561421"}],"wp:attachment":[{"href":"https:\/\/lucacastelli.com\/fr\/wp-json\/wp\/v2\/media?parent=624591"}],"wp:term":[{"taxonomy":"product_brand","embeddable":true,"href":"https:\/\/lucacastelli.com\/fr\/wp-json\/wp\/v2\/product_brand?post=624591"},{"taxonomy":"product_cat","embeddable":true,"href":"https:\/\/lucacastelli.com\/fr\/wp-json\/wp\/v2\/product_cat?post=624591"},{"taxonomy":"product_tag","embeddable":true,"href":"https:\/\/lucacastelli.com\/fr\/wp-json\/wp\/v2\/product_tag?post=624591"}],"curies":[{"name":"wp","href":"https:\/\/api.w.org\/{rel}","templated":true}]}}