{"id":624588,"date":"2025-08-08T17:47:32","date_gmt":"2025-08-08T15:47:32","guid":{"rendered":"https:\/\/lucacastelli.com\/prodotto\/milwaukee-trepied-laser-18-m\/"},"modified":"2025-08-08T17:47:32","modified_gmt":"2025-08-08T15:47:32","slug":"milwaukee-trepied-laser-18-m","status":"publish","type":"product","link":"https:\/\/lucacastelli.com\/fr\/produit\/milwaukee-trepied-laser-18-m\/","title":{"rendered":"Milwaukee Tr\u00e9pied laser 1,8 m"},"content":{"rendered":"<p>TRP180 \/LASER LEVELS pod<br \/>\nMilwaukee\u00ae tr\u00e9pied avec filetage 1\/4\u02dd, id\u00e9al pour r\u00e9gler la hauteur de projection du faisceau horizontal ou pour \u00e9lever le laser;Hauteur r\u00e9glable de 72 cm \u00e0 180 cm ;Le laser peut \u00e9galement \u00eatre fix\u00e9 sous le tr\u00e9pied avec le support 360\u00b0 (non inclus), pour les applications \u00e0 faible hauteur telles que l&#8217;installation de prises \u00e9lectriques;T\u00eate r\u00e9glable et plaque de fixation amovible;Composants renforc\u00e9s dans le poteau central pour une durabilit\u00e9 maximale;Conception l\u00e9g\u00e8re en aluminium<\/p>\n<p>4932478106<br \/>\n4058546340391.<\/p>\n","protected":false},"excerpt":{"rendered":"<p>TRP180 \/Niveaux pod LASER<\/p>\n","protected":false},"featured_media":599557,"template":"","meta":{"_seopress_robots_primary_cat":"","_seopress_titles_title":"","_seopress_titles_desc":"","_seopress_robots_index":""},"product_brand":[3407],"product_cat":[29,514,551],"product_tag":[3270],"class_list":{"0":"post-624588","1":"product","2":"type-product","3":"status-publish","4":"has-post-thumbnail","6":"product_brand-milwaukee","7":"product_cat-macchinari","8":"product_cat-altri-dispositivi","9":"product_cat-apparecchi-di-misurazione","10":"product_tag-import-milwau","11":"sws-conto-ricavi-merci-rivendita-macchinari-fr","12":"sws-gruppo-iva-iva81-fr","14":"first","15":"onbackorder","16":"sale","17":"shipping-taxable","18":"purchasable","19":"product-type-simple"},"_links":{"self":[{"href":"https:\/\/lucacastelli.com\/fr\/wp-json\/wp\/v2\/product\/624588","targetHints":{"allow":["GET"]}}],"collection":[{"href":"https:\/\/lucacastelli.com\/fr\/wp-json\/wp\/v2\/product"}],"about":[{"href":"https:\/\/lucacastelli.com\/fr\/wp-json\/wp\/v2\/types\/product"}],"wp:featuredmedia":[{"embeddable":true,"href":"https:\/\/lucacastelli.com\/fr\/wp-json\/wp\/v2\/media\/599557"}],"wp:attachment":[{"href":"https:\/\/lucacastelli.com\/fr\/wp-json\/wp\/v2\/media?parent=624588"}],"wp:term":[{"taxonomy":"product_brand","embeddable":true,"href":"https:\/\/lucacastelli.com\/fr\/wp-json\/wp\/v2\/product_brand?post=624588"},{"taxonomy":"product_cat","embeddable":true,"href":"https:\/\/lucacastelli.com\/fr\/wp-json\/wp\/v2\/product_cat?post=624588"},{"taxonomy":"product_tag","embeddable":true,"href":"https:\/\/lucacastelli.com\/fr\/wp-json\/wp\/v2\/product_tag?post=624588"}],"curies":[{"name":"wp","href":"https:\/\/api.w.org\/{rel}","templated":true}]}}