{"id":624582,"date":"2025-08-08T17:47:30","date_gmt":"2025-08-08T15:47:30","guid":{"rendered":"https:\/\/lucacastelli.com\/prodotto\/milwaukee-trepied-laser-12-m\/"},"modified":"2025-08-08T17:47:30","modified_gmt":"2025-08-08T15:47:30","slug":"milwaukee-trepied-laser-12-m","status":"publish","type":"product","link":"https:\/\/lucacastelli.com\/fr\/produit\/milwaukee-trepied-laser-12-m\/","title":{"rendered":"Milwaukee Tr\u00e9pied laser 1,2 m"},"content":{"rendered":"<p>1.2 m\u00e8tres Tr\u00e9pied<br \/>\nLe tr\u00e9pied compact pour laser Milwaukee avec filetage 1\/4\u02dd et t\u00eate plate est id\u00e9al pour r\u00e9gler la hauteur de projection du faisceau horizontal ou pour \u00e9lever le laser;Hauteur r\u00e9glable de 47 cm \u00e0 120 cm;\u00c9l\u00e9vation de 29 cm pour un r\u00e9glage pr\u00e9cis de la hauteur ;Le laser peut \u00e9galement \u00eatre fix\u00e9 sous le tr\u00e9pied avec le support 360\u00b0 (non inclus), pour les applications \u00e0 faible hauteur telles que l&#8217;installation de prises \u00e9lectriques;Support l\u00e9ger en aluminium renforc\u00e9 pour une durabilit\u00e9 maximale<\/p>\n<p>4932478959<br \/>\n4058546362416.<\/p>\n","protected":false},"excerpt":{"rendered":"<p>Tr\u00e9pied de 1,2 m\u00e8tre<\/p>\n","protected":false},"featured_media":542533,"template":"","meta":{"_seopress_robots_primary_cat":"","_seopress_titles_title":"","_seopress_titles_desc":"","_seopress_robots_index":""},"product_brand":[3407],"product_cat":[29,514,551],"product_tag":[3270],"class_list":{"0":"post-624582","1":"product","2":"type-product","3":"status-publish","4":"has-post-thumbnail","6":"product_brand-milwaukee","7":"product_cat-macchinari","8":"product_cat-altri-dispositivi","9":"product_cat-apparecchi-di-misurazione","10":"product_tag-import-milwau","11":"sws-conto-ricavi-merci-rivendita-macchinari-fr","12":"sws-gruppo-iva-iva81-fr","14":"first","15":"onbackorder","16":"sale","17":"shipping-taxable","18":"purchasable","19":"product-type-simple"},"_links":{"self":[{"href":"https:\/\/lucacastelli.com\/fr\/wp-json\/wp\/v2\/product\/624582","targetHints":{"allow":["GET"]}}],"collection":[{"href":"https:\/\/lucacastelli.com\/fr\/wp-json\/wp\/v2\/product"}],"about":[{"href":"https:\/\/lucacastelli.com\/fr\/wp-json\/wp\/v2\/types\/product"}],"wp:featuredmedia":[{"embeddable":true,"href":"https:\/\/lucacastelli.com\/fr\/wp-json\/wp\/v2\/media\/542533"}],"wp:attachment":[{"href":"https:\/\/lucacastelli.com\/fr\/wp-json\/wp\/v2\/media?parent=624582"}],"wp:term":[{"taxonomy":"product_brand","embeddable":true,"href":"https:\/\/lucacastelli.com\/fr\/wp-json\/wp\/v2\/product_brand?post=624582"},{"taxonomy":"product_cat","embeddable":true,"href":"https:\/\/lucacastelli.com\/fr\/wp-json\/wp\/v2\/product_cat?post=624582"},{"taxonomy":"product_tag","embeddable":true,"href":"https:\/\/lucacastelli.com\/fr\/wp-json\/wp\/v2\/product_tag?post=624582"}],"curies":[{"name":"wp","href":"https:\/\/api.w.org\/{rel}","templated":true}]}}