{"id":624581,"date":"2025-08-08T17:45:50","date_gmt":"2025-08-08T15:45:50","guid":{"rendered":"https:\/\/lucacastelli.com\/prodotto\/taille-du-pex-milwaukee\/"},"modified":"2025-08-08T17:45:50","modified_gmt":"2025-08-08T15:45:50","slug":"taille-du-pex-milwaukee","status":"publish","type":"product","link":"https:\/\/lucacastelli.com\/fr\/produit\/taille-du-pex-milwaukee\/","title":{"rendered":"Taille du PEX Milwaukee"},"content":{"rendered":"<p>Coupeur de plastique<br \/>\nConvient \u00e0 divers types de mat\u00e9riaux, y compris PEX, PB, MDP, PE, tuyaux \u00e9lectriques en plastique, tuyaux pneumatiques, tuyaux en caoutchouc, tuyaux en silicone jusqu&#8217;\u00e0 25 mm de diam\u00e8tre;La conception de la lame en forme de V permet des coupes rapides et droites sans endommager le mat\u00e9riau;Lame rempla\u00e7able en acier inoxydable;Construction m\u00e9tallique robuste;M\u00e9canisme de verrouillage \u00e0 une main;T\u00eate r\u00e9sistante \u00e0 la corrosion<\/p>\n<p>4932479407<br \/>\n4058546372019<\/p>\n","protected":false},"excerpt":{"rendered":"<p>Coupeur de plastique<\/p>\n","protected":false},"featured_media":543684,"template":"","meta":{"_seopress_robots_primary_cat":"","_seopress_titles_title":"","_seopress_titles_desc":"","_seopress_robots_index":""},"product_brand":[3407],"product_cat":[5416,33],"product_tag":[3270],"class_list":{"0":"post-624581","1":"product","2":"type-product","3":"status-publish","4":"has-post-thumbnail","6":"product_brand-milwaukee","7":"product_cat-utensili-per-officina","8":"product_cat-attrezzature","9":"product_tag-import-milwau","10":"sws-conto-ricavi-merci-rivendita-macchinari-fr","11":"sws-gruppo-iva-iva81-fr","13":"first","14":"onbackorder","15":"sale","16":"shipping-taxable","17":"purchasable","18":"product-type-simple"},"_links":{"self":[{"href":"https:\/\/lucacastelli.com\/fr\/wp-json\/wp\/v2\/product\/624581","targetHints":{"allow":["GET"]}}],"collection":[{"href":"https:\/\/lucacastelli.com\/fr\/wp-json\/wp\/v2\/product"}],"about":[{"href":"https:\/\/lucacastelli.com\/fr\/wp-json\/wp\/v2\/types\/product"}],"wp:featuredmedia":[{"embeddable":true,"href":"https:\/\/lucacastelli.com\/fr\/wp-json\/wp\/v2\/media\/543684"}],"wp:attachment":[{"href":"https:\/\/lucacastelli.com\/fr\/wp-json\/wp\/v2\/media?parent=624581"}],"wp:term":[{"taxonomy":"product_brand","embeddable":true,"href":"https:\/\/lucacastelli.com\/fr\/wp-json\/wp\/v2\/product_brand?post=624581"},{"taxonomy":"product_cat","embeddable":true,"href":"https:\/\/lucacastelli.com\/fr\/wp-json\/wp\/v2\/product_cat?post=624581"},{"taxonomy":"product_tag","embeddable":true,"href":"https:\/\/lucacastelli.com\/fr\/wp-json\/wp\/v2\/product_tag?post=624581"}],"curies":[{"name":"wp","href":"https:\/\/api.w.org\/{rel}","templated":true}]}}