{"id":624574,"date":"2025-08-08T17:45:47","date_gmt":"2025-08-08T15:45:47","guid":{"rendered":"https:\/\/lucacastelli.com\/prodotto\/milwaukee-coupe-tubes-8\/"},"modified":"2025-08-08T17:45:47","modified_gmt":"2025-08-08T15:45:47","slug":"milwaukee-coupe-tubes-8","status":"publish","type":"product","link":"https:\/\/lucacastelli.com\/fr\/produit\/milwaukee-coupe-tubes-8\/","title":{"rendered":"MILWAUKEE Coupe-tubes"},"content":{"rendered":"<p>Coupe-tubes Inox \u00e0 oscillation constante 42mm<br \/>\nGuide \u00e0 rouleaux stabilisateurs chrom\u00e9s 4 pour des coupes pr\u00e9cises;Conception \u00e0 oscillation constante pour des coupes droites et de qualit\u00e9;M\u00e9canisme de verrouillage facile \u00e0 utiliser;Convient aux pi\u00e8ces de tubes en acier inoxydable;\u00c9bavureur int\u00e9gr\u00e9<\/p>\n<p>4932499089<br \/>\n4058546529581<\/p>\n","protected":false},"excerpt":{"rendered":"<p>Coupe-tube Constant Swing Inox 42mm<\/p>\n","protected":false},"featured_media":599577,"template":"","meta":{"_seopress_robots_primary_cat":"","_seopress_titles_title":"","_seopress_titles_desc":"","_seopress_robots_index":""},"product_brand":[3658],"product_cat":[144,5417],"product_tag":[3273],"class_list":{"0":"post-624574","1":"product","2":"type-product","3":"status-publish","4":"has-post-thumbnail","6":"product_brand-milwaukee-fr","7":"product_cat-equipement","8":"product_cat-outils-pour-atelier","9":"product_tag-import-milwau-fr","10":"sws-conto-ricavi-merci-rivendita-macchinari-fr","11":"sws-gruppo-iva-iva81-fr","13":"first","14":"onbackorder","15":"sale","16":"shipping-taxable","17":"purchasable","18":"product-type-simple"},"_links":{"self":[{"href":"https:\/\/lucacastelli.com\/fr\/wp-json\/wp\/v2\/product\/624574","targetHints":{"allow":["GET"]}}],"collection":[{"href":"https:\/\/lucacastelli.com\/fr\/wp-json\/wp\/v2\/product"}],"about":[{"href":"https:\/\/lucacastelli.com\/fr\/wp-json\/wp\/v2\/types\/product"}],"wp:featuredmedia":[{"embeddable":true,"href":"https:\/\/lucacastelli.com\/fr\/wp-json\/wp\/v2\/media\/599577"}],"wp:attachment":[{"href":"https:\/\/lucacastelli.com\/fr\/wp-json\/wp\/v2\/media?parent=624574"}],"wp:term":[{"taxonomy":"product_brand","embeddable":true,"href":"https:\/\/lucacastelli.com\/fr\/wp-json\/wp\/v2\/product_brand?post=624574"},{"taxonomy":"product_cat","embeddable":true,"href":"https:\/\/lucacastelli.com\/fr\/wp-json\/wp\/v2\/product_cat?post=624574"},{"taxonomy":"product_tag","embeddable":true,"href":"https:\/\/lucacastelli.com\/fr\/wp-json\/wp\/v2\/product_tag?post=624574"}],"curies":[{"name":"wp","href":"https:\/\/api.w.org\/{rel}","templated":true}]}}