{"id":624573,"date":"2025-08-08T17:45:44","date_gmt":"2025-08-08T15:45:44","guid":{"rendered":"https:\/\/lucacastelli.com\/prodotto\/milwaukee-coupe-tubes-7\/"},"modified":"2025-08-08T17:45:44","modified_gmt":"2025-08-08T15:45:44","slug":"milwaukee-coupe-tubes-7","status":"publish","type":"product","link":"https:\/\/lucacastelli.com\/fr\/produit\/milwaukee-coupe-tubes-7\/","title":{"rendered":"MILWAUKEE Coupe-tubes"},"content":{"rendered":"<p>Coupe-tube Inox \u00e0 oscillation constante 29mm<br \/>\nGuide \u00e0 rouleaux stabilisateurs chrom\u00e9s 4 pour des coupes pr\u00e9cises;Conception \u00e0 oscillation constante pour des coupes droites et de qualit\u00e9;M\u00e9canisme de verrouillage facile \u00e0 utiliser;Convient aux tubes en acier inoxydable pi\u00e8ces<\/p>\n<p>4932499088<br \/>\n4058546529574<\/p>\n","protected":false},"excerpt":{"rendered":"<p>Coupe-tube Constant Swing Inox 29mm<\/p>\n","protected":false},"featured_media":589342,"template":"","meta":{"_seopress_robots_primary_cat":"","_seopress_titles_title":"","_seopress_titles_desc":"","_seopress_robots_index":""},"product_brand":[3407],"product_cat":[5416,33],"product_tag":[3270],"class_list":{"0":"post-624573","1":"product","2":"type-product","3":"status-publish","4":"has-post-thumbnail","6":"product_brand-milwaukee","7":"product_cat-utensili-per-officina","8":"product_cat-attrezzature","9":"product_tag-import-milwau","10":"sws-conto-ricavi-merci-rivendita-macchinari-fr","11":"sws-gruppo-iva-iva81-fr","13":"first","14":"onbackorder","15":"sale","16":"shipping-taxable","17":"purchasable","18":"product-type-simple"},"_links":{"self":[{"href":"https:\/\/lucacastelli.com\/fr\/wp-json\/wp\/v2\/product\/624573","targetHints":{"allow":["GET"]}}],"collection":[{"href":"https:\/\/lucacastelli.com\/fr\/wp-json\/wp\/v2\/product"}],"about":[{"href":"https:\/\/lucacastelli.com\/fr\/wp-json\/wp\/v2\/types\/product"}],"wp:featuredmedia":[{"embeddable":true,"href":"https:\/\/lucacastelli.com\/fr\/wp-json\/wp\/v2\/media\/589342"}],"wp:attachment":[{"href":"https:\/\/lucacastelli.com\/fr\/wp-json\/wp\/v2\/media?parent=624573"}],"wp:term":[{"taxonomy":"product_brand","embeddable":true,"href":"https:\/\/lucacastelli.com\/fr\/wp-json\/wp\/v2\/product_brand?post=624573"},{"taxonomy":"product_cat","embeddable":true,"href":"https:\/\/lucacastelli.com\/fr\/wp-json\/wp\/v2\/product_cat?post=624573"},{"taxonomy":"product_tag","embeddable":true,"href":"https:\/\/lucacastelli.com\/fr\/wp-json\/wp\/v2\/product_tag?post=624573"}],"curies":[{"name":"wp","href":"https:\/\/api.w.org\/{rel}","templated":true}]}}