{"id":624560,"date":"2025-08-08T17:45:42","date_gmt":"2025-08-08T15:45:42","guid":{"rendered":"https:\/\/lucacastelli.com\/prodotto\/milwaukee-coupe-boulons\/"},"modified":"2025-08-08T17:45:42","modified_gmt":"2025-08-08T15:45:42","slug":"milwaukee-coupe-boulons","status":"publish","type":"product","link":"https:\/\/lucacastelli.com\/fr\/produit\/milwaukee-coupe-boulons\/","title":{"rendered":"Milwaukee coupe-boulons"},"content":{"rendered":"<p>610MM -1pcs<br \/>\nLames en acier forg\u00e9 pour une plus grande r\u00e9sistance et durabilit\u00e9;Poign\u00e9es ergonomiques pour un maximum de confort m\u00eame lors d&#8217;applications en s\u00e9rie;Vis de r\u00e9glage des lames assurant une haute performance et une longue dur\u00e9e de vie;Arrangement pour la pr\u00e9vention des chutes lacets<\/p>\n<p>4932464826<br \/>\n4058546227715<\/p>\n","protected":false},"excerpt":{"rendered":"<p>BOULONS 610MM -1pcs<\/p>\n","protected":false},"featured_media":529815,"template":"","meta":{"_seopress_robots_primary_cat":"","_seopress_titles_title":"","_seopress_titles_desc":"","_seopress_robots_index":""},"product_brand":[3407],"product_cat":[5416,33],"product_tag":[3270],"class_list":{"0":"post-624560","1":"product","2":"type-product","3":"status-publish","4":"has-post-thumbnail","6":"product_brand-milwaukee","7":"product_cat-utensili-per-officina","8":"product_cat-attrezzature","9":"product_tag-import-milwau","10":"sws-conto-ricavi-merci-rivendita-macchinari-fr","11":"sws-gruppo-iva-iva81-fr","13":"first","14":"onbackorder","15":"sale","16":"shipping-taxable","17":"purchasable","18":"product-type-simple"},"_links":{"self":[{"href":"https:\/\/lucacastelli.com\/fr\/wp-json\/wp\/v2\/product\/624560","targetHints":{"allow":["GET"]}}],"collection":[{"href":"https:\/\/lucacastelli.com\/fr\/wp-json\/wp\/v2\/product"}],"about":[{"href":"https:\/\/lucacastelli.com\/fr\/wp-json\/wp\/v2\/types\/product"}],"wp:featuredmedia":[{"embeddable":true,"href":"https:\/\/lucacastelli.com\/fr\/wp-json\/wp\/v2\/media\/529815"}],"wp:attachment":[{"href":"https:\/\/lucacastelli.com\/fr\/wp-json\/wp\/v2\/media?parent=624560"}],"wp:term":[{"taxonomy":"product_brand","embeddable":true,"href":"https:\/\/lucacastelli.com\/fr\/wp-json\/wp\/v2\/product_brand?post=624560"},{"taxonomy":"product_cat","embeddable":true,"href":"https:\/\/lucacastelli.com\/fr\/wp-json\/wp\/v2\/product_cat?post=624560"},{"taxonomy":"product_tag","embeddable":true,"href":"https:\/\/lucacastelli.com\/fr\/wp-json\/wp\/v2\/product_tag?post=624560"}],"curies":[{"name":"wp","href":"https:\/\/api.w.org\/{rel}","templated":true}]}}