{"id":624558,"date":"2025-08-08T17:45:40","date_gmt":"2025-08-08T15:45:40","guid":{"rendered":"https:\/\/lucacastelli.com\/prodotto\/milwaukee-coupe-boulons-extensible\/"},"modified":"2025-08-08T17:45:40","modified_gmt":"2025-08-08T15:45:40","slug":"milwaukee-coupe-boulons-extensible","status":"publish","type":"product","link":"https:\/\/lucacastelli.com\/fr\/produit\/milwaukee-coupe-boulons-extensible\/","title":{"rendered":"Milwaukee Coupe-boulons extensible"},"content":{"rendered":"<p>EXTENSIBIL 360 \/458MM -1pcs<br \/>\nPoign\u00e9es t\u00e9lescopiques POWERMOVE\u2122 pour faciliter les applications les plus lourdes;Lames en acier forg\u00e9 pour une plus grande r\u00e9sistance et durabilit\u00e9;T\u00eate inclinable pour toutes les applications;Poign\u00e9es ergonomiques pour un maximum de confort m\u00eame lors des applications en s\u00e9rie;Disposition pour la longe antichute<\/p>\n<p>4932464850<br \/>\n4058546227951.<\/p>\n","protected":false},"excerpt":{"rendered":"<p>BOULONS EXTENSIBLES 360 \/458MM -1pcs<\/p>\n","protected":false},"featured_media":530028,"template":"","meta":{"_seopress_robots_primary_cat":"","_seopress_titles_title":"","_seopress_titles_desc":"","_seopress_robots_index":""},"product_brand":[3658],"product_cat":[5417,144],"product_tag":[3273],"class_list":{"0":"post-624558","1":"product","2":"type-product","3":"status-publish","4":"has-post-thumbnail","6":"product_brand-milwaukee-fr","7":"product_cat-outils-pour-atelier","8":"product_cat-equipement","9":"product_tag-import-milwau-fr","10":"sws-conto-ricavi-merci-rivendita-macchinari-fr","11":"sws-gruppo-iva-iva81-fr","13":"first","14":"onbackorder","15":"sale","16":"shipping-taxable","17":"purchasable","18":"product-type-simple"},"_links":{"self":[{"href":"https:\/\/lucacastelli.com\/fr\/wp-json\/wp\/v2\/product\/624558","targetHints":{"allow":["GET"]}}],"collection":[{"href":"https:\/\/lucacastelli.com\/fr\/wp-json\/wp\/v2\/product"}],"about":[{"href":"https:\/\/lucacastelli.com\/fr\/wp-json\/wp\/v2\/types\/product"}],"wp:featuredmedia":[{"embeddable":true,"href":"https:\/\/lucacastelli.com\/fr\/wp-json\/wp\/v2\/media\/530028"}],"wp:attachment":[{"href":"https:\/\/lucacastelli.com\/fr\/wp-json\/wp\/v2\/media?parent=624558"}],"wp:term":[{"taxonomy":"product_brand","embeddable":true,"href":"https:\/\/lucacastelli.com\/fr\/wp-json\/wp\/v2\/product_brand?post=624558"},{"taxonomy":"product_cat","embeddable":true,"href":"https:\/\/lucacastelli.com\/fr\/wp-json\/wp\/v2\/product_cat?post=624558"},{"taxonomy":"product_tag","embeddable":true,"href":"https:\/\/lucacastelli.com\/fr\/wp-json\/wp\/v2\/product_tag?post=624558"}],"curies":[{"name":"wp","href":"https:\/\/api.w.org\/{rel}","templated":true}]}}