{"id":624557,"date":"2025-08-08T17:45:38","date_gmt":"2025-08-08T15:45:38","guid":{"rendered":"https:\/\/lucacastelli.com\/prodotto\/milwaukee-crochets\/"},"modified":"2025-08-08T17:45:38","modified_gmt":"2025-08-08T15:45:38","slug":"milwaukee-crochets","status":"publish","type":"product","link":"https:\/\/lucacastelli.com\/fr\/produit\/milwaukee-crochets\/","title":{"rendered":"Milwaukee Crochets"},"content":{"rendered":"<p>SET 8 PZ KNIVES No. 3<br \/>\nFabriqu\u00e9 en m\u00e9tal durable et chrom\u00e9 pour une meilleure protection contre la rouille;La partie m\u00e9tallique chrom\u00e9e r\u00e9duit la corrosion et offre une meilleure protection contre la rouille;La poign\u00e9e caoutchout\u00e9e augmente le contr\u00f4le et le confort pendant l&#8217;application;Fourni dans un contenant facile \u00e0 ouvrir<\/p>\n<p>4932480569<br \/>\n4058546408541<\/p>\n","protected":false},"excerpt":{"rendered":"<p>SET 8 PCS CROCHETS NO. 3<\/p>\n","protected":false},"featured_media":483871,"template":"","meta":{"_seopress_robots_primary_cat":"","_seopress_titles_title":"","_seopress_titles_desc":"","_seopress_robots_index":""},"product_brand":[3407],"product_cat":[5416,33],"product_tag":[3270],"class_list":{"0":"post-624557","1":"product","2":"type-product","3":"status-publish","4":"has-post-thumbnail","6":"product_brand-milwaukee","7":"product_cat-utensili-per-officina","8":"product_cat-attrezzature","9":"product_tag-import-milwau","10":"sws-conto-ricavi-merci-rivendita-macchinari-fr","11":"sws-gruppo-iva-iva81-fr","13":"first","14":"onbackorder","15":"sale","16":"shipping-taxable","17":"purchasable","18":"product-type-simple"},"_links":{"self":[{"href":"https:\/\/lucacastelli.com\/fr\/wp-json\/wp\/v2\/product\/624557","targetHints":{"allow":["GET"]}}],"collection":[{"href":"https:\/\/lucacastelli.com\/fr\/wp-json\/wp\/v2\/product"}],"about":[{"href":"https:\/\/lucacastelli.com\/fr\/wp-json\/wp\/v2\/types\/product"}],"wp:featuredmedia":[{"embeddable":true,"href":"https:\/\/lucacastelli.com\/fr\/wp-json\/wp\/v2\/media\/483871"}],"wp:attachment":[{"href":"https:\/\/lucacastelli.com\/fr\/wp-json\/wp\/v2\/media?parent=624557"}],"wp:term":[{"taxonomy":"product_brand","embeddable":true,"href":"https:\/\/lucacastelli.com\/fr\/wp-json\/wp\/v2\/product_brand?post=624557"},{"taxonomy":"product_cat","embeddable":true,"href":"https:\/\/lucacastelli.com\/fr\/wp-json\/wp\/v2\/product_cat?post=624557"},{"taxonomy":"product_tag","embeddable":true,"href":"https:\/\/lucacastelli.com\/fr\/wp-json\/wp\/v2\/product_tag?post=624557"}],"curies":[{"name":"wp","href":"https:\/\/api.w.org\/{rel}","templated":true}]}}