{"id":624549,"date":"2025-08-08T17:38:03","date_gmt":"2025-08-08T15:38:03","guid":{"rendered":"https:\/\/lucacastelli.com\/prodotto\/milwaukee-m12-videoscope-pour-lautomobile\/"},"modified":"2025-08-08T17:38:03","modified_gmt":"2025-08-08T15:38:03","slug":"milwaukee-m12-videoscope-pour-lautomobile","status":"publish","type":"product","link":"https:\/\/lucacastelli.com\/fr\/produit\/milwaukee-m12-videoscope-pour-lautomobile\/","title":{"rendered":"Milwaukee M12\u2122 Videoscope pour l&#8217;automobile"},"content":{"rendered":"<p>M12 ATB-0C \/CAM\u00c9RAS D&#8217;INSPECTION<br \/>\nL&#8217;\u00e9cran 4.L&#8217;\u00e9cran LCD de 4,3\u2033 fournit des images nettes et claires et permet de voir les objets avec plus de d\u00e9tails;La section de cam\u00e9ra de 5,0 mm permet d&#8217;acc\u00e9der aux endroits \u00e9troits tels que les trous de bougie, les ports d&#8217;injecteur de carburant et les cylindres;Les doubles cam\u00e9ras avant et lat\u00e9rales assurent l&#8217;identification des fissures et autres probl\u00e8mes sur le moteur et d&#8217;autres zones du v\u00e9hicule;L&#8217;\u00e9cran rotatif \u00e0 270 degr\u00e9s offre \u00e0 l&#8217;utilisateur un contr\u00f4le fluide de l&#8217;image dans chaque position d&#8217;utilisation;La r\u00e9solution de la cam\u00e9ra 720p avec un zoom \u00e0 3 niveaux permet de se focaliser clairement et rapidement sur les points d&#8217;int\u00e9r\u00eat ;5 modes de luminosit\u00e9 fournissent le meilleur \u00e9clairage de sa cat\u00e9gorie, sans ombre ni \u00e9blouissement;Le c\u00e2ble de 0,9 m\u00e8tre offre suffisamment de flexibilit\u00e9 pour atteindre facilement et confortablement les zones les plus \u00e9troites du v\u00e9hicule;La carte micro SD de 32 Go incluse permet d&#8217;enregistrer et de stocker des images et des vid\u00e9os;La t\u00eate de cam\u00e9ra et le c\u00e2ble conformes \u00e0 la norme IP67 r\u00e9sistent aux conditions les plus difficiles;La batterie REDLITHIUM\u2122 offre une construction avanc\u00e9e du bloc-batterie pour une dur\u00e9e de vie plus longue et des performances constantes;Fonctionne avec toutes les batteries Milwaukee M12\u2122.<\/p>\n<p>4933493136<br \/>\n4058546480073<\/p>\n","protected":false},"excerpt":{"rendered":"<p>M12 ATB-0C \/CAM\u00c9RAS D&#8217;INSPECTION<\/p>\n","protected":false},"featured_media":584783,"template":"","meta":{"_seopress_robots_primary_cat":"","_seopress_titles_title":"","_seopress_titles_desc":"","_seopress_robots_index":""},"product_brand":[3407],"product_cat":[5531,29,514],"product_tag":[3270],"class_list":{"0":"post-624549","1":"product","2":"type-product","3":"status-publish","4":"has-post-thumbnail","6":"product_brand-milwaukee","7":"product_cat-vari-macchinari-milwaukee","8":"product_cat-macchinari","9":"product_cat-altri-dispositivi","10":"product_tag-import-milwau","11":"sws-conto-ricavi-merci-rivendita-macchinari-fr","12":"sws-gruppo-iva-iva81-fr","14":"first","15":"onbackorder","16":"sale","17":"shipping-taxable","18":"purchasable","19":"product-type-simple"},"_links":{"self":[{"href":"https:\/\/lucacastelli.com\/fr\/wp-json\/wp\/v2\/product\/624549","targetHints":{"allow":["GET"]}}],"collection":[{"href":"https:\/\/lucacastelli.com\/fr\/wp-json\/wp\/v2\/product"}],"about":[{"href":"https:\/\/lucacastelli.com\/fr\/wp-json\/wp\/v2\/types\/product"}],"wp:featuredmedia":[{"embeddable":true,"href":"https:\/\/lucacastelli.com\/fr\/wp-json\/wp\/v2\/media\/584783"}],"wp:attachment":[{"href":"https:\/\/lucacastelli.com\/fr\/wp-json\/wp\/v2\/media?parent=624549"}],"wp:term":[{"taxonomy":"product_brand","embeddable":true,"href":"https:\/\/lucacastelli.com\/fr\/wp-json\/wp\/v2\/product_brand?post=624549"},{"taxonomy":"product_cat","embeddable":true,"href":"https:\/\/lucacastelli.com\/fr\/wp-json\/wp\/v2\/product_cat?post=624549"},{"taxonomy":"product_tag","embeddable":true,"href":"https:\/\/lucacastelli.com\/fr\/wp-json\/wp\/v2\/product_tag?post=624549"}],"curies":[{"name":"wp","href":"https:\/\/api.w.org\/{rel}","templated":true}]}}