{"id":624544,"date":"2025-08-08T17:38:05","date_gmt":"2025-08-08T15:38:05","guid":{"rendered":"https:\/\/lucacastelli.com\/prodotto\/unites-daspiration-milwaukee\/"},"modified":"2025-08-08T17:38:05","modified_gmt":"2025-08-08T15:38:05","slug":"unites-daspiration-milwaukee","status":"publish","type":"product","link":"https:\/\/lucacastelli.com\/fr\/produit\/unites-daspiration-milwaukee\/","title":{"rendered":"Unit\u00e9s d\u2019aspiration MILWAUKEE"},"content":{"rendered":"<p>M18FDDEC-0 BTY.-SUCKER<br \/>\nFiltre HEPA avec une efficacit\u00e9 de d\u00e9poussi\u00e9rage de 99,75 % (particules inf\u00e9rieures \u00e0 0,3 micron);Grand r\u00e9servoir de collecte de la poussi\u00e8re;Le tube d&#8217;extraction de la poussi\u00e8re en aluminium est r\u00e9glable en fonction de la taille de la perceuse, avec une longueur maximale de 16 mm et une profondeur de 90 mm;Compatible avec la perceuse M18 FHAC16;Fonctionne avec toutes les batteries M18\u2122 Milwaukee\u00ae<\/p>\n<p>4933498587<br \/>\n4058546524562.<\/p>\n","protected":false},"excerpt":{"rendered":"<p>M18FDDEC-0 BTY.-SUCKER<\/p>\n","protected":false},"featured_media":589162,"template":"","meta":{"_seopress_robots_primary_cat":"","_seopress_titles_title":"","_seopress_titles_desc":"","_seopress_robots_index":""},"product_brand":[3407],"product_cat":[5531,29,514],"product_tag":[3270],"class_list":{"0":"post-624544","1":"product","2":"type-product","3":"status-publish","4":"has-post-thumbnail","6":"product_brand-milwaukee","7":"product_cat-vari-macchinari-milwaukee","8":"product_cat-macchinari","9":"product_cat-altri-dispositivi","10":"product_tag-import-milwau","11":"sws-conto-ricavi-merci-rivendita-macchinari-fr","12":"sws-gruppo-iva-iva81-fr","14":"first","15":"onbackorder","16":"sale","17":"shipping-taxable","18":"purchasable","19":"product-type-simple"},"_links":{"self":[{"href":"https:\/\/lucacastelli.com\/fr\/wp-json\/wp\/v2\/product\/624544","targetHints":{"allow":["GET"]}}],"collection":[{"href":"https:\/\/lucacastelli.com\/fr\/wp-json\/wp\/v2\/product"}],"about":[{"href":"https:\/\/lucacastelli.com\/fr\/wp-json\/wp\/v2\/types\/product"}],"wp:featuredmedia":[{"embeddable":true,"href":"https:\/\/lucacastelli.com\/fr\/wp-json\/wp\/v2\/media\/589162"}],"wp:attachment":[{"href":"https:\/\/lucacastelli.com\/fr\/wp-json\/wp\/v2\/media?parent=624544"}],"wp:term":[{"taxonomy":"product_brand","embeddable":true,"href":"https:\/\/lucacastelli.com\/fr\/wp-json\/wp\/v2\/product_brand?post=624544"},{"taxonomy":"product_cat","embeddable":true,"href":"https:\/\/lucacastelli.com\/fr\/wp-json\/wp\/v2\/product_cat?post=624544"},{"taxonomy":"product_tag","embeddable":true,"href":"https:\/\/lucacastelli.com\/fr\/wp-json\/wp\/v2\/product_tag?post=624544"}],"curies":[{"name":"wp","href":"https:\/\/api.w.org\/{rel}","templated":true}]}}