{"id":624543,"date":"2025-08-08T17:38:02","date_gmt":"2025-08-08T15:38:02","guid":{"rendered":"https:\/\/lucacastelli.com\/prodotto\/milwaukee-rouleaux-vibrants\/"},"modified":"2025-08-08T17:38:02","modified_gmt":"2025-08-08T15:38:02","slug":"milwaukee-rouleaux-vibrants","status":"publish","type":"product","link":"https:\/\/lucacastelli.com\/fr\/produit\/milwaukee-rouleaux-vibrants\/","title":{"rendered":"Milwaukee Rouleaux vibrants"},"content":{"rendered":"<p>MXFRAM60-122 RAMASSEUR DE CARBURANT MX<br \/>\nPilonneuse sans fil : \u00e9vite les \u00e9missions toxiques et les fum\u00e9es dans la tranch\u00e9e;Performance d&#8217;\u00e9clatement \u00e9gale pour une s\u00e9curit\u00e9 maximale de l&#8217;utilisateur;2 vitesses pour un contr\u00f4le maximal de l&#8217;utilisateur et pour s\u00e9lectionner la vitesse la plus appropri\u00e9e pour plus d&#8217;efficacit\u00e9;Boutons simples et intuitifs accessibles depuis la poign\u00e9e;Indicateur de l&#8217;\u00e9tat de charge de la batterie;Le syst\u00e8me MX FUEL permet d&#8217;atteindre de nouveaux horizons en mati\u00e8re de sans-fil. performance des solutions \u00e0 essence, filaires ou pneumatiques, en \u00e9liminant les risques li\u00e9s aux \u00e9missions, au bruit, aux vibrations, aux tr\u00e9buchements ainsi qu&#8217;\u00e0 l&#8217;entretien complexe;Le syst\u00e8me ONE-KEY\u2122 Tracking &amp; Security offre un suivi et une gestion des stocks gratuits bas\u00e9s sur le cloud, et dispose \u00e9galement d&#8217;une fonctionnalit\u00e9 de verrouillage \u00e0 distance.<\/p>\n<p>4933498159<br \/>\n4058546513191<\/p>\n","protected":false},"excerpt":{"rendered":"<p>MXFRAM60-122 RAMASSEUR DE CARBURANT MX<\/p>\n","protected":false},"featured_media":589019,"template":"","meta":{"_seopress_robots_primary_cat":"","_seopress_titles_title":"","_seopress_titles_desc":"","_seopress_robots_index":""},"product_brand":[3407],"product_cat":[5531,29,514],"product_tag":[3270],"class_list":{"0":"post-624543","1":"product","2":"type-product","3":"status-publish","4":"has-post-thumbnail","6":"product_brand-milwaukee","7":"product_cat-vari-macchinari-milwaukee","8":"product_cat-macchinari","9":"product_cat-altri-dispositivi","10":"product_tag-import-milwau","11":"sws-conto-ricavi-merci-rivendita-macchinari-fr","12":"sws-gruppo-iva-iva81-fr","14":"first","15":"onbackorder","16":"sale","17":"shipping-taxable","18":"purchasable","19":"product-type-simple"},"_links":{"self":[{"href":"https:\/\/lucacastelli.com\/fr\/wp-json\/wp\/v2\/product\/624543","targetHints":{"allow":["GET"]}}],"collection":[{"href":"https:\/\/lucacastelli.com\/fr\/wp-json\/wp\/v2\/product"}],"about":[{"href":"https:\/\/lucacastelli.com\/fr\/wp-json\/wp\/v2\/types\/product"}],"wp:featuredmedia":[{"embeddable":true,"href":"https:\/\/lucacastelli.com\/fr\/wp-json\/wp\/v2\/media\/589019"}],"wp:attachment":[{"href":"https:\/\/lucacastelli.com\/fr\/wp-json\/wp\/v2\/media?parent=624543"}],"wp:term":[{"taxonomy":"product_brand","embeddable":true,"href":"https:\/\/lucacastelli.com\/fr\/wp-json\/wp\/v2\/product_brand?post=624543"},{"taxonomy":"product_cat","embeddable":true,"href":"https:\/\/lucacastelli.com\/fr\/wp-json\/wp\/v2\/product_cat?post=624543"},{"taxonomy":"product_tag","embeddable":true,"href":"https:\/\/lucacastelli.com\/fr\/wp-json\/wp\/v2\/product_tag?post=624543"}],"curies":[{"name":"wp","href":"https:\/\/api.w.org\/{rel}","templated":true}]}}