{"id":624522,"date":"2025-08-08T18:06:46","date_gmt":"2025-08-08T16:06:46","guid":{"rendered":"https:\/\/lucacastelli.com\/prodotto\/milwaukee-trous-de-lentrepreneur-31\/"},"modified":"2025-08-08T18:06:46","modified_gmt":"2025-08-08T16:06:46","slug":"milwaukee-trous-de-lentrepreneur-31","status":"publish","type":"product","link":"https:\/\/lucacastelli.com\/fr\/produit\/milwaukee-trous-de-lentrepreneur-31\/","title":{"rendered":"Milwaukee trous de l&#8217;entrepreneur"},"content":{"rendered":"<p>67 MM CUP SAW &#8211; Contractor -1pcs<br \/>\nG\u00e9om\u00e9trie variable des dents 4\/6 dents par pouce pour des coupes rapides et une utilisation universelle;Construction bi-m\u00e9tallique des dents pour une durabilit\u00e9 maximale;Pour une utilisation universelle : acier, mat\u00e9riaux non ferreux, plaques de pl\u00e2tre, plastique<\/p>\n<p>4932464696<br \/>\n4058546226411<\/p>\n","protected":false},"excerpt":{"rendered":"<p>SAW SAW 67 MM &#8211; Contractor -1pcs<\/p>\n","protected":false},"featured_media":535353,"template":"","meta":{"_seopress_robots_primary_cat":"","_seopress_titles_title":"","_seopress_titles_desc":"","_seopress_robots_index":""},"product_brand":[3407],"product_cat":[29,514,549,550],"product_tag":[3270],"class_list":{"0":"post-624522","1":"product","2":"type-product","3":"status-publish","4":"has-post-thumbnail","6":"product_brand-milwaukee","7":"product_cat-macchinari","8":"product_cat-altri-dispositivi","9":"product_cat-trapani-e-avvitatori","10":"product_cat-accessori-per-trapani-ed-avvitatori","11":"product_tag-import-milwau","12":"sws-conto-ricavi-merci-rivendita-macchinari-fr","13":"sws-gruppo-iva-iva81-fr","15":"first","16":"onbackorder","17":"sale","18":"shipping-taxable","19":"purchasable","20":"product-type-simple"},"_links":{"self":[{"href":"https:\/\/lucacastelli.com\/fr\/wp-json\/wp\/v2\/product\/624522","targetHints":{"allow":["GET"]}}],"collection":[{"href":"https:\/\/lucacastelli.com\/fr\/wp-json\/wp\/v2\/product"}],"about":[{"href":"https:\/\/lucacastelli.com\/fr\/wp-json\/wp\/v2\/types\/product"}],"wp:featuredmedia":[{"embeddable":true,"href":"https:\/\/lucacastelli.com\/fr\/wp-json\/wp\/v2\/media\/535353"}],"wp:attachment":[{"href":"https:\/\/lucacastelli.com\/fr\/wp-json\/wp\/v2\/media?parent=624522"}],"wp:term":[{"taxonomy":"product_brand","embeddable":true,"href":"https:\/\/lucacastelli.com\/fr\/wp-json\/wp\/v2\/product_brand?post=624522"},{"taxonomy":"product_cat","embeddable":true,"href":"https:\/\/lucacastelli.com\/fr\/wp-json\/wp\/v2\/product_cat?post=624522"},{"taxonomy":"product_tag","embeddable":true,"href":"https:\/\/lucacastelli.com\/fr\/wp-json\/wp\/v2\/product_tag?post=624522"}],"curies":[{"name":"wp","href":"https:\/\/api.w.org\/{rel}","templated":true}]}}