{"id":624498,"date":"2025-08-08T18:06:37","date_gmt":"2025-08-08T16:06:37","guid":{"rendered":"https:\/\/lucacastelli.com\/prodotto\/milwaukee-trous-de-lentrepreneur-23\/"},"modified":"2025-08-08T18:06:37","modified_gmt":"2025-08-08T16:06:37","slug":"milwaukee-trous-de-lentrepreneur-23","status":"publish","type":"product","link":"https:\/\/lucacastelli.com\/fr\/produit\/milwaukee-trous-de-lentrepreneur-23\/","title":{"rendered":"Milwaukee trous de l&#8217;entrepreneur"},"content":{"rendered":"<p>SAW SAW 65 MM &#8211; Contractor -1pcs<br \/>\nG\u00e9om\u00e9trie variable des dents 4\/6 dents par pouce pour des coupes rapides et une utilisation universelle;Construction bi-m\u00e9tallique des dents pour une durabilit\u00e9 maximale;Pour une utilisation universelle : acier, mat\u00e9riaux non ferreux, plaques de pl\u00e2tre, plastique<\/p>\n<p>4932464695<br \/>\n4058546226404<\/p>\n","protected":false},"excerpt":{"rendered":"<p>SAW SAW 65 MM &#8211; Contractor -1pcs<\/p>\n","protected":false},"featured_media":0,"template":"","meta":{"_seopress_robots_primary_cat":"","_seopress_titles_title":"","_seopress_titles_desc":"","_seopress_robots_index":""},"product_brand":[3407],"product_cat":[29,514,549,550],"product_tag":[3270],"class_list":{"0":"post-624498","1":"product","2":"type-product","3":"status-publish","5":"product_brand-milwaukee","6":"product_cat-macchinari","7":"product_cat-altri-dispositivi","8":"product_cat-trapani-e-avvitatori","9":"product_cat-accessori-per-trapani-ed-avvitatori","10":"product_tag-import-milwau","11":"sws-conto-ricavi-merci-rivendita-macchinari-fr","12":"sws-gruppo-iva-iva81-fr","14":"first","15":"onbackorder","16":"sale","17":"shipping-taxable","18":"purchasable","19":"product-type-simple"},"_links":{"self":[{"href":"https:\/\/lucacastelli.com\/fr\/wp-json\/wp\/v2\/product\/624498","targetHints":{"allow":["GET"]}}],"collection":[{"href":"https:\/\/lucacastelli.com\/fr\/wp-json\/wp\/v2\/product"}],"about":[{"href":"https:\/\/lucacastelli.com\/fr\/wp-json\/wp\/v2\/types\/product"}],"wp:attachment":[{"href":"https:\/\/lucacastelli.com\/fr\/wp-json\/wp\/v2\/media?parent=624498"}],"wp:term":[{"taxonomy":"product_brand","embeddable":true,"href":"https:\/\/lucacastelli.com\/fr\/wp-json\/wp\/v2\/product_brand?post=624498"},{"taxonomy":"product_cat","embeddable":true,"href":"https:\/\/lucacastelli.com\/fr\/wp-json\/wp\/v2\/product_cat?post=624498"},{"taxonomy":"product_tag","embeddable":true,"href":"https:\/\/lucacastelli.com\/fr\/wp-json\/wp\/v2\/product_tag?post=624498"}],"curies":[{"name":"wp","href":"https:\/\/api.w.org\/{rel}","templated":true}]}}