{"id":624472,"date":"2025-08-08T17:56:25","date_gmt":"2025-08-08T15:56:25","guid":{"rendered":"https:\/\/lucacastelli.com\/prodotto\/milwaukee-buse-coudee-pour-souffleurs\/"},"modified":"2025-08-08T17:56:25","modified_gmt":"2025-08-08T15:56:25","slug":"milwaukee-buse-coudee-pour-souffleurs","status":"publish","type":"product","link":"https:\/\/lucacastelli.com\/fr\/produit\/milwaukee-buse-coudee-pour-souffleurs\/","title":{"rendered":"Milwaukee Buse coud\u00e9e pour souffleurs"},"content":{"rendered":"<p>Souffleurs \u00e0 embout coud\u00e9\/ACCESS SIST<br \/>\nCompatible avec tous les souffleurs Milwaukee, y compris QUIK-LOK\u2122<\/p>\n<p>4932498513<br \/>\n4058546523824.<\/p>\n","protected":false},"excerpt":{"rendered":"<p>Souffleurs \u00e0 buse inclin\u00e9e\/ACCESS SIST<\/p>\n","protected":false},"featured_media":567470,"template":"","meta":{"_seopress_robots_primary_cat":"","_seopress_titles_title":"","_seopress_titles_desc":"","_seopress_robots_index":""},"product_brand":[3407],"product_cat":[29,485,489],"product_tag":[3270],"class_list":{"0":"post-624472","1":"product","2":"type-product","3":"status-publish","4":"has-post-thumbnail","6":"product_brand-milwaukee","7":"product_cat-macchinari","8":"product_cat-soffiatori-e-aspiratori","9":"product_cat-soffiatori-a-batteria","10":"product_tag-import-milwau","11":"sws-conto-ricavi-merci-rivendita-macchinari-fr","12":"sws-gruppo-iva-iva81-fr","14":"first","15":"onbackorder","16":"sale","17":"shipping-taxable","18":"purchasable","19":"product-type-simple"},"_links":{"self":[{"href":"https:\/\/lucacastelli.com\/fr\/wp-json\/wp\/v2\/product\/624472","targetHints":{"allow":["GET"]}}],"collection":[{"href":"https:\/\/lucacastelli.com\/fr\/wp-json\/wp\/v2\/product"}],"about":[{"href":"https:\/\/lucacastelli.com\/fr\/wp-json\/wp\/v2\/types\/product"}],"wp:featuredmedia":[{"embeddable":true,"href":"https:\/\/lucacastelli.com\/fr\/wp-json\/wp\/v2\/media\/567470"}],"wp:attachment":[{"href":"https:\/\/lucacastelli.com\/fr\/wp-json\/wp\/v2\/media?parent=624472"}],"wp:term":[{"taxonomy":"product_brand","embeddable":true,"href":"https:\/\/lucacastelli.com\/fr\/wp-json\/wp\/v2\/product_brand?post=624472"},{"taxonomy":"product_cat","embeddable":true,"href":"https:\/\/lucacastelli.com\/fr\/wp-json\/wp\/v2\/product_cat?post=624472"},{"taxonomy":"product_tag","embeddable":true,"href":"https:\/\/lucacastelli.com\/fr\/wp-json\/wp\/v2\/product_tag?post=624472"}],"curies":[{"name":"wp","href":"https:\/\/api.w.org\/{rel}","templated":true}]}}