{"id":624471,"date":"2025-08-08T17:53:15","date_gmt":"2025-08-08T15:53:15","guid":{"rendered":"https:\/\/lucacastelli.com\/prodotto\/milwaukee-hss-fraises-coniques-en-cobalt-6\/"},"modified":"2026-04-15T22:59:56","modified_gmt":"2026-04-15T20:59:56","slug":"milwaukee-hss-fraises-coniques-en-cobalt-6","status":"publish","type":"product","link":"https:\/\/lucacastelli.com\/fr\/produit\/milwaukee-hss-fraises-coniques-en-cobalt-6\/","title":{"rendered":"MILWAUKEE Fraises \u00e0 noyer HSS Cobalt"},"content":{"rendered":"<p>FRAISE \u00c0 NOYER HSS-CO 16,5 MM<br \/>\nSelon la norme DIN 335C \/ angle de 90 degr\u00e9s ; 3 tranchants ; \u00c9bavurage et fraisage en une seule \u00e9tape selon la norme DIN 74\/75 ; G\u00e9om\u00e9trie de coupe optimis\u00e9e pour un centrage facile, une bonne \u00e9vacuation des copeaux et de faibles vibrations ; Dur\u00e9e de vie jusqu\u2019\u00e0 50 % sup\u00e9rieure \u00e0 celle des fraises HSS standard. N\u00e9cessite moins de force d\u2019avance ; La meilleure long\u00e9vit\u00e9 est obtenue avec l\u2019utilisation d\u2019un lubrifiant ; Convient pour l\u2019acier et l\u2019acier inoxydable &lt; 1100 N\/mm\u00b2, la fonte, l\u2019aluminium et le plastique <\/p>\n<p>4932493979<br \/>\n4058546511395<\/p>\n","protected":false},"excerpt":{"rendered":"<p>FRAISE \u00c0 NOYER HSS-CO 16,5 MM<\/p>\n","protected":false},"featured_media":564782,"template":"","meta":{"_seopress_robots_primary_cat":"","_seopress_titles_title":"","_seopress_titles_desc":"","_seopress_robots_index":""},"product_brand":[3407],"product_cat":[29,514,549,550],"product_tag":[3270],"class_list":{"0":"post-624471","1":"product","2":"type-product","3":"status-publish","4":"has-post-thumbnail","6":"product_brand-milwaukee","7":"product_cat-macchinari","8":"product_cat-altri-dispositivi","9":"product_cat-trapani-e-avvitatori","10":"product_cat-accessori-per-trapani-ed-avvitatori","11":"product_tag-import-milwau","12":"sws-conto-ricavi-merci-rivendita-macchinari-fr","13":"sws-gruppo-iva-iva81-fr","15":"first","16":"onbackorder","17":"sale","18":"shipping-taxable","19":"purchasable","20":"product-type-simple"},"_links":{"self":[{"href":"https:\/\/lucacastelli.com\/fr\/wp-json\/wp\/v2\/product\/624471","targetHints":{"allow":["GET"]}}],"collection":[{"href":"https:\/\/lucacastelli.com\/fr\/wp-json\/wp\/v2\/product"}],"about":[{"href":"https:\/\/lucacastelli.com\/fr\/wp-json\/wp\/v2\/types\/product"}],"wp:featuredmedia":[{"embeddable":true,"href":"https:\/\/lucacastelli.com\/fr\/wp-json\/wp\/v2\/media\/564782"}],"wp:attachment":[{"href":"https:\/\/lucacastelli.com\/fr\/wp-json\/wp\/v2\/media?parent=624471"}],"wp:term":[{"taxonomy":"product_brand","embeddable":true,"href":"https:\/\/lucacastelli.com\/fr\/wp-json\/wp\/v2\/product_brand?post=624471"},{"taxonomy":"product_cat","embeddable":true,"href":"https:\/\/lucacastelli.com\/fr\/wp-json\/wp\/v2\/product_cat?post=624471"},{"taxonomy":"product_tag","embeddable":true,"href":"https:\/\/lucacastelli.com\/fr\/wp-json\/wp\/v2\/product_tag?post=624471"}],"curies":[{"name":"wp","href":"https:\/\/api.w.org\/{rel}","templated":true}]}}