{"id":624449,"date":"2025-08-08T17:51:23","date_gmt":"2025-08-08T15:51:23","guid":{"rendered":"https:\/\/lucacastelli.com\/prodotto\/milwaukee-m18-scie-telescopique-sans-balais\/"},"modified":"2025-08-08T17:51:23","modified_gmt":"2025-08-08T15:51:23","slug":"milwaukee-m18-scie-telescopique-sans-balais","status":"publish","type":"product","link":"https:\/\/lucacastelli.com\/fr\/produit\/milwaukee-m18-scie-telescopique-sans-balais\/","title":{"rendered":"Milwaukee M18 Scie t\u00e9lescopique sans balais"},"content":{"rendered":"<p>M18BLTS-0 BL CISAILLE T\u00c9LESCOPIQUE<br \/>\nA la puissance n\u00e9cessaire pour couper des branches jusqu&#8217;\u00e0 4,4 cm;Perche t\u00e9lescopique avec longueur de collier \u00e0 r\u00e9glage rapide permettant un ajustement optimal de 2,1 \u00e0 3 m\u00e8tres;Jusqu&#8217;\u00e0 2 000 coupes sur des branches de bois tendre de 2,5 cm avec 1 M18 OUTPUT\u2122 Battery 5.5 Ah;Rev\u00eatement externe de l&#8217;arbre pour un meilleur contr\u00f4le et une prise en main optimale;Le crochet de branche r\u00e9tractable permet \u00e0 l&#8217;utilisateur de maintenir un profil comprim\u00e9 pour un meilleur acc\u00e8s ou d&#8217;arracher les branches coinc\u00e9es;Le moteur sans balais, l&#8217;\u00e9lectronique REDLINK PLUS\u2122 et la batterie REDLITHIUM\u2122 offrent des performances et une durabilit\u00e9 sup\u00e9rieures;Fonctionne avec toutes les batteries M18 MILWAUKEEE\u00ae.<\/p>\n<p>4933480865<br \/>\n4058546411503<\/p>\n","protected":false},"excerpt":{"rendered":"<p>M18BLTS-0 BL CISAILLE T\u00c9LESCOPIQUE<\/p>\n","protected":false},"featured_media":583004,"template":"","meta":{"_seopress_robots_primary_cat":"","_seopress_titles_title":"","_seopress_titles_desc":"","_seopress_robots_index":""},"product_brand":[3658],"product_cat":[167,1690,1626],"product_tag":[3273],"class_list":{"0":"post-624449","1":"product","2":"type-product","3":"status-publish","4":"has-post-thumbnail","6":"product_brand-milwaukee-fr","7":"product_cat-machines","8":"product_cat-taille-haies-et-elagueurs","9":"product_cat-taille-haies-et-elagueurs-a-batterie","10":"product_tag-import-milwau-fr","11":"sws-conto-ricavi-merci-rivendita-macchinari-fr","12":"sws-gruppo-iva-iva81-fr","14":"first","15":"onbackorder","16":"sale","17":"shipping-taxable","18":"purchasable","19":"product-type-simple"},"_links":{"self":[{"href":"https:\/\/lucacastelli.com\/fr\/wp-json\/wp\/v2\/product\/624449","targetHints":{"allow":["GET"]}}],"collection":[{"href":"https:\/\/lucacastelli.com\/fr\/wp-json\/wp\/v2\/product"}],"about":[{"href":"https:\/\/lucacastelli.com\/fr\/wp-json\/wp\/v2\/types\/product"}],"wp:featuredmedia":[{"embeddable":true,"href":"https:\/\/lucacastelli.com\/fr\/wp-json\/wp\/v2\/media\/583004"}],"wp:attachment":[{"href":"https:\/\/lucacastelli.com\/fr\/wp-json\/wp\/v2\/media?parent=624449"}],"wp:term":[{"taxonomy":"product_brand","embeddable":true,"href":"https:\/\/lucacastelli.com\/fr\/wp-json\/wp\/v2\/product_brand?post=624449"},{"taxonomy":"product_cat","embeddable":true,"href":"https:\/\/lucacastelli.com\/fr\/wp-json\/wp\/v2\/product_cat?post=624449"},{"taxonomy":"product_tag","embeddable":true,"href":"https:\/\/lucacastelli.com\/fr\/wp-json\/wp\/v2\/product_tag?post=624449"}],"curies":[{"name":"wp","href":"https:\/\/api.w.org\/{rel}","templated":true}]}}