{"id":624446,"date":"2025-08-08T17:50:18","date_gmt":"2025-08-08T15:50:18","guid":{"rendered":"https:\/\/lucacastelli.com\/prodotto\/coupe-bordure-milwaukee-4\/"},"modified":"2025-08-08T17:50:18","modified_gmt":"2025-08-08T15:50:18","slug":"coupe-bordure-milwaukee-4","status":"publish","type":"product","link":"https:\/\/lucacastelli.com\/fr\/produit\/coupe-bordure-milwaukee-4\/","title":{"rendered":"Coupe-bordure Milwaukee"},"content":{"rendered":"<p>M18 FHETE22-0 \/ TAILLE-HAIE<br \/>\nLongueur totale de 216 cm, pour permettre des applications a\u00e9riennes maniables ;Lame bilat\u00e9rale \u00e0 triple tranchant de 60 cm pour des coupes nettes ;Espacement des dents de 25 mm, avec une puissance permettant de couper des branches de bois dur jusqu&#8217;\u00e0 22 mm de diam\u00e8tre.13 positions de fonctionnement offrent un ensemble de lames rotatives \u00e0 270 degr\u00e9s qui permettent d&#8217;acc\u00e9der aux zones difficiles d&#8217;acc\u00e8s;Poign\u00e9e rotative, r\u00e9duit la fatigue du haut du corps;Position de rangement qui permet \u00e0 l&#8217;utilisateur de transporter l&#8217;outil en toute s\u00e9curit\u00e9;Jusqu&#8217;\u00e0 50 minutes d&#8217;autonomie avec 1 M18 FORGE\u2122 8.0 Ah;Comprend une poign\u00e9e amovible pour un meilleur contr\u00f4le;Poign\u00e9e rembourr\u00e9e pour un positionnement optimal de la main et un meilleur confort;Protection de l&#8217;extr\u00e9mit\u00e9 des lames pour prot\u00e9ger les lames elles-m\u00eames et \u00e9viter d&#8217;endommager accidentellement des cl\u00f4tures ou d&#8217;autres objets;La technologie FUEL red\u00e9finit les outils \u00e9lectriques sans fil. Le moteur sans balais, l&#8217;\u00e9lectronique REDLINK PLUS\u2122 et le bloc-batterie REDLITHIUM\u2122 offrent des performances et une durabilit\u00e9 sup\u00e9rieures;Fonctionne avec toutes les batteries M18 MILWAUKEEE\u00ae. <\/p>\n<p>4933498515<br \/>\n4058546523848<\/p>\n","protected":false},"excerpt":{"rendered":"<p>M18 FHETE22-0 \/ TAILLE-HAIE<\/p>\n","protected":false},"featured_media":589249,"template":"","meta":{"_seopress_robots_primary_cat":"","_seopress_titles_title":"","_seopress_titles_desc":"","_seopress_robots_index":""},"product_brand":[3407],"product_cat":[29,282,267],"product_tag":[3270],"class_list":{"0":"post-624446","1":"product","2":"type-product","3":"status-publish","4":"has-post-thumbnail","6":"product_brand-milwaukee","7":"product_cat-macchinari","8":"product_cat-tosasiepi-e-potatori-a-batteria","9":"product_cat-tosasiepi-e-potatori","10":"product_tag-import-milwau","11":"sws-conto-ricavi-merci-rivendita-macchinari-fr","12":"sws-gruppo-iva-iva81-fr","14":"first","15":"onbackorder","16":"sale","17":"shipping-taxable","18":"purchasable","19":"product-type-simple"},"_links":{"self":[{"href":"https:\/\/lucacastelli.com\/fr\/wp-json\/wp\/v2\/product\/624446","targetHints":{"allow":["GET"]}}],"collection":[{"href":"https:\/\/lucacastelli.com\/fr\/wp-json\/wp\/v2\/product"}],"about":[{"href":"https:\/\/lucacastelli.com\/fr\/wp-json\/wp\/v2\/types\/product"}],"wp:featuredmedia":[{"embeddable":true,"href":"https:\/\/lucacastelli.com\/fr\/wp-json\/wp\/v2\/media\/589249"}],"wp:attachment":[{"href":"https:\/\/lucacastelli.com\/fr\/wp-json\/wp\/v2\/media?parent=624446"}],"wp:term":[{"taxonomy":"product_brand","embeddable":true,"href":"https:\/\/lucacastelli.com\/fr\/wp-json\/wp\/v2\/product_brand?post=624446"},{"taxonomy":"product_cat","embeddable":true,"href":"https:\/\/lucacastelli.com\/fr\/wp-json\/wp\/v2\/product_cat?post=624446"},{"taxonomy":"product_tag","embeddable":true,"href":"https:\/\/lucacastelli.com\/fr\/wp-json\/wp\/v2\/product_tag?post=624446"}],"curies":[{"name":"wp","href":"https:\/\/api.w.org\/{rel}","templated":true}]}}