{"id":624439,"date":"2025-08-08T17:50:16","date_gmt":"2025-08-08T15:50:16","guid":{"rendered":"https:\/\/lucacastelli.com\/prodotto\/milwaukee-m18-foph-multi-outil-compact-taille-haie\/"},"modified":"2025-08-08T17:50:16","modified_gmt":"2025-08-08T15:50:16","slug":"milwaukee-m18-foph-multi-outil-compact-taille-haie","status":"publish","type":"product","link":"https:\/\/lucacastelli.com\/fr\/produit\/milwaukee-m18-foph-multi-outil-compact-taille-haie\/","title":{"rendered":"Milwaukee M18 FOPH multi-outil compact taille-haie"},"content":{"rendered":"<p>M18 FOPH-SHTA \/MULTIUTENSILE<br \/>\nCapable de couper des branches jusqu&#8217;\u00e0 19 mm de diam\u00e8tre;La lame de 50,8 cm coupe plus de mati\u00e8re en un seul passage, ce qui augmente la port\u00e9e et la productivit\u00e9;Le prot\u00e8ge-embout emp\u00eache la lame d&#8217;endommager les cl\u00f4tures ou autres objets durs;Le capot prot\u00e8ge enti\u00e8rement la lame, ce qui la rend s\u00fbre pour le stockage et le transport ;La courte longueur en fait l&#8217;accessoire parfait pour les travaux topiaires et les grandes haies;L&#8217;arbre droit rend l&#8217;outil plus robuste et le faible poids le rend plus confortable pour l&#8217;utilisateur;Taille-haie compact pour outils de jardin M18 FOPH<\/p>\n<p>4932492666<br \/>\n4058546475376.<\/p>\n","protected":false},"excerpt":{"rendered":"<p>M18 FOPH-SHTA \/MULTI-TOOL<\/p>\n","protected":false},"featured_media":557867,"template":"","meta":{"_seopress_robots_primary_cat":"","_seopress_titles_title":"","_seopress_titles_desc":"","_seopress_robots_index":""},"product_brand":[3407],"product_cat":[29,282,267],"product_tag":[3270],"class_list":{"0":"post-624439","1":"product","2":"type-product","3":"status-publish","4":"has-post-thumbnail","6":"product_brand-milwaukee","7":"product_cat-macchinari","8":"product_cat-tosasiepi-e-potatori-a-batteria","9":"product_cat-tosasiepi-e-potatori","10":"product_tag-import-milwau","11":"sws-conto-ricavi-merci-rivendita-macchinari-fr","12":"sws-gruppo-iva-iva81-fr","14":"first","15":"onbackorder","16":"sale","17":"shipping-taxable","18":"purchasable","19":"product-type-simple"},"_links":{"self":[{"href":"https:\/\/lucacastelli.com\/fr\/wp-json\/wp\/v2\/product\/624439","targetHints":{"allow":["GET"]}}],"collection":[{"href":"https:\/\/lucacastelli.com\/fr\/wp-json\/wp\/v2\/product"}],"about":[{"href":"https:\/\/lucacastelli.com\/fr\/wp-json\/wp\/v2\/types\/product"}],"wp:featuredmedia":[{"embeddable":true,"href":"https:\/\/lucacastelli.com\/fr\/wp-json\/wp\/v2\/media\/557867"}],"wp:attachment":[{"href":"https:\/\/lucacastelli.com\/fr\/wp-json\/wp\/v2\/media?parent=624439"}],"wp:term":[{"taxonomy":"product_brand","embeddable":true,"href":"https:\/\/lucacastelli.com\/fr\/wp-json\/wp\/v2\/product_brand?post=624439"},{"taxonomy":"product_cat","embeddable":true,"href":"https:\/\/lucacastelli.com\/fr\/wp-json\/wp\/v2\/product_cat?post=624439"},{"taxonomy":"product_tag","embeddable":true,"href":"https:\/\/lucacastelli.com\/fr\/wp-json\/wp\/v2\/product_tag?post=624439"}],"curies":[{"name":"wp","href":"https:\/\/api.w.org\/{rel}","templated":true}]}}